{"id":141,"date":"2024-01-09T08:05:10","date_gmt":"2024-01-09T08:05:10","guid":{"rendered":"https:\/\/archi2.oceanthemes.site\/industry\/?page_id=141"},"modified":"2025-07-08T00:12:03","modified_gmt":"2025-07-08T00:12:03","slug":"hazir-beton","status":"publish","type":"page","link":"https:\/\/ekenlergrup.com\/index.php\/hazir-beton\/","title":{"rendered":"HAZIR BETON"},"content":{"rendered":"\t\t<div data-elementor-type=\"wp-page\" data-elementor-id=\"141\" class=\"elementor elementor-141\">\n\t\t\t\t<div class=\"elementor-element elementor-element-5a7e33f9 elementor-hidden-tablet elementor-hidden-mobile e-flex e-con-boxed e-con e-parent\" data-id=\"5a7e33f9\" data-element_type=\"container\" data-settings=\"{&quot;background_background&quot;:&quot;classic&quot;}\">\n\t\t\t\t\t<div class=\"e-con-inner\">\n\t\t\t\t\t<\/div>\n\t\t\t\t<\/div>\n\t\t<div class=\"elementor-element elementor-element-b697d14 e-flex e-con-boxed e-con e-parent\" data-id=\"b697d14\" data-element_type=\"container\" data-settings=\"{&quot;background_background&quot;:&quot;classic&quot;}\">\n\t\t\t\t\t<div class=\"e-con-inner\">\n\t\t<div class=\"elementor-element elementor-element-b2021fd e-con-full e-flex e-con e-child\" data-id=\"b2021fd\" data-element_type=\"container\">\n\t\t<div class=\"elementor-element elementor-element-d861ec9 e-con-full e-flex e-con e-child\" data-id=\"d861ec9\" data-element_type=\"container\">\n\t\t\t\t<div class=\"elementor-element elementor-element-b913a48 elementor-widget elementor-widget-text-editor\" data-id=\"b913a48\" data-element_type=\"widget\" data-widget_type=\"text-editor.default\">\n\t\t\t\t<div class=\"elementor-widget-container\">\n\t\t\t\t\t\t\t\t\t<p>Kaliteli haz\u0131r beton \u00fcretiminde, zaman\u0131nda teslimat ve uygun ekipmanlar olduk\u00e7a kritik unsurlard\u0131r.\u00a0M\u00fc\u015fteri beklentilerini kar\u015f\u0131lamak ve g\u00fcvenilir \u015fekilde projelerde kullan\u0131labilecek y\u00fcksek kaliteli beton sunmak i\u00e7in tesislerimizi ve ekipmanlar\u0131m\u0131z\u0131 s\u00fcrekli olarak yeniliyoruz.\u00a0Ekenler Beton\u00a0olarak, sekt\u00f6r ihtiya\u00e7lar\u0131n\u0131 kar\u015f\u0131lamak i\u00e7in s\u00fcrekli Ar-Ge \u00e7al\u0131\u015fmalar\u0131 y\u00fcr\u00fct\u00fcyor, m\u00fc\u015fteri memnuniyetini en \u00fcst d\u00fczeyde tutmaya \u00f6zen g\u00f6steriyoruz.<\/p><p>Ayr\u0131ca, \u00e7evre dostu \u00fcretim y\u00f6ntemleri kullanarak at\u0131k y\u00f6netimini en iyi \u015fekilde ger\u00e7ekle\u015ftiriyoruz. Tesislerimizin \u00fcretim s\u00fcrecinde, \u00e7evre ve insan sa\u011fl\u0131\u011f\u0131na zararl\u0131 olan maddeler kullanmaktan ka\u00e7\u0131n\u0131yoruz. Bu sayede, sadece m\u00fc\u015fteri memnuniyetini de\u011fil, ayn\u0131 zamanda \u00e7evreye duyarl\u0131l\u0131\u011f\u0131m\u0131z\u0131 da g\u00f6steriyoruz.\u00a0Kaliteli haz\u0131r beton \u00fcretiminde lider olmak i\u00e7in, s\u00fcrekli geli\u015fim ve yenilik\u00e7ilik ilkeleriyle hareket ediyoruz.<\/p><p>\u015eehrimizdeki \u00f6nemli in\u015faat projeleri i\u00e7in gerekli olan haz\u0131r beton ihtiyac\u0131n\u0131 kar\u015f\u0131lamak \u00fczere, uzun y\u0131llard\u0131r sekt\u00f6rde hizmet vermekteyiz. M\u00fc\u015fterilerimize en kaliteli ve g\u00fcvenilir hizmet sunarak, in\u015faat s\u00fcre\u00e7lerini daha verimli hale getirmeyi hedefliyoruz.\u00a0Bizim i\u00e7in en \u00f6nemli \u015fey m\u00fc\u015fteri memnuniyetidir.\u00a0Bu y\u00fczden, m\u00fc\u015fterilerimizin ihtiya\u00e7 ve beklentilerine uygun \u00fcr\u00fcnler sunmak i\u00e7in \u00e7al\u0131\u015f\u0131yoruz.<\/p><p>Haz\u0131r beton \u00fcretiminde son teknolojileri kullanarak, y\u00fcksek kaliteli ve dayan\u0131kl\u0131 beton elde ediyoruz. Ayr\u0131ca, zaman\u0131nda ve h\u0131zl\u0131 teslimatlar\u0131m\u0131zla m\u00fc\u015fterilerimizin i\u015flerinin aksamas\u0131n\u0131 \u00f6nlemeye \u00e7al\u0131\u015f\u0131yoruz.<\/p><p>\u00c7evreye duyarl\u0131 bir \u015firket olarak,\u00a0\u00fcretim s\u00fcre\u00e7lerimizde \u00e7evre dostu uygulamalar\u0131 benimsiyoruz. At\u0131k y\u00f6netimi ve enerji tasarrufu konular\u0131nda da \u00f6ncelikli olarak hareket ediyoruz. B\u00f6ylece, sadece m\u00fc\u015fterilerimize de\u011fil, ayn\u0131 zamanda do\u011faya da katk\u0131 sa\u011flamay\u0131 hedefliyoruz.<\/p><p>T\u00fcm bu \u00e7al\u0131\u015fmalar\u0131m\u0131z\u0131n sonucunda, sekt\u00f6rde \u00f6nc\u00fc bir konuma gelmi\u015f durumday\u0131z. \u015eehrimizdeki bir\u00e7ok \u00f6nemli projede g\u00f6rev ald\u0131k ve ba\u015far\u0131yla tamamlad\u0131k. Bu ba\u015far\u0131lar\u0131m\u0131z\u0131, m\u00fc\u015fterilerimizin bize duydu\u011fu g\u00fcvene ve \u00e7al\u0131\u015fanlar\u0131m\u0131z\u0131n \u00f6zverilerine bor\u00e7luyuz.<\/p>\t\t\t\t\t\t\t\t<\/div>\n\t\t\t\t<\/div>\n\t\t\t\t<\/div>\n\t\t<div class=\"elementor-element elementor-element-21eb10e e-con-full e-flex e-con e-child\" data-id=\"21eb10e\" data-element_type=\"container\">\n\t\t\t\t<div class=\"elementor-element elementor-element-5060d51 elementor-widget elementor-widget-image\" data-id=\"5060d51\" data-element_type=\"widget\" data-widget_type=\"image.default\">\n\t\t\t\t<div class=\"elementor-widget-container\">\n\t\t\t\t\t\t\t\t\t\t\t\t\t\t\t<img fetchpriority=\"high\" decoding=\"async\" width=\"300\" height=\"300\" src=\"https:\/\/ekenlergrup.com\/wp-content\/uploads\/2025\/06\/hazirbeton-300x300.png\" class=\"attachment-medium size-medium wp-image-692\" alt=\"\" srcset=\"https:\/\/ekenlergrup.com\/wp-content\/uploads\/2025\/06\/hazirbeton-300x300.png 300w, https:\/\/ekenlergrup.com\/wp-content\/uploads\/2025\/06\/hazirbeton-150x150.png 150w, https:\/\/ekenlergrup.com\/wp-content\/uploads\/2025\/06\/hazirbeton.png 600w\" sizes=\"(max-width: 300px) 100vw, 300px\" \/>\t\t\t\t\t\t\t\t\t\t\t\t\t\t\t<\/div>\n\t\t\t\t<\/div>\n\t\t\t\t<\/div>\n\t\t\t\t<\/div>\n\t\t\t\t\t<\/div>\n\t\t\t\t<\/div>\n\t\t<div class=\"elementor-element elementor-element-5a47c03e e-flex e-con-boxed e-con e-parent\" data-id=\"5a47c03e\" data-element_type=\"container\" data-settings=\"{&quot;background_background&quot;:&quot;classic&quot;}\">\n\t\t\t\t\t<div class=\"e-con-inner\">\n\t\t<div class=\"elementor-element elementor-element-6acf2d5b e-con-full e-flex e-con e-child\" data-id=\"6acf2d5b\" data-element_type=\"container\">\n\t\t\t\t<div class=\"elementor-element elementor-element-4a654a24 elementor-widget elementor-widget-heading\" data-id=\"4a654a24\" data-element_type=\"widget\" data-widget_type=\"heading.default\">\n\t\t\t\t<div class=\"elementor-widget-container\">\n\t\t\t\t\t<h2 class=\"elementor-heading-title elementor-size-default\">WhastApp \u00dczerinden Bize Ula\u015f\u0131n.<\/h2>\t\t\t\t<\/div>\n\t\t\t\t<\/div>\n\t\t\t\t<\/div>\n\t\t<div class=\"elementor-element elementor-element-559fc911 e-con-full e-flex e-con e-child\" data-id=\"559fc911\" data-element_type=\"container\">\n\t\t\t\t<div class=\"elementor-element elementor-element-4f392837 elementor-widget elementor-widget-ot-btn\" data-id=\"4f392837\" data-element_type=\"widget\" data-widget_type=\"ot-btn.default\">\n\t\t\t\t<div class=\"elementor-widget-container\">\n\t\t\t\t\t\t\t<div class=\"ot-button-wrapper\">\r\n\t\t\t<a href=\"https:\/\/api.whatsapp.com\/send\/?phone=905326001558\" class=\"octf-btn with-icon\">\r\n\t\t\t\tWhastApp \t\t\t\t\t\t\t\t\t<svg aria-hidden=\"true\" class=\"e-font-icon-svg e-fas-chevron-right\" viewBox=\"0 0 320 512\" xmlns=\"http:\/\/www.w3.org\/2000\/svg\"><path d=\"M285.476 272.971L91.132 467.314c-9.373 9.373-24.569 9.373-33.941 0l-22.667-22.667c-9.357-9.357-9.375-24.522-.04-33.901L188.505 256 34.484 101.255c-9.335-9.379-9.317-24.544.04-33.901l22.667-22.667c9.373-9.373 24.569-9.373 33.941 0L285.475 239.03c9.373 9.372 9.373 24.568.001 33.941z\"><\/path><\/svg>\t\t\t\t\t\t\t<\/a>\r\n\t    <\/div>\r\n\t    \t\t\t\t<\/div>\n\t\t\t\t<\/div>\n\t\t\t\t<\/div>\n\t\t\t\t\t<\/div>\n\t\t\t\t<\/div>\n\t\t\t\t<\/div>\n\t\t","protected":false},"excerpt":{"rendered":"<p>Kaliteli haz\u0131r beton \u00fcretiminde, zaman\u0131nda teslimat ve uygun ekipmanlar olduk\u00e7a kritik unsurlard\u0131r.\u00a0M\u00fc\u015fteri beklentilerini kar\u015f\u0131lamak ve g\u00fcvenilir \u015fekilde projelerde kullan\u0131labilecek y\u00fcksek kaliteli beton sunmak i\u00e7in tesislerimizi ve ekipmanlar\u0131m\u0131z\u0131 s\u00fcrekli olarak yeniliyoruz.\u00a0Ekenler Beton\u00a0olarak, sekt\u00f6r ihtiya\u00e7lar\u0131n\u0131 kar\u015f\u0131lamak i\u00e7in s\u00fcrekli Ar-Ge \u00e7al\u0131\u015fmalar\u0131 y\u00fcr\u00fct\u00fcyor, m\u00fc\u015fteri memnuniyetini en \u00fcst d\u00fczeyde tutmaya \u00f6zen g\u00f6steriyoruz. Ayr\u0131ca, \u00e7evre dostu \u00fcretim y\u00f6ntemleri kullanarak at\u0131k y\u00f6netimini [&hellip;]<\/p>\n","protected":false},"author":1,"featured_media":0,"parent":0,"menu_order":0,"comment_status":"closed","ping_status":"closed","template":"","meta":{"footnotes":""},"class_list":["post-141","page","type-page","status-publish","hentry"],"yoast_head":"<!-- This site is optimized with the Yoast SEO plugin v25.8 - https:\/\/yoast.com\/wordpress\/plugins\/seo\/ -->\r\n<title>HAZIR BETON - EKENLERGRUP<\/title>\r\n<meta name=\"robots\" content=\"index, follow, max-snippet:-1, max-image-preview:large, max-video-preview:-1\" \/>\r\n<link rel=\"canonical\" href=\"https:\/\/ekenlergrup.com\/index.php\/hazir-beton\/\" \/>\r\n<meta property=\"og:locale\" content=\"tr_TR\" \/>\r\n<meta property=\"og:type\" content=\"article\" \/>\r\n<meta property=\"og:title\" content=\"HAZIR BETON - EKENLERGRUP\" \/>\r\n<meta property=\"og:description\" content=\"Kaliteli haz\u0131r beton \u00fcretiminde, zaman\u0131nda teslimat ve uygun ekipmanlar olduk\u00e7a kritik unsurlard\u0131r.\u00a0M\u00fc\u015fteri beklentilerini kar\u015f\u0131lamak ve g\u00fcvenilir \u015fekilde projelerde kullan\u0131labilecek y\u00fcksek kaliteli beton sunmak i\u00e7in tesislerimizi ve ekipmanlar\u0131m\u0131z\u0131 s\u00fcrekli olarak yeniliyoruz.\u00a0Ekenler Beton\u00a0olarak, sekt\u00f6r ihtiya\u00e7lar\u0131n\u0131 kar\u015f\u0131lamak i\u00e7in s\u00fcrekli Ar-Ge \u00e7al\u0131\u015fmalar\u0131 y\u00fcr\u00fct\u00fcyor, m\u00fc\u015fteri memnuniyetini en \u00fcst d\u00fczeyde tutmaya \u00f6zen g\u00f6steriyoruz. Ayr\u0131ca, \u00e7evre dostu \u00fcretim y\u00f6ntemleri kullanarak at\u0131k y\u00f6netimini [&hellip;]\" \/>\r\n<meta property=\"og:url\" content=\"https:\/\/ekenlergrup.com\/index.php\/hazir-beton\/\" \/>\r\n<meta property=\"og:site_name\" content=\"EKENLERGRUP\" \/>\r\n<meta property=\"article:publisher\" content=\"https:\/\/www.facebook.com\/ekenlermadencilik\" \/>\r\n<meta property=\"article:modified_time\" content=\"2025-07-08T00:12:03+00:00\" \/>\r\n<meta property=\"og:image\" content=\"https:\/\/ekenlergrup.com\/wp-content\/uploads\/2025\/06\/hazirbeton.png\" \/>\r\n\t<meta property=\"og:image:width\" content=\"600\" \/>\r\n\t<meta property=\"og:image:height\" content=\"600\" \/>\r\n\t<meta property=\"og:image:type\" content=\"image\/png\" \/>\r\n<meta name=\"twitter:card\" content=\"summary_large_image\" \/>\r\n<meta name=\"twitter:label1\" content=\"Tahmini okuma s\u00fcresi\" \/>\n\t<meta name=\"twitter:data1\" content=\"2 dakika\" \/>\r\n<script type=\"application\/ld+json\" class=\"yoast-schema-graph\">{\"@context\":\"https:\/\/schema.org\",\"@graph\":[{\"@type\":\"WebPage\",\"@id\":\"https:\/\/ekenlergrup.com\/index.php\/hazir-beton\/\",\"url\":\"https:\/\/ekenlergrup.com\/index.php\/hazir-beton\/\",\"name\":\"HAZIR BETON - EKENLERGRUP\",\"isPartOf\":{\"@id\":\"https:\/\/ekenlergrup.com\/#website\"},\"primaryImageOfPage\":{\"@id\":\"https:\/\/ekenlergrup.com\/index.php\/hazir-beton\/#primaryimage\"},\"image\":{\"@id\":\"https:\/\/ekenlergrup.com\/index.php\/hazir-beton\/#primaryimage\"},\"thumbnailUrl\":\"https:\/\/ekenlergrup.com\/wp-content\/uploads\/2025\/06\/hazirbeton-300x300.png\",\"datePublished\":\"2024-01-09T08:05:10+00:00\",\"dateModified\":\"2025-07-08T00:12:03+00:00\",\"breadcrumb\":{\"@id\":\"https:\/\/ekenlergrup.com\/index.php\/hazir-beton\/#breadcrumb\"},\"inLanguage\":\"tr\",\"potentialAction\":[{\"@type\":\"ReadAction\",\"target\":[\"https:\/\/ekenlergrup.com\/index.php\/hazir-beton\/\"]}]},{\"@type\":\"ImageObject\",\"inLanguage\":\"tr\",\"@id\":\"https:\/\/ekenlergrup.com\/index.php\/hazir-beton\/#primaryimage\",\"url\":\"https:\/\/ekenlergrup.com\/wp-content\/uploads\/2025\/06\/hazirbeton.png\",\"contentUrl\":\"https:\/\/ekenlergrup.com\/wp-content\/uploads\/2025\/06\/hazirbeton.png\",\"width\":600,\"height\":600},{\"@type\":\"BreadcrumbList\",\"@id\":\"https:\/\/ekenlergrup.com\/index.php\/hazir-beton\/#breadcrumb\",\"itemListElement\":[{\"@type\":\"ListItem\",\"position\":1,\"name\":\"Home\",\"item\":\"https:\/\/ekenlergrup.com\/\"},{\"@type\":\"ListItem\",\"position\":2,\"name\":\"HAZIR BETON\"}]},{\"@type\":\"WebSite\",\"@id\":\"https:\/\/ekenlergrup.com\/#website\",\"url\":\"https:\/\/ekenlergrup.com\/\",\"name\":\"EKENLERGRUP\",\"description\":\"\",\"publisher\":{\"@id\":\"https:\/\/ekenlergrup.com\/#organization\"},\"potentialAction\":[{\"@type\":\"SearchAction\",\"target\":{\"@type\":\"EntryPoint\",\"urlTemplate\":\"https:\/\/ekenlergrup.com\/?s={search_term_string}\"},\"query-input\":{\"@type\":\"PropertyValueSpecification\",\"valueRequired\":true,\"valueName\":\"search_term_string\"}}],\"inLanguage\":\"tr\"},{\"@type\":\"Organization\",\"@id\":\"https:\/\/ekenlergrup.com\/#organization\",\"name\":\"EKENLERGRUP\",\"url\":\"https:\/\/ekenlergrup.com\/\",\"logo\":{\"@type\":\"ImageObject\",\"inLanguage\":\"tr\",\"@id\":\"https:\/\/ekenlergrup.com\/#\/schema\/logo\/image\/\",\"url\":\"https:\/\/ekenlergrup.com\/wp-content\/uploads\/2025\/07\/ekenlergrupalt.png\",\"contentUrl\":\"https:\/\/ekenlergrup.com\/wp-content\/uploads\/2025\/07\/ekenlergrupalt.png\",\"width\":400,\"height\":168,\"caption\":\"EKENLERGRUP\"},\"image\":{\"@id\":\"https:\/\/ekenlergrup.com\/#\/schema\/logo\/image\/\"},\"sameAs\":[\"https:\/\/www.facebook.com\/ekenlermadencilik\",\"https:\/\/www.instagram.com\/ekenlerbeton\/\",\"https:\/\/www.linkedin.com\/company\/ekenler-beton\/\"]}]}<\/script>\r\n<!-- \/ Yoast SEO plugin. -->","yoast_head_json":{"title":"HAZIR BETON - EKENLERGRUP","robots":{"index":"index","follow":"follow","max-snippet":"max-snippet:-1","max-image-preview":"max-image-preview:large","max-video-preview":"max-video-preview:-1"},"canonical":"https:\/\/ekenlergrup.com\/index.php\/hazir-beton\/","og_locale":"tr_TR","og_type":"article","og_title":"HAZIR BETON - EKENLERGRUP","og_description":"Kaliteli haz\u0131r beton \u00fcretiminde, zaman\u0131nda teslimat ve uygun ekipmanlar olduk\u00e7a kritik unsurlard\u0131r.\u00a0M\u00fc\u015fteri beklentilerini kar\u015f\u0131lamak ve g\u00fcvenilir \u015fekilde projelerde kullan\u0131labilecek y\u00fcksek kaliteli beton sunmak i\u00e7in tesislerimizi ve ekipmanlar\u0131m\u0131z\u0131 s\u00fcrekli olarak yeniliyoruz.\u00a0Ekenler Beton\u00a0olarak, sekt\u00f6r ihtiya\u00e7lar\u0131n\u0131 kar\u015f\u0131lamak i\u00e7in s\u00fcrekli Ar-Ge \u00e7al\u0131\u015fmalar\u0131 y\u00fcr\u00fct\u00fcyor, m\u00fc\u015fteri memnuniyetini en \u00fcst d\u00fczeyde tutmaya \u00f6zen g\u00f6steriyoruz. Ayr\u0131ca, \u00e7evre dostu \u00fcretim y\u00f6ntemleri kullanarak at\u0131k y\u00f6netimini [&hellip;]","og_url":"https:\/\/ekenlergrup.com\/index.php\/hazir-beton\/","og_site_name":"EKENLERGRUP","article_publisher":"https:\/\/www.facebook.com\/ekenlermadencilik","article_modified_time":"2025-07-08T00:12:03+00:00","og_image":[{"width":600,"height":600,"url":"https:\/\/ekenlergrup.com\/wp-content\/uploads\/2025\/06\/hazirbeton.png","type":"image\/png"}],"twitter_card":"summary_large_image","twitter_misc":{"Tahmini okuma s\u00fcresi":"2 dakika"},"schema":{"@context":"https:\/\/schema.org","@graph":[{"@type":"WebPage","@id":"https:\/\/ekenlergrup.com\/index.php\/hazir-beton\/","url":"https:\/\/ekenlergrup.com\/index.php\/hazir-beton\/","name":"HAZIR BETON - EKENLERGRUP","isPartOf":{"@id":"https:\/\/ekenlergrup.com\/#website"},"primaryImageOfPage":{"@id":"https:\/\/ekenlergrup.com\/index.php\/hazir-beton\/#primaryimage"},"image":{"@id":"https:\/\/ekenlergrup.com\/index.php\/hazir-beton\/#primaryimage"},"thumbnailUrl":"https:\/\/ekenlergrup.com\/wp-content\/uploads\/2025\/06\/hazirbeton-300x300.png","datePublished":"2024-01-09T08:05:10+00:00","dateModified":"2025-07-08T00:12:03+00:00","breadcrumb":{"@id":"https:\/\/ekenlergrup.com\/index.php\/hazir-beton\/#breadcrumb"},"inLanguage":"tr","potentialAction":[{"@type":"ReadAction","target":["https:\/\/ekenlergrup.com\/index.php\/hazir-beton\/"]}]},{"@type":"ImageObject","inLanguage":"tr","@id":"https:\/\/ekenlergrup.com\/index.php\/hazir-beton\/#primaryimage","url":"https:\/\/ekenlergrup.com\/wp-content\/uploads\/2025\/06\/hazirbeton.png","contentUrl":"https:\/\/ekenlergrup.com\/wp-content\/uploads\/2025\/06\/hazirbeton.png","width":600,"height":600},{"@type":"BreadcrumbList","@id":"https:\/\/ekenlergrup.com\/index.php\/hazir-beton\/#breadcrumb","itemListElement":[{"@type":"ListItem","position":1,"name":"Home","item":"https:\/\/ekenlergrup.com\/"},{"@type":"ListItem","position":2,"name":"HAZIR BETON"}]},{"@type":"WebSite","@id":"https:\/\/ekenlergrup.com\/#website","url":"https:\/\/ekenlergrup.com\/","name":"EKENLERGRUP","description":"","publisher":{"@id":"https:\/\/ekenlergrup.com\/#organization"},"potentialAction":[{"@type":"SearchAction","target":{"@type":"EntryPoint","urlTemplate":"https:\/\/ekenlergrup.com\/?s={search_term_string}"},"query-input":{"@type":"PropertyValueSpecification","valueRequired":true,"valueName":"search_term_string"}}],"inLanguage":"tr"},{"@type":"Organization","@id":"https:\/\/ekenlergrup.com\/#organization","name":"EKENLERGRUP","url":"https:\/\/ekenlergrup.com\/","logo":{"@type":"ImageObject","inLanguage":"tr","@id":"https:\/\/ekenlergrup.com\/#\/schema\/logo\/image\/","url":"https:\/\/ekenlergrup.com\/wp-content\/uploads\/2025\/07\/ekenlergrupalt.png","contentUrl":"https:\/\/ekenlergrup.com\/wp-content\/uploads\/2025\/07\/ekenlergrupalt.png","width":400,"height":168,"caption":"EKENLERGRUP"},"image":{"@id":"https:\/\/ekenlergrup.com\/#\/schema\/logo\/image\/"},"sameAs":["https:\/\/www.facebook.com\/ekenlermadencilik","https:\/\/www.instagram.com\/ekenlerbeton\/","https:\/\/www.linkedin.com\/company\/ekenler-beton\/"]}]}},"_links":{"self":[{"href":"https:\/\/ekenlergrup.com\/index.php\/wp-json\/wp\/v2\/pages\/141","targetHints":{"allow":["GET"]}}],"collection":[{"href":"https:\/\/ekenlergrup.com\/index.php\/wp-json\/wp\/v2\/pages"}],"about":[{"href":"https:\/\/ekenlergrup.com\/index.php\/wp-json\/wp\/v2\/types\/page"}],"author":[{"embeddable":true,"href":"https:\/\/ekenlergrup.com\/index.php\/wp-json\/wp\/v2\/users\/1"}],"replies":[{"embeddable":true,"href":"https:\/\/ekenlergrup.com\/index.php\/wp-json\/wp\/v2\/comments?post=141"}],"version-history":[{"count":14,"href":"https:\/\/ekenlergrup.com\/index.php\/wp-json\/wp\/v2\/pages\/141\/revisions"}],"predecessor-version":[{"id":1110,"href":"https:\/\/ekenlergrup.com\/index.php\/wp-json\/wp\/v2\/pages\/141\/revisions\/1110"}],"wp:attachment":[{"href":"https:\/\/ekenlergrup.com\/index.php\/wp-json\/wp\/v2\/media?parent=141"}],"curies":[{"name":"wp","href":"https:\/\/api.w.org\/{rel}","templated":true}]}}