{"id":523,"date":"2025-06-19T11:17:47","date_gmt":"2025-06-19T11:17:47","guid":{"rendered":"https:\/\/ekenlergrup.com\/?page_id=523"},"modified":"2025-06-19T11:17:50","modified_gmt":"2025-06-19T11:17:50","slug":"kalite-politikamiz","status":"publish","type":"page","link":"https:\/\/ekenlergrup.com\/index.php\/kalite-politikamiz\/","title":{"rendered":"KAL\u0130TE POL\u0130T\u0130KAMIZ"},"content":{"rendered":"","protected":false},"excerpt":{"rendered":"","protected":false},"author":1,"featured_media":0,"parent":0,"menu_order":0,"comment_status":"closed","ping_status":"closed","template":"","meta":{"footnotes":""},"class_list":["post-523","page","type-page","status-publish","hentry"],"yoast_head":"<!-- This site is optimized with the Yoast SEO plugin v25.8 - https:\/\/yoast.com\/wordpress\/plugins\/seo\/ -->\r\n<title>KAL\u0130TE POL\u0130T\u0130KAMIZ - EKENLERGRUP<\/title>\r\n<meta name=\"robots\" content=\"index, follow, max-snippet:-1, max-image-preview:large, max-video-preview:-1\" \/>\r\n<link rel=\"canonical\" href=\"https:\/\/ekenlergrup.com\/index.php\/kalite-politikamiz\/\" \/>\r\n<meta property=\"og:locale\" content=\"tr_TR\" \/>\r\n<meta property=\"og:type\" content=\"article\" \/>\r\n<meta property=\"og:title\" content=\"KAL\u0130TE POL\u0130T\u0130KAMIZ - EKENLERGRUP\" \/>\r\n<meta property=\"og:url\" content=\"https:\/\/ekenlergrup.com\/index.php\/kalite-politikamiz\/\" \/>\r\n<meta property=\"og:site_name\" content=\"EKENLERGRUP\" \/>\r\n<meta property=\"article:publisher\" content=\"https:\/\/www.facebook.com\/ekenlermadencilik\" \/>\r\n<meta property=\"article:modified_time\" content=\"2025-06-19T11:17:50+00:00\" \/>\r\n<meta name=\"twitter:card\" content=\"summary_large_image\" \/>\r\n<script type=\"application\/ld+json\" class=\"yoast-schema-graph\">{\"@context\":\"https:\/\/schema.org\",\"@graph\":[{\"@type\":\"WebPage\",\"@id\":\"https:\/\/ekenlergrup.com\/index.php\/kalite-politikamiz\/\",\"url\":\"https:\/\/ekenlergrup.com\/index.php\/kalite-politikamiz\/\",\"name\":\"KAL\u0130TE POL\u0130T\u0130KAMIZ - EKENLERGRUP\",\"isPartOf\":{\"@id\":\"https:\/\/ekenlergrup.com\/#website\"},\"datePublished\":\"2025-06-19T11:17:47+00:00\",\"dateModified\":\"2025-06-19T11:17:50+00:00\",\"breadcrumb\":{\"@id\":\"https:\/\/ekenlergrup.com\/index.php\/kalite-politikamiz\/#breadcrumb\"},\"inLanguage\":\"tr\",\"potentialAction\":[{\"@type\":\"ReadAction\",\"target\":[\"https:\/\/ekenlergrup.com\/index.php\/kalite-politikamiz\/\"]}]},{\"@type\":\"BreadcrumbList\",\"@id\":\"https:\/\/ekenlergrup.com\/index.php\/kalite-politikamiz\/#breadcrumb\",\"itemListElement\":[{\"@type\":\"ListItem\",\"position\":1,\"name\":\"Home\",\"item\":\"https:\/\/ekenlergrup.com\/\"},{\"@type\":\"ListItem\",\"position\":2,\"name\":\"KAL\u0130TE POL\u0130T\u0130KAMIZ\"}]},{\"@type\":\"WebSite\",\"@id\":\"https:\/\/ekenlergrup.com\/#website\",\"url\":\"https:\/\/ekenlergrup.com\/\",\"name\":\"EKENLERGRUP\",\"description\":\"\",\"publisher\":{\"@id\":\"https:\/\/ekenlergrup.com\/#organization\"},\"potentialAction\":[{\"@type\":\"SearchAction\",\"target\":{\"@type\":\"EntryPoint\",\"urlTemplate\":\"https:\/\/ekenlergrup.com\/?s={search_term_string}\"},\"query-input\":{\"@type\":\"PropertyValueSpecification\",\"valueRequired\":true,\"valueName\":\"search_term_string\"}}],\"inLanguage\":\"tr\"},{\"@type\":\"Organization\",\"@id\":\"https:\/\/ekenlergrup.com\/#organization\",\"name\":\"EKENLERGRUP\",\"url\":\"https:\/\/ekenlergrup.com\/\",\"logo\":{\"@type\":\"ImageObject\",\"inLanguage\":\"tr\",\"@id\":\"https:\/\/ekenlergrup.com\/#\/schema\/logo\/image\/\",\"url\":\"https:\/\/ekenlergrup.com\/wp-content\/uploads\/2025\/07\/ekenlergrupalt.png\",\"contentUrl\":\"https:\/\/ekenlergrup.com\/wp-content\/uploads\/2025\/07\/ekenlergrupalt.png\",\"width\":400,\"height\":168,\"caption\":\"EKENLERGRUP\"},\"image\":{\"@id\":\"https:\/\/ekenlergrup.com\/#\/schema\/logo\/image\/\"},\"sameAs\":[\"https:\/\/www.facebook.com\/ekenlermadencilik\",\"https:\/\/www.instagram.com\/ekenlerbeton\/\",\"https:\/\/www.linkedin.com\/company\/ekenler-beton\/\"]}]}<\/script>\r\n<!-- \/ Yoast SEO plugin. -->","yoast_head_json":{"title":"KAL\u0130TE POL\u0130T\u0130KAMIZ - EKENLERGRUP","robots":{"index":"index","follow":"follow","max-snippet":"max-snippet:-1","max-image-preview":"max-image-preview:large","max-video-preview":"max-video-preview:-1"},"canonical":"https:\/\/ekenlergrup.com\/index.php\/kalite-politikamiz\/","og_locale":"tr_TR","og_type":"article","og_title":"KAL\u0130TE POL\u0130T\u0130KAMIZ - EKENLERGRUP","og_url":"https:\/\/ekenlergrup.com\/index.php\/kalite-politikamiz\/","og_site_name":"EKENLERGRUP","article_publisher":"https:\/\/www.facebook.com\/ekenlermadencilik","article_modified_time":"2025-06-19T11:17:50+00:00","twitter_card":"summary_large_image","schema":{"@context":"https:\/\/schema.org","@graph":[{"@type":"WebPage","@id":"https:\/\/ekenlergrup.com\/index.php\/kalite-politikamiz\/","url":"https:\/\/ekenlergrup.com\/index.php\/kalite-politikamiz\/","name":"KAL\u0130TE POL\u0130T\u0130KAMIZ - EKENLERGRUP","isPartOf":{"@id":"https:\/\/ekenlergrup.com\/#website"},"datePublished":"2025-06-19T11:17:47+00:00","dateModified":"2025-06-19T11:17:50+00:00","breadcrumb":{"@id":"https:\/\/ekenlergrup.com\/index.php\/kalite-politikamiz\/#breadcrumb"},"inLanguage":"tr","potentialAction":[{"@type":"ReadAction","target":["https:\/\/ekenlergrup.com\/index.php\/kalite-politikamiz\/"]}]},{"@type":"BreadcrumbList","@id":"https:\/\/ekenlergrup.com\/index.php\/kalite-politikamiz\/#breadcrumb","itemListElement":[{"@type":"ListItem","position":1,"name":"Home","item":"https:\/\/ekenlergrup.com\/"},{"@type":"ListItem","position":2,"name":"KAL\u0130TE POL\u0130T\u0130KAMIZ"}]},{"@type":"WebSite","@id":"https:\/\/ekenlergrup.com\/#website","url":"https:\/\/ekenlergrup.com\/","name":"EKENLERGRUP","description":"","publisher":{"@id":"https:\/\/ekenlergrup.com\/#organization"},"potentialAction":[{"@type":"SearchAction","target":{"@type":"EntryPoint","urlTemplate":"https:\/\/ekenlergrup.com\/?s={search_term_string}"},"query-input":{"@type":"PropertyValueSpecification","valueRequired":true,"valueName":"search_term_string"}}],"inLanguage":"tr"},{"@type":"Organization","@id":"https:\/\/ekenlergrup.com\/#organization","name":"EKENLERGRUP","url":"https:\/\/ekenlergrup.com\/","logo":{"@type":"ImageObject","inLanguage":"tr","@id":"https:\/\/ekenlergrup.com\/#\/schema\/logo\/image\/","url":"https:\/\/ekenlergrup.com\/wp-content\/uploads\/2025\/07\/ekenlergrupalt.png","contentUrl":"https:\/\/ekenlergrup.com\/wp-content\/uploads\/2025\/07\/ekenlergrupalt.png","width":400,"height":168,"caption":"EKENLERGRUP"},"image":{"@id":"https:\/\/ekenlergrup.com\/#\/schema\/logo\/image\/"},"sameAs":["https:\/\/www.facebook.com\/ekenlermadencilik","https:\/\/www.instagram.com\/ekenlerbeton\/","https:\/\/www.linkedin.com\/company\/ekenler-beton\/"]}]}},"_links":{"self":[{"href":"https:\/\/ekenlergrup.com\/index.php\/wp-json\/wp\/v2\/pages\/523","targetHints":{"allow":["GET"]}}],"collection":[{"href":"https:\/\/ekenlergrup.com\/index.php\/wp-json\/wp\/v2\/pages"}],"about":[{"href":"https:\/\/ekenlergrup.com\/index.php\/wp-json\/wp\/v2\/types\/page"}],"author":[{"embeddable":true,"href":"https:\/\/ekenlergrup.com\/index.php\/wp-json\/wp\/v2\/users\/1"}],"replies":[{"embeddable":true,"href":"https:\/\/ekenlergrup.com\/index.php\/wp-json\/wp\/v2\/comments?post=523"}],"version-history":[{"count":1,"href":"https:\/\/ekenlergrup.com\/index.php\/wp-json\/wp\/v2\/pages\/523\/revisions"}],"predecessor-version":[{"id":524,"href":"https:\/\/ekenlergrup.com\/index.php\/wp-json\/wp\/v2\/pages\/523\/revisions\/524"}],"wp:attachment":[{"href":"https:\/\/ekenlergrup.com\/index.php\/wp-json\/wp\/v2\/media?parent=523"}],"curies":[{"name":"wp","href":"https:\/\/api.w.org\/{rel}","templated":true}]}}