{"id":536,"date":"2025-06-19T13:14:44","date_gmt":"2025-06-19T13:14:44","guid":{"rendered":"https:\/\/ekenlergrup.com\/?page_id=536"},"modified":"2025-07-07T23:53:48","modified_gmt":"2025-07-07T23:53:48","slug":"kirma-tas-agrega","status":"publish","type":"page","link":"https:\/\/ekenlergrup.com\/index.php\/kirma-tas-agrega\/","title":{"rendered":"KIRMA TA\u015e AGREGA"},"content":{"rendered":"\t\t<div data-elementor-type=\"wp-page\" data-elementor-id=\"536\" class=\"elementor elementor-536\">\n\t\t\t\t<div class=\"elementor-element elementor-element-4cc5fa57 elementor-hidden-tablet elementor-hidden-mobile e-flex e-con-boxed e-con e-parent\" data-id=\"4cc5fa57\" data-element_type=\"container\" data-settings=\"{&quot;background_background&quot;:&quot;classic&quot;}\">\n\t\t\t\t\t<div class=\"e-con-inner\">\n\t\t\t\t\t<\/div>\n\t\t\t\t<\/div>\n\t\t<div class=\"elementor-element elementor-element-65793d5 e-flex e-con-boxed e-con e-parent\" data-id=\"65793d5\" data-element_type=\"container\" data-settings=\"{&quot;background_background&quot;:&quot;classic&quot;}\">\n\t\t\t\t\t<div class=\"e-con-inner\">\n\t\t<div class=\"elementor-element elementor-element-2fc1d8b4 e-con-full e-flex e-con e-child\" data-id=\"2fc1d8b4\" data-element_type=\"container\">\n\t\t<div class=\"elementor-element elementor-element-2ae5b5ab e-con-full e-flex e-con e-child\" data-id=\"2ae5b5ab\" data-element_type=\"container\">\n\t\t\t\t<div class=\"elementor-element elementor-element-70ce3581 elementor-widget elementor-widget-text-editor\" data-id=\"70ce3581\" data-element_type=\"widget\" data-widget_type=\"text-editor.default\">\n\t\t\t\t<div class=\"elementor-widget-container\">\n\t\t\t\t\t\t\t\t\t<p>Firmam\u0131z olarak k\u0131rma ta\u015f \u00fcretim s\u00fcreci, do\u011fal ta\u015flar\u0131n (granit, bazalt, kalker gibi) ocaktan \u00e7\u0131kar\u0131lmas\u0131yla ba\u015flamaktad\u0131r. Bu s\u00fcre\u00e7te, b\u00fcy\u00fck kaya k\u00fctlelerini patlatma y\u00f6ntemleriyle ya da ekskavat\u00f6r gibi a\u011f\u0131r i\u015f makineleriyle g\u00fcvenli bir \u015fekilde \u00e7\u0131kar\u0131yoruz. \u00c7\u0131kar\u0131lan bu ham malzemeyi, tesisimize getirerek k\u0131r\u0131c\u0131 makinelerde \u00e7e\u015fitli a\u015famalarla i\u015flemekteyiz.<\/p>\n<p>K\u0131rma i\u015flemiyle ta\u015flar\u0131 istenilen boyutlara getirip ard\u0131ndan malzemeyi eleme \u00fcnitelerinde farkl\u0131 boyutlara g\u00f6re ay\u0131rarak s\u0131n\u0131fland\u0131r\u0131yoruz. Bu \u015fekilde \u00e7ak\u0131l, m\u0131c\u0131r, kum gibi \u00e7e\u015fitli boyutlarda agrega elde ediyoruz.<\/p>\n<p>\u00dcretti\u011fimiz k\u0131rma ta\u015f malzemeleri; yol yap\u0131m\u0131ndan beton \u00fcretimine, demiryolu balast\u0131ndan dolgu i\u015flerine kadar bir\u00e7ok in\u015faat projesinde kullan\u0131lmaktad\u0131r. T\u00fcm \u00fcretim s\u00fcrecimizi, ilgili \u00e7evresel y\u00f6netmeliklere ve yasal d\u00fczenlemelere tam uyum i\u00e7inde, do\u011faya sayg\u0131l\u0131 bir yakla\u015f\u0131mla y\u00fcr\u00fct\u00fcyoruz.<\/p>\t\t\t\t\t\t\t\t<\/div>\n\t\t\t\t<\/div>\n\t\t\t\t<\/div>\n\t\t<div class=\"elementor-element elementor-element-9881ee3 e-con-full e-flex e-con e-child\" data-id=\"9881ee3\" data-element_type=\"container\">\n\t\t\t\t<div class=\"elementor-element elementor-element-646d4a81 elementor-widget elementor-widget-image\" data-id=\"646d4a81\" data-element_type=\"widget\" data-widget_type=\"image.default\">\n\t\t\t\t<div class=\"elementor-widget-container\">\n\t\t\t\t\t\t\t\t\t\t\t\t\t\t\t<img fetchpriority=\"high\" decoding=\"async\" width=\"300\" height=\"300\" src=\"https:\/\/ekenlergrup.com\/wp-content\/uploads\/2025\/07\/agrega-300x300.jpg\" class=\"attachment-medium size-medium wp-image-1103\" alt=\"\" srcset=\"https:\/\/ekenlergrup.com\/wp-content\/uploads\/2025\/07\/agrega-300x300.jpg 300w, https:\/\/ekenlergrup.com\/wp-content\/uploads\/2025\/07\/agrega-150x150.jpg 150w, https:\/\/ekenlergrup.com\/wp-content\/uploads\/2025\/07\/agrega-768x768.jpg 768w, https:\/\/ekenlergrup.com\/wp-content\/uploads\/2025\/07\/agrega.jpg 800w\" sizes=\"(max-width: 300px) 100vw, 300px\" \/>\t\t\t\t\t\t\t\t\t\t\t\t\t\t\t<\/div>\n\t\t\t\t<\/div>\n\t\t\t\t<\/div>\n\t\t\t\t<\/div>\n\t\t\t\t\t<\/div>\n\t\t\t\t<\/div>\n\t\t<div class=\"elementor-element elementor-element-4ea5ba65 e-flex e-con-boxed e-con e-parent\" data-id=\"4ea5ba65\" data-element_type=\"container\" data-settings=\"{&quot;background_background&quot;:&quot;classic&quot;}\">\n\t\t\t\t\t<div class=\"e-con-inner\">\n\t\t<div class=\"elementor-element elementor-element-5d87ddd3 e-con-full e-flex e-con e-child\" data-id=\"5d87ddd3\" data-element_type=\"container\">\n\t\t\t\t<div class=\"elementor-element elementor-element-78c4d1ba elementor-widget elementor-widget-heading\" data-id=\"78c4d1ba\" data-element_type=\"widget\" data-widget_type=\"heading.default\">\n\t\t\t\t<div class=\"elementor-widget-container\">\n\t\t\t\t\t<h2 class=\"elementor-heading-title elementor-size-default\">WhastApp \u00dczerinden Bize Ula\u015f\u0131n.<\/h2>\t\t\t\t<\/div>\n\t\t\t\t<\/div>\n\t\t\t\t<\/div>\n\t\t<div class=\"elementor-element elementor-element-6134a8d8 e-con-full e-flex e-con e-child\" data-id=\"6134a8d8\" data-element_type=\"container\">\n\t\t\t\t<div class=\"elementor-element elementor-element-38250670 elementor-widget elementor-widget-ot-btn\" data-id=\"38250670\" data-element_type=\"widget\" data-widget_type=\"ot-btn.default\">\n\t\t\t\t<div class=\"elementor-widget-container\">\n\t\t\t\t\t\t\t<div class=\"ot-button-wrapper\">\r\n\t\t\t<a href=\"https:\/\/api.whatsapp.com\/send\/?phone=905326001558\" class=\"octf-btn with-icon\">\r\n\t\t\t\tWhastApp \t\t\t\t\t\t\t\t\t<svg aria-hidden=\"true\" class=\"e-font-icon-svg e-fas-chevron-right\" viewBox=\"0 0 320 512\" xmlns=\"http:\/\/www.w3.org\/2000\/svg\"><path d=\"M285.476 272.971L91.132 467.314c-9.373 9.373-24.569 9.373-33.941 0l-22.667-22.667c-9.357-9.357-9.375-24.522-.04-33.901L188.505 256 34.484 101.255c-9.335-9.379-9.317-24.544.04-33.901l22.667-22.667c9.373-9.373 24.569-9.373 33.941 0L285.475 239.03c9.373 9.372 9.373 24.568.001 33.941z\"><\/path><\/svg>\t\t\t\t\t\t\t<\/a>\r\n\t    <\/div>\r\n\t    \t\t\t\t<\/div>\n\t\t\t\t<\/div>\n\t\t\t\t<\/div>\n\t\t\t\t\t<\/div>\n\t\t\t\t<\/div>\n\t\t\t\t<\/div>\n\t\t","protected":false},"excerpt":{"rendered":"<p>Firmam\u0131z olarak k\u0131rma ta\u015f \u00fcretim s\u00fcreci, do\u011fal ta\u015flar\u0131n (granit, bazalt, kalker gibi) ocaktan \u00e7\u0131kar\u0131lmas\u0131yla ba\u015flamaktad\u0131r. Bu s\u00fcre\u00e7te, b\u00fcy\u00fck kaya k\u00fctlelerini patlatma y\u00f6ntemleriyle ya da ekskavat\u00f6r gibi a\u011f\u0131r i\u015f makineleriyle g\u00fcvenli bir \u015fekilde \u00e7\u0131kar\u0131yoruz. \u00c7\u0131kar\u0131lan bu ham malzemeyi, tesisimize getirerek k\u0131r\u0131c\u0131 makinelerde \u00e7e\u015fitli a\u015famalarla i\u015flemekteyiz. K\u0131rma i\u015flemiyle ta\u015flar\u0131 istenilen boyutlara getirip ard\u0131ndan malzemeyi eleme \u00fcnitelerinde farkl\u0131 [&hellip;]<\/p>\n","protected":false},"author":1,"featured_media":0,"parent":0,"menu_order":0,"comment_status":"closed","ping_status":"closed","template":"","meta":{"footnotes":""},"class_list":["post-536","page","type-page","status-publish","hentry"],"yoast_head":"<!-- This site is optimized with the Yoast SEO plugin v25.8 - https:\/\/yoast.com\/wordpress\/plugins\/seo\/ -->\r\n<title>KIRMA TA\u015e AGREGA - EKENLERGRUP<\/title>\r\n<meta name=\"robots\" content=\"index, follow, max-snippet:-1, max-image-preview:large, max-video-preview:-1\" \/>\r\n<link rel=\"canonical\" href=\"https:\/\/ekenlergrup.com\/index.php\/kirma-tas-agrega\/\" \/>\r\n<meta property=\"og:locale\" content=\"tr_TR\" \/>\r\n<meta property=\"og:type\" content=\"article\" \/>\r\n<meta property=\"og:title\" content=\"KIRMA TA\u015e AGREGA - EKENLERGRUP\" \/>\r\n<meta property=\"og:description\" content=\"Firmam\u0131z olarak k\u0131rma ta\u015f \u00fcretim s\u00fcreci, do\u011fal ta\u015flar\u0131n (granit, bazalt, kalker gibi) ocaktan \u00e7\u0131kar\u0131lmas\u0131yla ba\u015flamaktad\u0131r. Bu s\u00fcre\u00e7te, b\u00fcy\u00fck kaya k\u00fctlelerini patlatma y\u00f6ntemleriyle ya da ekskavat\u00f6r gibi a\u011f\u0131r i\u015f makineleriyle g\u00fcvenli bir \u015fekilde \u00e7\u0131kar\u0131yoruz. \u00c7\u0131kar\u0131lan bu ham malzemeyi, tesisimize getirerek k\u0131r\u0131c\u0131 makinelerde \u00e7e\u015fitli a\u015famalarla i\u015flemekteyiz. K\u0131rma i\u015flemiyle ta\u015flar\u0131 istenilen boyutlara getirip ard\u0131ndan malzemeyi eleme \u00fcnitelerinde farkl\u0131 [&hellip;]\" \/>\r\n<meta property=\"og:url\" content=\"https:\/\/ekenlergrup.com\/index.php\/kirma-tas-agrega\/\" \/>\r\n<meta property=\"og:site_name\" content=\"EKENLERGRUP\" \/>\r\n<meta property=\"article:publisher\" content=\"https:\/\/www.facebook.com\/ekenlermadencilik\" \/>\r\n<meta property=\"article:modified_time\" content=\"2025-07-07T23:53:48+00:00\" \/>\r\n<meta property=\"og:image\" content=\"https:\/\/ekenlergrup.com\/wp-content\/uploads\/2025\/07\/agrega.jpg\" \/>\r\n\t<meta property=\"og:image:width\" content=\"800\" \/>\r\n\t<meta property=\"og:image:height\" content=\"800\" \/>\r\n\t<meta property=\"og:image:type\" content=\"image\/jpeg\" \/>\r\n<meta name=\"twitter:card\" content=\"summary_large_image\" \/>\r\n<meta name=\"twitter:label1\" content=\"Tahmini okuma s\u00fcresi\" \/>\n\t<meta name=\"twitter:data1\" content=\"1 dakika\" \/>\r\n<script type=\"application\/ld+json\" class=\"yoast-schema-graph\">{\"@context\":\"https:\/\/schema.org\",\"@graph\":[{\"@type\":\"WebPage\",\"@id\":\"https:\/\/ekenlergrup.com\/index.php\/kirma-tas-agrega\/\",\"url\":\"https:\/\/ekenlergrup.com\/index.php\/kirma-tas-agrega\/\",\"name\":\"KIRMA TA\u015e AGREGA - EKENLERGRUP\",\"isPartOf\":{\"@id\":\"https:\/\/ekenlergrup.com\/#website\"},\"primaryImageOfPage\":{\"@id\":\"https:\/\/ekenlergrup.com\/index.php\/kirma-tas-agrega\/#primaryimage\"},\"image\":{\"@id\":\"https:\/\/ekenlergrup.com\/index.php\/kirma-tas-agrega\/#primaryimage\"},\"thumbnailUrl\":\"https:\/\/ekenlergrup.com\/wp-content\/uploads\/2025\/07\/agrega-300x300.jpg\",\"datePublished\":\"2025-06-19T13:14:44+00:00\",\"dateModified\":\"2025-07-07T23:53:48+00:00\",\"breadcrumb\":{\"@id\":\"https:\/\/ekenlergrup.com\/index.php\/kirma-tas-agrega\/#breadcrumb\"},\"inLanguage\":\"tr\",\"potentialAction\":[{\"@type\":\"ReadAction\",\"target\":[\"https:\/\/ekenlergrup.com\/index.php\/kirma-tas-agrega\/\"]}]},{\"@type\":\"ImageObject\",\"inLanguage\":\"tr\",\"@id\":\"https:\/\/ekenlergrup.com\/index.php\/kirma-tas-agrega\/#primaryimage\",\"url\":\"https:\/\/ekenlergrup.com\/wp-content\/uploads\/2025\/07\/agrega.jpg\",\"contentUrl\":\"https:\/\/ekenlergrup.com\/wp-content\/uploads\/2025\/07\/agrega.jpg\",\"width\":800,\"height\":800},{\"@type\":\"BreadcrumbList\",\"@id\":\"https:\/\/ekenlergrup.com\/index.php\/kirma-tas-agrega\/#breadcrumb\",\"itemListElement\":[{\"@type\":\"ListItem\",\"position\":1,\"name\":\"Home\",\"item\":\"https:\/\/ekenlergrup.com\/\"},{\"@type\":\"ListItem\",\"position\":2,\"name\":\"KIRMA TA\u015e AGREGA\"}]},{\"@type\":\"WebSite\",\"@id\":\"https:\/\/ekenlergrup.com\/#website\",\"url\":\"https:\/\/ekenlergrup.com\/\",\"name\":\"EKENLERGRUP\",\"description\":\"\",\"publisher\":{\"@id\":\"https:\/\/ekenlergrup.com\/#organization\"},\"potentialAction\":[{\"@type\":\"SearchAction\",\"target\":{\"@type\":\"EntryPoint\",\"urlTemplate\":\"https:\/\/ekenlergrup.com\/?s={search_term_string}\"},\"query-input\":{\"@type\":\"PropertyValueSpecification\",\"valueRequired\":true,\"valueName\":\"search_term_string\"}}],\"inLanguage\":\"tr\"},{\"@type\":\"Organization\",\"@id\":\"https:\/\/ekenlergrup.com\/#organization\",\"name\":\"EKENLERGRUP\",\"url\":\"https:\/\/ekenlergrup.com\/\",\"logo\":{\"@type\":\"ImageObject\",\"inLanguage\":\"tr\",\"@id\":\"https:\/\/ekenlergrup.com\/#\/schema\/logo\/image\/\",\"url\":\"https:\/\/ekenlergrup.com\/wp-content\/uploads\/2025\/07\/ekenlergrupalt.png\",\"contentUrl\":\"https:\/\/ekenlergrup.com\/wp-content\/uploads\/2025\/07\/ekenlergrupalt.png\",\"width\":400,\"height\":168,\"caption\":\"EKENLERGRUP\"},\"image\":{\"@id\":\"https:\/\/ekenlergrup.com\/#\/schema\/logo\/image\/\"},\"sameAs\":[\"https:\/\/www.facebook.com\/ekenlermadencilik\",\"https:\/\/www.instagram.com\/ekenlerbeton\/\",\"https:\/\/www.linkedin.com\/company\/ekenler-beton\/\"]}]}<\/script>\r\n<!-- \/ Yoast SEO plugin. -->","yoast_head_json":{"title":"KIRMA TA\u015e AGREGA - EKENLERGRUP","robots":{"index":"index","follow":"follow","max-snippet":"max-snippet:-1","max-image-preview":"max-image-preview:large","max-video-preview":"max-video-preview:-1"},"canonical":"https:\/\/ekenlergrup.com\/index.php\/kirma-tas-agrega\/","og_locale":"tr_TR","og_type":"article","og_title":"KIRMA TA\u015e AGREGA - EKENLERGRUP","og_description":"Firmam\u0131z olarak k\u0131rma ta\u015f \u00fcretim s\u00fcreci, do\u011fal ta\u015flar\u0131n (granit, bazalt, kalker gibi) ocaktan \u00e7\u0131kar\u0131lmas\u0131yla ba\u015flamaktad\u0131r. Bu s\u00fcre\u00e7te, b\u00fcy\u00fck kaya k\u00fctlelerini patlatma y\u00f6ntemleriyle ya da ekskavat\u00f6r gibi a\u011f\u0131r i\u015f makineleriyle g\u00fcvenli bir \u015fekilde \u00e7\u0131kar\u0131yoruz. \u00c7\u0131kar\u0131lan bu ham malzemeyi, tesisimize getirerek k\u0131r\u0131c\u0131 makinelerde \u00e7e\u015fitli a\u015famalarla i\u015flemekteyiz. K\u0131rma i\u015flemiyle ta\u015flar\u0131 istenilen boyutlara getirip ard\u0131ndan malzemeyi eleme \u00fcnitelerinde farkl\u0131 [&hellip;]","og_url":"https:\/\/ekenlergrup.com\/index.php\/kirma-tas-agrega\/","og_site_name":"EKENLERGRUP","article_publisher":"https:\/\/www.facebook.com\/ekenlermadencilik","article_modified_time":"2025-07-07T23:53:48+00:00","og_image":[{"width":800,"height":800,"url":"https:\/\/ekenlergrup.com\/wp-content\/uploads\/2025\/07\/agrega.jpg","type":"image\/jpeg"}],"twitter_card":"summary_large_image","twitter_misc":{"Tahmini okuma s\u00fcresi":"1 dakika"},"schema":{"@context":"https:\/\/schema.org","@graph":[{"@type":"WebPage","@id":"https:\/\/ekenlergrup.com\/index.php\/kirma-tas-agrega\/","url":"https:\/\/ekenlergrup.com\/index.php\/kirma-tas-agrega\/","name":"KIRMA TA\u015e AGREGA - EKENLERGRUP","isPartOf":{"@id":"https:\/\/ekenlergrup.com\/#website"},"primaryImageOfPage":{"@id":"https:\/\/ekenlergrup.com\/index.php\/kirma-tas-agrega\/#primaryimage"},"image":{"@id":"https:\/\/ekenlergrup.com\/index.php\/kirma-tas-agrega\/#primaryimage"},"thumbnailUrl":"https:\/\/ekenlergrup.com\/wp-content\/uploads\/2025\/07\/agrega-300x300.jpg","datePublished":"2025-06-19T13:14:44+00:00","dateModified":"2025-07-07T23:53:48+00:00","breadcrumb":{"@id":"https:\/\/ekenlergrup.com\/index.php\/kirma-tas-agrega\/#breadcrumb"},"inLanguage":"tr","potentialAction":[{"@type":"ReadAction","target":["https:\/\/ekenlergrup.com\/index.php\/kirma-tas-agrega\/"]}]},{"@type":"ImageObject","inLanguage":"tr","@id":"https:\/\/ekenlergrup.com\/index.php\/kirma-tas-agrega\/#primaryimage","url":"https:\/\/ekenlergrup.com\/wp-content\/uploads\/2025\/07\/agrega.jpg","contentUrl":"https:\/\/ekenlergrup.com\/wp-content\/uploads\/2025\/07\/agrega.jpg","width":800,"height":800},{"@type":"BreadcrumbList","@id":"https:\/\/ekenlergrup.com\/index.php\/kirma-tas-agrega\/#breadcrumb","itemListElement":[{"@type":"ListItem","position":1,"name":"Home","item":"https:\/\/ekenlergrup.com\/"},{"@type":"ListItem","position":2,"name":"KIRMA TA\u015e AGREGA"}]},{"@type":"WebSite","@id":"https:\/\/ekenlergrup.com\/#website","url":"https:\/\/ekenlergrup.com\/","name":"EKENLERGRUP","description":"","publisher":{"@id":"https:\/\/ekenlergrup.com\/#organization"},"potentialAction":[{"@type":"SearchAction","target":{"@type":"EntryPoint","urlTemplate":"https:\/\/ekenlergrup.com\/?s={search_term_string}"},"query-input":{"@type":"PropertyValueSpecification","valueRequired":true,"valueName":"search_term_string"}}],"inLanguage":"tr"},{"@type":"Organization","@id":"https:\/\/ekenlergrup.com\/#organization","name":"EKENLERGRUP","url":"https:\/\/ekenlergrup.com\/","logo":{"@type":"ImageObject","inLanguage":"tr","@id":"https:\/\/ekenlergrup.com\/#\/schema\/logo\/image\/","url":"https:\/\/ekenlergrup.com\/wp-content\/uploads\/2025\/07\/ekenlergrupalt.png","contentUrl":"https:\/\/ekenlergrup.com\/wp-content\/uploads\/2025\/07\/ekenlergrupalt.png","width":400,"height":168,"caption":"EKENLERGRUP"},"image":{"@id":"https:\/\/ekenlergrup.com\/#\/schema\/logo\/image\/"},"sameAs":["https:\/\/www.facebook.com\/ekenlermadencilik","https:\/\/www.instagram.com\/ekenlerbeton\/","https:\/\/www.linkedin.com\/company\/ekenler-beton\/"]}]}},"_links":{"self":[{"href":"https:\/\/ekenlergrup.com\/index.php\/wp-json\/wp\/v2\/pages\/536","targetHints":{"allow":["GET"]}}],"collection":[{"href":"https:\/\/ekenlergrup.com\/index.php\/wp-json\/wp\/v2\/pages"}],"about":[{"href":"https:\/\/ekenlergrup.com\/index.php\/wp-json\/wp\/v2\/types\/page"}],"author":[{"embeddable":true,"href":"https:\/\/ekenlergrup.com\/index.php\/wp-json\/wp\/v2\/users\/1"}],"replies":[{"embeddable":true,"href":"https:\/\/ekenlergrup.com\/index.php\/wp-json\/wp\/v2\/comments?post=536"}],"version-history":[{"count":23,"href":"https:\/\/ekenlergrup.com\/index.php\/wp-json\/wp\/v2\/pages\/536\/revisions"}],"predecessor-version":[{"id":1106,"href":"https:\/\/ekenlergrup.com\/index.php\/wp-json\/wp\/v2\/pages\/536\/revisions\/1106"}],"wp:attachment":[{"href":"https:\/\/ekenlergrup.com\/index.php\/wp-json\/wp\/v2\/media?parent=536"}],"curies":[{"name":"wp","href":"https:\/\/api.w.org\/{rel}","templated":true}]}}