{"id":551,"date":"2025-06-19T13:46:28","date_gmt":"2025-06-19T13:46:28","guid":{"rendered":"https:\/\/ekenlergrup.com\/?page_id=551"},"modified":"2025-07-07T18:53:41","modified_gmt":"2025-07-07T18:53:41","slug":"madencilik","status":"publish","type":"page","link":"https:\/\/ekenlergrup.com\/index.php\/madencilik\/","title":{"rendered":"MADENC\u0130L\u0130K"},"content":{"rendered":"\t\t<div data-elementor-type=\"wp-page\" data-elementor-id=\"551\" class=\"elementor elementor-551\">\n\t\t\t\t<div class=\"elementor-element elementor-element-22a86d72 elementor-hidden-tablet elementor-hidden-mobile e-flex e-con-boxed e-con e-parent\" data-id=\"22a86d72\" data-element_type=\"container\" data-settings=\"{&quot;background_background&quot;:&quot;classic&quot;}\">\n\t\t\t\t\t<div class=\"e-con-inner\">\n\t\t\t\t\t<\/div>\n\t\t\t\t<\/div>\n\t\t<div class=\"elementor-element elementor-element-5948858b e-flex e-con-boxed e-con e-parent\" data-id=\"5948858b\" data-element_type=\"container\" data-settings=\"{&quot;background_background&quot;:&quot;classic&quot;}\">\n\t\t\t\t\t<div class=\"e-con-inner\">\n\t\t<div class=\"elementor-element elementor-element-1160e2f6 e-con-full e-flex e-con e-child\" data-id=\"1160e2f6\" data-element_type=\"container\">\n\t\t<div class=\"elementor-element elementor-element-4fb2de40 e-con-full e-flex e-con e-child\" data-id=\"4fb2de40\" data-element_type=\"container\">\n\t\t\t\t<div class=\"elementor-element elementor-element-5dd8e223 elementor-widget elementor-widget-text-editor\" data-id=\"5dd8e223\" data-element_type=\"widget\" data-widget_type=\"text-editor.default\">\n\t\t\t\t<div class=\"elementor-widget-container\">\n\t\t\t\t\t\t\t\t\t<p>Firmam\u0131z,\u00a0madencilik sekt\u00f6r\u00fcnde 30 y\u0131l\u0131 a\u015fk\u0131n bir s\u00fcredir\u00a0faaliyet g\u00f6stermekte olup, sundu\u011fumuz hizmetler ve tecr\u00fcbemizle sekt\u00f6rde\u00a0\u00f6nc\u00fc bir konumday\u0131z. M\u00fc\u015fterilerimize\u00a0kaliteli ekipmanlar\u00a0ve\u00a0profesyonel hizmetler\u00a0sunarak, ihtiya\u00e7lar\u0131na uygun \u00e7\u00f6z\u00fcmler \u00fcretiyoruz.<\/p><p>Ayr\u0131ca,\u00a0i\u015f sa\u011fl\u0131\u011f\u0131 ve g\u00fcvenli\u011fi\u00a0konusunda da son derece titiz bir yakla\u015f\u0131m benimsemekteyiz. \u00c7al\u0131\u015fanlar\u0131m\u0131z\u0131n g\u00fcvenli\u011fi bizim i\u00e7in en \u00f6nemli \u00f6nceliktir ve bu nedenle t\u00fcm i\u015f s\u00fcre\u00e7lerimizde gerekli \u00f6nlemleri almaktay\u0131z. \u00c7evreye duyarl\u0131 bir \u015fekilde \u00e7al\u0131\u015farak, do\u011fan\u0131n ve \u00e7evrenin korunmas\u0131na da \u00f6zen g\u00f6steriyoruz. Firmam\u0131z\u0131n amac\u0131, m\u00fc\u015fterilerimizin ihtiya\u00e7lar\u0131n\u0131 en \u00fcst seviyede kar\u015f\u0131layarak, sekt\u00f6rdeki lider konumuzu daha da\u00a0peki\u015ftirmektir.<\/p><p>Madencilik alan\u0131nda\u00a010 y\u0131l\u0131 a\u015fk\u0131n s\u00fcredir krom zenginle\u015ftirme tesisi\u00a0ve\u00a020 y\u0131l\u0131 a\u015fk\u0131n s\u00fcredir al\u00e7\u0131 ta\u015f\u0131 oca\u011f\u0131 i\u015fletmecili\u011fini\u00a0s\u00fcrd\u00fcrmekteyiz. Bu s\u00fcre boyunca, do\u011fal kaynaklar\u0131 en verimli \u015fekilde kullanarak, \u00e7evreye duyarl\u0131 bir \u015fekilde faaliyetlerimizi y\u00fcr\u00fctmeye \u00f6zen g\u00f6sterdik. Ayn\u0131 zamanda, \u00e7al\u0131\u015fanlar\u0131m\u0131z\u0131n sa\u011fl\u0131\u011f\u0131 ve g\u00fcvenli\u011fi de \u00f6nceli\u011fimiz oldu.<\/p><p>Teknolojik geli\u015fmelere ayak uydurarak, \u00fcretim s\u00fcre\u00e7lerimizi s\u00fcrekli olarak iyile\u015ftirdik ve kalitemizden \u00f6d\u00fcn vermeden m\u00fc\u015fterilerimize hizmet verdik. Gelecekte de bu de\u011ferlerimizden taviz vermeden, sekt\u00f6rdeki liderli\u011fimizi s\u00fcrd\u00fcrmeyi hedefliyoruz.<\/p>\t\t\t\t\t\t\t\t<\/div>\n\t\t\t\t<\/div>\n\t\t\t\t<\/div>\n\t\t<div class=\"elementor-element elementor-element-a807ac3 e-con-full e-flex e-con e-child\" data-id=\"a807ac3\" data-element_type=\"container\">\n\t\t\t\t<div class=\"elementor-element elementor-element-6e600917 elementor-widget elementor-widget-image\" data-id=\"6e600917\" data-element_type=\"widget\" data-widget_type=\"image.default\">\n\t\t\t\t<div class=\"elementor-widget-container\">\n\t\t\t\t\t\t\t\t\t\t\t\t\t\t\t<img fetchpriority=\"high\" decoding=\"async\" width=\"300\" height=\"234\" src=\"https:\/\/ekenlergrup.com\/wp-content\/uploads\/2025\/07\/madencilik-300x234.jpg\" class=\"attachment-medium size-medium wp-image-1087\" alt=\"\" srcset=\"https:\/\/ekenlergrup.com\/wp-content\/uploads\/2025\/07\/madencilik-300x234.jpg 300w, https:\/\/ekenlergrup.com\/wp-content\/uploads\/2025\/07\/madencilik-768x598.jpg 768w, https:\/\/ekenlergrup.com\/wp-content\/uploads\/2025\/07\/madencilik.jpg 770w\" sizes=\"(max-width: 300px) 100vw, 300px\" \/>\t\t\t\t\t\t\t\t\t\t\t\t\t\t\t<\/div>\n\t\t\t\t<\/div>\n\t\t\t\t<\/div>\n\t\t\t\t<\/div>\n\t\t\t\t\t<\/div>\n\t\t\t\t<\/div>\n\t\t<div class=\"elementor-element elementor-element-2c430346 e-flex e-con-boxed e-con e-parent\" data-id=\"2c430346\" data-element_type=\"container\" data-settings=\"{&quot;background_background&quot;:&quot;classic&quot;}\">\n\t\t\t\t\t<div class=\"e-con-inner\">\n\t\t<div class=\"elementor-element elementor-element-5d8ac785 e-con-full e-flex e-con e-child\" data-id=\"5d8ac785\" data-element_type=\"container\">\n\t\t\t\t<div class=\"elementor-element elementor-element-232ed399 elementor-widget elementor-widget-heading\" data-id=\"232ed399\" data-element_type=\"widget\" data-widget_type=\"heading.default\">\n\t\t\t\t<div class=\"elementor-widget-container\">\n\t\t\t\t\t<h2 class=\"elementor-heading-title elementor-size-default\">WhastApp \u00dczerinden Bize Ula\u015f\u0131n.<\/h2>\t\t\t\t<\/div>\n\t\t\t\t<\/div>\n\t\t\t\t<\/div>\n\t\t<div class=\"elementor-element elementor-element-5b06f615 e-con-full e-flex e-con e-child\" data-id=\"5b06f615\" data-element_type=\"container\">\n\t\t\t\t<div class=\"elementor-element elementor-element-1a30286a elementor-widget elementor-widget-ot-btn\" data-id=\"1a30286a\" data-element_type=\"widget\" data-widget_type=\"ot-btn.default\">\n\t\t\t\t<div class=\"elementor-widget-container\">\n\t\t\t\t\t\t\t<div class=\"ot-button-wrapper\">\r\n\t\t\t<a href=\"https:\/\/api.whatsapp.com\/send\/?phone=905326001558\" class=\"octf-btn with-icon\">\r\n\t\t\t\tWhastApp \t\t\t\t\t\t\t\t\t<svg aria-hidden=\"true\" class=\"e-font-icon-svg e-fas-chevron-right\" viewBox=\"0 0 320 512\" xmlns=\"http:\/\/www.w3.org\/2000\/svg\"><path d=\"M285.476 272.971L91.132 467.314c-9.373 9.373-24.569 9.373-33.941 0l-22.667-22.667c-9.357-9.357-9.375-24.522-.04-33.901L188.505 256 34.484 101.255c-9.335-9.379-9.317-24.544.04-33.901l22.667-22.667c9.373-9.373 24.569-9.373 33.941 0L285.475 239.03c9.373 9.372 9.373 24.568.001 33.941z\"><\/path><\/svg>\t\t\t\t\t\t\t<\/a>\r\n\t    <\/div>\r\n\t    \t\t\t\t<\/div>\n\t\t\t\t<\/div>\n\t\t\t\t<\/div>\n\t\t\t\t\t<\/div>\n\t\t\t\t<\/div>\n\t\t\t\t<\/div>\n\t\t","protected":false},"excerpt":{"rendered":"<p>Firmam\u0131z,\u00a0madencilik sekt\u00f6r\u00fcnde 30 y\u0131l\u0131 a\u015fk\u0131n bir s\u00fcredir\u00a0faaliyet g\u00f6stermekte olup, sundu\u011fumuz hizmetler ve tecr\u00fcbemizle sekt\u00f6rde\u00a0\u00f6nc\u00fc bir konumday\u0131z. M\u00fc\u015fterilerimize\u00a0kaliteli ekipmanlar\u00a0ve\u00a0profesyonel hizmetler\u00a0sunarak, ihtiya\u00e7lar\u0131na uygun \u00e7\u00f6z\u00fcmler \u00fcretiyoruz. Ayr\u0131ca,\u00a0i\u015f sa\u011fl\u0131\u011f\u0131 ve g\u00fcvenli\u011fi\u00a0konusunda da son derece titiz bir yakla\u015f\u0131m benimsemekteyiz. \u00c7al\u0131\u015fanlar\u0131m\u0131z\u0131n g\u00fcvenli\u011fi bizim i\u00e7in en \u00f6nemli \u00f6nceliktir ve bu nedenle t\u00fcm i\u015f s\u00fcre\u00e7lerimizde gerekli \u00f6nlemleri almaktay\u0131z. \u00c7evreye duyarl\u0131 bir \u015fekilde \u00e7al\u0131\u015farak, [&hellip;]<\/p>\n","protected":false},"author":1,"featured_media":0,"parent":0,"menu_order":0,"comment_status":"closed","ping_status":"closed","template":"","meta":{"footnotes":""},"class_list":["post-551","page","type-page","status-publish","hentry"],"yoast_head":"<!-- This site is optimized with the Yoast SEO plugin v25.8 - https:\/\/yoast.com\/wordpress\/plugins\/seo\/ -->\r\n<title>MADENC\u0130L\u0130K - EKENLERGRUP<\/title>\r\n<meta name=\"robots\" content=\"index, follow, max-snippet:-1, max-image-preview:large, max-video-preview:-1\" \/>\r\n<link rel=\"canonical\" href=\"https:\/\/ekenlergrup.com\/index.php\/madencilik\/\" \/>\r\n<meta property=\"og:locale\" content=\"tr_TR\" \/>\r\n<meta property=\"og:type\" content=\"article\" \/>\r\n<meta property=\"og:title\" content=\"MADENC\u0130L\u0130K - EKENLERGRUP\" \/>\r\n<meta property=\"og:description\" content=\"Firmam\u0131z,\u00a0madencilik sekt\u00f6r\u00fcnde 30 y\u0131l\u0131 a\u015fk\u0131n bir s\u00fcredir\u00a0faaliyet g\u00f6stermekte olup, sundu\u011fumuz hizmetler ve tecr\u00fcbemizle sekt\u00f6rde\u00a0\u00f6nc\u00fc bir konumday\u0131z. M\u00fc\u015fterilerimize\u00a0kaliteli ekipmanlar\u00a0ve\u00a0profesyonel hizmetler\u00a0sunarak, ihtiya\u00e7lar\u0131na uygun \u00e7\u00f6z\u00fcmler \u00fcretiyoruz. Ayr\u0131ca,\u00a0i\u015f sa\u011fl\u0131\u011f\u0131 ve g\u00fcvenli\u011fi\u00a0konusunda da son derece titiz bir yakla\u015f\u0131m benimsemekteyiz. \u00c7al\u0131\u015fanlar\u0131m\u0131z\u0131n g\u00fcvenli\u011fi bizim i\u00e7in en \u00f6nemli \u00f6nceliktir ve bu nedenle t\u00fcm i\u015f s\u00fcre\u00e7lerimizde gerekli \u00f6nlemleri almaktay\u0131z. \u00c7evreye duyarl\u0131 bir \u015fekilde \u00e7al\u0131\u015farak, [&hellip;]\" \/>\r\n<meta property=\"og:url\" content=\"https:\/\/ekenlergrup.com\/index.php\/madencilik\/\" \/>\r\n<meta property=\"og:site_name\" content=\"EKENLERGRUP\" \/>\r\n<meta property=\"article:publisher\" content=\"https:\/\/www.facebook.com\/ekenlermadencilik\" \/>\r\n<meta property=\"article:modified_time\" content=\"2025-07-07T18:53:41+00:00\" \/>\r\n<meta property=\"og:image\" content=\"https:\/\/ekenlergrup.com\/wp-content\/uploads\/2025\/07\/madencilik.jpg\" \/>\r\n\t<meta property=\"og:image:width\" content=\"770\" \/>\r\n\t<meta property=\"og:image:height\" content=\"600\" \/>\r\n\t<meta property=\"og:image:type\" content=\"image\/jpeg\" \/>\r\n<meta name=\"twitter:card\" content=\"summary_large_image\" \/>\r\n<meta name=\"twitter:label1\" content=\"Tahmini okuma s\u00fcresi\" \/>\n\t<meta name=\"twitter:data1\" content=\"1 dakika\" \/>\r\n<script type=\"application\/ld+json\" class=\"yoast-schema-graph\">{\"@context\":\"https:\/\/schema.org\",\"@graph\":[{\"@type\":\"WebPage\",\"@id\":\"https:\/\/ekenlergrup.com\/index.php\/madencilik\/\",\"url\":\"https:\/\/ekenlergrup.com\/index.php\/madencilik\/\",\"name\":\"MADENC\u0130L\u0130K - EKENLERGRUP\",\"isPartOf\":{\"@id\":\"https:\/\/ekenlergrup.com\/#website\"},\"primaryImageOfPage\":{\"@id\":\"https:\/\/ekenlergrup.com\/index.php\/madencilik\/#primaryimage\"},\"image\":{\"@id\":\"https:\/\/ekenlergrup.com\/index.php\/madencilik\/#primaryimage\"},\"thumbnailUrl\":\"https:\/\/ekenlergrup.com\/wp-content\/uploads\/2025\/07\/madencilik-300x234.jpg\",\"datePublished\":\"2025-06-19T13:46:28+00:00\",\"dateModified\":\"2025-07-07T18:53:41+00:00\",\"breadcrumb\":{\"@id\":\"https:\/\/ekenlergrup.com\/index.php\/madencilik\/#breadcrumb\"},\"inLanguage\":\"tr\",\"potentialAction\":[{\"@type\":\"ReadAction\",\"target\":[\"https:\/\/ekenlergrup.com\/index.php\/madencilik\/\"]}]},{\"@type\":\"ImageObject\",\"inLanguage\":\"tr\",\"@id\":\"https:\/\/ekenlergrup.com\/index.php\/madencilik\/#primaryimage\",\"url\":\"https:\/\/ekenlergrup.com\/wp-content\/uploads\/2025\/07\/madencilik.jpg\",\"contentUrl\":\"https:\/\/ekenlergrup.com\/wp-content\/uploads\/2025\/07\/madencilik.jpg\",\"width\":770,\"height\":600},{\"@type\":\"BreadcrumbList\",\"@id\":\"https:\/\/ekenlergrup.com\/index.php\/madencilik\/#breadcrumb\",\"itemListElement\":[{\"@type\":\"ListItem\",\"position\":1,\"name\":\"Home\",\"item\":\"https:\/\/ekenlergrup.com\/\"},{\"@type\":\"ListItem\",\"position\":2,\"name\":\"MADENC\u0130L\u0130K\"}]},{\"@type\":\"WebSite\",\"@id\":\"https:\/\/ekenlergrup.com\/#website\",\"url\":\"https:\/\/ekenlergrup.com\/\",\"name\":\"EKENLERGRUP\",\"description\":\"\",\"publisher\":{\"@id\":\"https:\/\/ekenlergrup.com\/#organization\"},\"potentialAction\":[{\"@type\":\"SearchAction\",\"target\":{\"@type\":\"EntryPoint\",\"urlTemplate\":\"https:\/\/ekenlergrup.com\/?s={search_term_string}\"},\"query-input\":{\"@type\":\"PropertyValueSpecification\",\"valueRequired\":true,\"valueName\":\"search_term_string\"}}],\"inLanguage\":\"tr\"},{\"@type\":\"Organization\",\"@id\":\"https:\/\/ekenlergrup.com\/#organization\",\"name\":\"EKENLERGRUP\",\"url\":\"https:\/\/ekenlergrup.com\/\",\"logo\":{\"@type\":\"ImageObject\",\"inLanguage\":\"tr\",\"@id\":\"https:\/\/ekenlergrup.com\/#\/schema\/logo\/image\/\",\"url\":\"https:\/\/ekenlergrup.com\/wp-content\/uploads\/2025\/07\/ekenlergrupalt.png\",\"contentUrl\":\"https:\/\/ekenlergrup.com\/wp-content\/uploads\/2025\/07\/ekenlergrupalt.png\",\"width\":400,\"height\":168,\"caption\":\"EKENLERGRUP\"},\"image\":{\"@id\":\"https:\/\/ekenlergrup.com\/#\/schema\/logo\/image\/\"},\"sameAs\":[\"https:\/\/www.facebook.com\/ekenlermadencilik\",\"https:\/\/www.instagram.com\/ekenlerbeton\/\",\"https:\/\/www.linkedin.com\/company\/ekenler-beton\/\"]}]}<\/script>\r\n<!-- \/ Yoast SEO plugin. -->","yoast_head_json":{"title":"MADENC\u0130L\u0130K - EKENLERGRUP","robots":{"index":"index","follow":"follow","max-snippet":"max-snippet:-1","max-image-preview":"max-image-preview:large","max-video-preview":"max-video-preview:-1"},"canonical":"https:\/\/ekenlergrup.com\/index.php\/madencilik\/","og_locale":"tr_TR","og_type":"article","og_title":"MADENC\u0130L\u0130K - EKENLERGRUP","og_description":"Firmam\u0131z,\u00a0madencilik sekt\u00f6r\u00fcnde 30 y\u0131l\u0131 a\u015fk\u0131n bir s\u00fcredir\u00a0faaliyet g\u00f6stermekte olup, sundu\u011fumuz hizmetler ve tecr\u00fcbemizle sekt\u00f6rde\u00a0\u00f6nc\u00fc bir konumday\u0131z. M\u00fc\u015fterilerimize\u00a0kaliteli ekipmanlar\u00a0ve\u00a0profesyonel hizmetler\u00a0sunarak, ihtiya\u00e7lar\u0131na uygun \u00e7\u00f6z\u00fcmler \u00fcretiyoruz. Ayr\u0131ca,\u00a0i\u015f sa\u011fl\u0131\u011f\u0131 ve g\u00fcvenli\u011fi\u00a0konusunda da son derece titiz bir yakla\u015f\u0131m benimsemekteyiz. \u00c7al\u0131\u015fanlar\u0131m\u0131z\u0131n g\u00fcvenli\u011fi bizim i\u00e7in en \u00f6nemli \u00f6nceliktir ve bu nedenle t\u00fcm i\u015f s\u00fcre\u00e7lerimizde gerekli \u00f6nlemleri almaktay\u0131z. \u00c7evreye duyarl\u0131 bir \u015fekilde \u00e7al\u0131\u015farak, [&hellip;]","og_url":"https:\/\/ekenlergrup.com\/index.php\/madencilik\/","og_site_name":"EKENLERGRUP","article_publisher":"https:\/\/www.facebook.com\/ekenlermadencilik","article_modified_time":"2025-07-07T18:53:41+00:00","og_image":[{"width":770,"height":600,"url":"https:\/\/ekenlergrup.com\/wp-content\/uploads\/2025\/07\/madencilik.jpg","type":"image\/jpeg"}],"twitter_card":"summary_large_image","twitter_misc":{"Tahmini okuma s\u00fcresi":"1 dakika"},"schema":{"@context":"https:\/\/schema.org","@graph":[{"@type":"WebPage","@id":"https:\/\/ekenlergrup.com\/index.php\/madencilik\/","url":"https:\/\/ekenlergrup.com\/index.php\/madencilik\/","name":"MADENC\u0130L\u0130K - EKENLERGRUP","isPartOf":{"@id":"https:\/\/ekenlergrup.com\/#website"},"primaryImageOfPage":{"@id":"https:\/\/ekenlergrup.com\/index.php\/madencilik\/#primaryimage"},"image":{"@id":"https:\/\/ekenlergrup.com\/index.php\/madencilik\/#primaryimage"},"thumbnailUrl":"https:\/\/ekenlergrup.com\/wp-content\/uploads\/2025\/07\/madencilik-300x234.jpg","datePublished":"2025-06-19T13:46:28+00:00","dateModified":"2025-07-07T18:53:41+00:00","breadcrumb":{"@id":"https:\/\/ekenlergrup.com\/index.php\/madencilik\/#breadcrumb"},"inLanguage":"tr","potentialAction":[{"@type":"ReadAction","target":["https:\/\/ekenlergrup.com\/index.php\/madencilik\/"]}]},{"@type":"ImageObject","inLanguage":"tr","@id":"https:\/\/ekenlergrup.com\/index.php\/madencilik\/#primaryimage","url":"https:\/\/ekenlergrup.com\/wp-content\/uploads\/2025\/07\/madencilik.jpg","contentUrl":"https:\/\/ekenlergrup.com\/wp-content\/uploads\/2025\/07\/madencilik.jpg","width":770,"height":600},{"@type":"BreadcrumbList","@id":"https:\/\/ekenlergrup.com\/index.php\/madencilik\/#breadcrumb","itemListElement":[{"@type":"ListItem","position":1,"name":"Home","item":"https:\/\/ekenlergrup.com\/"},{"@type":"ListItem","position":2,"name":"MADENC\u0130L\u0130K"}]},{"@type":"WebSite","@id":"https:\/\/ekenlergrup.com\/#website","url":"https:\/\/ekenlergrup.com\/","name":"EKENLERGRUP","description":"","publisher":{"@id":"https:\/\/ekenlergrup.com\/#organization"},"potentialAction":[{"@type":"SearchAction","target":{"@type":"EntryPoint","urlTemplate":"https:\/\/ekenlergrup.com\/?s={search_term_string}"},"query-input":{"@type":"PropertyValueSpecification","valueRequired":true,"valueName":"search_term_string"}}],"inLanguage":"tr"},{"@type":"Organization","@id":"https:\/\/ekenlergrup.com\/#organization","name":"EKENLERGRUP","url":"https:\/\/ekenlergrup.com\/","logo":{"@type":"ImageObject","inLanguage":"tr","@id":"https:\/\/ekenlergrup.com\/#\/schema\/logo\/image\/","url":"https:\/\/ekenlergrup.com\/wp-content\/uploads\/2025\/07\/ekenlergrupalt.png","contentUrl":"https:\/\/ekenlergrup.com\/wp-content\/uploads\/2025\/07\/ekenlergrupalt.png","width":400,"height":168,"caption":"EKENLERGRUP"},"image":{"@id":"https:\/\/ekenlergrup.com\/#\/schema\/logo\/image\/"},"sameAs":["https:\/\/www.facebook.com\/ekenlermadencilik","https:\/\/www.instagram.com\/ekenlerbeton\/","https:\/\/www.linkedin.com\/company\/ekenler-beton\/"]}]}},"_links":{"self":[{"href":"https:\/\/ekenlergrup.com\/index.php\/wp-json\/wp\/v2\/pages\/551","targetHints":{"allow":["GET"]}}],"collection":[{"href":"https:\/\/ekenlergrup.com\/index.php\/wp-json\/wp\/v2\/pages"}],"about":[{"href":"https:\/\/ekenlergrup.com\/index.php\/wp-json\/wp\/v2\/types\/page"}],"author":[{"embeddable":true,"href":"https:\/\/ekenlergrup.com\/index.php\/wp-json\/wp\/v2\/users\/1"}],"replies":[{"embeddable":true,"href":"https:\/\/ekenlergrup.com\/index.php\/wp-json\/wp\/v2\/comments?post=551"}],"version-history":[{"count":11,"href":"https:\/\/ekenlergrup.com\/index.php\/wp-json\/wp\/v2\/pages\/551\/revisions"}],"predecessor-version":[{"id":1090,"href":"https:\/\/ekenlergrup.com\/index.php\/wp-json\/wp\/v2\/pages\/551\/revisions\/1090"}],"wp:attachment":[{"href":"https:\/\/ekenlergrup.com\/index.php\/wp-json\/wp\/v2\/media?parent=551"}],"curies":[{"name":"wp","href":"https:\/\/api.w.org\/{rel}","templated":true}]}}