{"id":554,"date":"2025-06-19T13:45:24","date_gmt":"2025-06-19T13:45:24","guid":{"rendered":"https:\/\/ekenlergrup.com\/?page_id=554"},"modified":"2025-07-07T19:07:20","modified_gmt":"2025-07-07T19:07:20","slug":"krom-konsantre","status":"publish","type":"page","link":"https:\/\/ekenlergrup.com\/index.php\/krom-konsantre\/","title":{"rendered":"KROM KONSANTRE"},"content":{"rendered":"\t\t<div data-elementor-type=\"wp-page\" data-elementor-id=\"554\" class=\"elementor elementor-554\">\n\t\t\t\t<div class=\"elementor-element elementor-element-7bfbb61e elementor-hidden-tablet elementor-hidden-mobile e-flex e-con-boxed e-con e-parent\" data-id=\"7bfbb61e\" data-element_type=\"container\" data-settings=\"{&quot;background_background&quot;:&quot;classic&quot;}\">\n\t\t\t\t\t<div class=\"e-con-inner\">\n\t\t\t\t\t<\/div>\n\t\t\t\t<\/div>\n\t\t<div class=\"elementor-element elementor-element-2e6491bc e-flex e-con-boxed e-con e-parent\" data-id=\"2e6491bc\" data-element_type=\"container\" data-settings=\"{&quot;background_background&quot;:&quot;classic&quot;}\">\n\t\t\t\t\t<div class=\"e-con-inner\">\n\t\t<div class=\"elementor-element elementor-element-5362798f e-con-full e-flex e-con e-child\" data-id=\"5362798f\" data-element_type=\"container\">\n\t\t<div class=\"elementor-element elementor-element-26cf67ad e-con-full e-flex e-con e-child\" data-id=\"26cf67ad\" data-element_type=\"container\">\n\t\t\t\t<div class=\"elementor-element elementor-element-43177b45 elementor-widget elementor-widget-text-editor\" data-id=\"43177b45\" data-element_type=\"widget\" data-widget_type=\"text-editor.default\">\n\t\t\t\t<div class=\"elementor-widget-container\">\n\t\t\t\t\t\t\t\t\t<p>Krom konsantre \u00fcretimini, madenden \u00e7\u0131kard\u0131\u011f\u0131m\u0131z ham krom cevherini i\u015fleyerek ger\u00e7ekle\u015ftirmekteyiz. Do\u011frudan sanayide kullan\u0131lamayacak kadar d\u00fc\u015f\u00fck krom i\u00e7eri\u011fine sahip olan bu cevheri, tesisimize getirerek \u00e7e\u015fitli zenginle\u015ftirme i\u015flemlerinden ge\u00e7iriyoruz.<\/p>\n<p>\u0130lk olarak cevheri k\u0131rma ve \u00f6\u011f\u00fctme \u00fcnitelerinde daha k\u00fc\u00e7\u00fck par\u00e7alara ay\u0131r\u0131yoruz. Ard\u0131ndan yo\u011funluk fark\u0131na dayal\u0131 ay\u0131rma y\u00f6ntemleriyle (sars\u0131nt\u0131l\u0131 masalar, spiraller veya jig makineleri) krom i\u00e7eri\u011fini art\u0131r\u0131yoruz. Bu i\u015flemler sonucunda, y\u00fcksek safl\u0131kta ve sanayide kullan\u0131labilir nitelikte krom konsantresi elde ediyoruz.<\/p>\n<p>\u00dcretimimizin her a\u015famas\u0131nda kalite kontrol s\u00fcre\u00e7lerine dikkat ediyor, \u00e7evreye duyarl\u0131 ve yasal mevzuata uygun bir \u015fekilde faaliyetlerimizi s\u00fcrd\u00fcrmekteyiz.<\/p>\t\t\t\t\t\t\t\t<\/div>\n\t\t\t\t<\/div>\n\t\t\t\t<\/div>\n\t\t<div class=\"elementor-element elementor-element-5f914ac9 e-con-full e-flex e-con e-child\" data-id=\"5f914ac9\" data-element_type=\"container\">\n\t\t\t\t<div class=\"elementor-element elementor-element-1ea67c68 elementor-widget elementor-widget-image\" data-id=\"1ea67c68\" data-element_type=\"widget\" data-widget_type=\"image.default\">\n\t\t\t\t<div class=\"elementor-widget-container\">\n\t\t\t\t\t\t\t\t\t\t\t\t\t\t\t<img fetchpriority=\"high\" decoding=\"async\" width=\"900\" height=\"600\" src=\"https:\/\/ekenlergrup.com\/wp-content\/uploads\/2025\/07\/kromkanstre.jpg\" class=\"attachment-full size-full wp-image-941\" alt=\"\" srcset=\"https:\/\/ekenlergrup.com\/wp-content\/uploads\/2025\/07\/kromkanstre.jpg 900w, https:\/\/ekenlergrup.com\/wp-content\/uploads\/2025\/07\/kromkanstre-300x200.jpg 300w, https:\/\/ekenlergrup.com\/wp-content\/uploads\/2025\/07\/kromkanstre-768x512.jpg 768w\" sizes=\"(max-width: 900px) 100vw, 900px\" \/>\t\t\t\t\t\t\t\t\t\t\t\t\t\t\t<\/div>\n\t\t\t\t<\/div>\n\t\t\t\t<\/div>\n\t\t\t\t<\/div>\n\t\t\t\t\t<\/div>\n\t\t\t\t<\/div>\n\t\t<div class=\"elementor-element elementor-element-3ee37f3 e-flex e-con-boxed e-con e-parent\" data-id=\"3ee37f3\" data-element_type=\"container\" data-settings=\"{&quot;background_background&quot;:&quot;classic&quot;}\">\n\t\t\t\t\t<div class=\"e-con-inner\">\n\t\t<div class=\"elementor-element elementor-element-26a6b82 e-con-full e-flex e-con e-child\" data-id=\"26a6b82\" data-element_type=\"container\">\n\t\t\t\t<div class=\"elementor-element elementor-element-62de54f9 elementor-widget elementor-widget-heading\" data-id=\"62de54f9\" data-element_type=\"widget\" data-widget_type=\"heading.default\">\n\t\t\t\t<div class=\"elementor-widget-container\">\n\t\t\t\t\t<h2 class=\"elementor-heading-title elementor-size-default\">WhastApp \u00dczerinden Bize Ula\u015f\u0131n.<\/h2>\t\t\t\t<\/div>\n\t\t\t\t<\/div>\n\t\t\t\t<\/div>\n\t\t<div class=\"elementor-element elementor-element-f170f06 e-con-full e-flex e-con e-child\" data-id=\"f170f06\" data-element_type=\"container\">\n\t\t\t\t<div class=\"elementor-element elementor-element-50df8122 elementor-widget elementor-widget-ot-btn\" data-id=\"50df8122\" data-element_type=\"widget\" data-widget_type=\"ot-btn.default\">\n\t\t\t\t<div class=\"elementor-widget-container\">\n\t\t\t\t\t\t\t<div class=\"ot-button-wrapper\">\r\n\t\t\t<a href=\"https:\/\/api.whatsapp.com\/send\/?phone=905326001558\" class=\"octf-btn with-icon\">\r\n\t\t\t\tWhastApp \t\t\t\t\t\t\t\t\t<svg aria-hidden=\"true\" class=\"e-font-icon-svg e-fas-chevron-right\" viewBox=\"0 0 320 512\" xmlns=\"http:\/\/www.w3.org\/2000\/svg\"><path d=\"M285.476 272.971L91.132 467.314c-9.373 9.373-24.569 9.373-33.941 0l-22.667-22.667c-9.357-9.357-9.375-24.522-.04-33.901L188.505 256 34.484 101.255c-9.335-9.379-9.317-24.544.04-33.901l22.667-22.667c9.373-9.373 24.569-9.373 33.941 0L285.475 239.03c9.373 9.372 9.373 24.568.001 33.941z\"><\/path><\/svg>\t\t\t\t\t\t\t<\/a>\r\n\t    <\/div>\r\n\t    \t\t\t\t<\/div>\n\t\t\t\t<\/div>\n\t\t\t\t<\/div>\n\t\t\t\t\t<\/div>\n\t\t\t\t<\/div>\n\t\t\t\t<\/div>\n\t\t","protected":false},"excerpt":{"rendered":"<p>Krom konsantre \u00fcretimini, madenden \u00e7\u0131kard\u0131\u011f\u0131m\u0131z ham krom cevherini i\u015fleyerek ger\u00e7ekle\u015ftirmekteyiz. Do\u011frudan sanayide kullan\u0131lamayacak kadar d\u00fc\u015f\u00fck krom i\u00e7eri\u011fine sahip olan bu cevheri, tesisimize getirerek \u00e7e\u015fitli zenginle\u015ftirme i\u015flemlerinden ge\u00e7iriyoruz. \u0130lk olarak cevheri k\u0131rma ve \u00f6\u011f\u00fctme \u00fcnitelerinde daha k\u00fc\u00e7\u00fck par\u00e7alara ay\u0131r\u0131yoruz. Ard\u0131ndan yo\u011funluk fark\u0131na dayal\u0131 ay\u0131rma y\u00f6ntemleriyle (sars\u0131nt\u0131l\u0131 masalar, spiraller veya jig makineleri) krom i\u00e7eri\u011fini art\u0131r\u0131yoruz. Bu i\u015flemler [&hellip;]<\/p>\n","protected":false},"author":1,"featured_media":0,"parent":0,"menu_order":0,"comment_status":"closed","ping_status":"closed","template":"","meta":{"footnotes":""},"class_list":["post-554","page","type-page","status-publish","hentry"],"yoast_head":"<!-- This site is optimized with the Yoast SEO plugin v25.8 - https:\/\/yoast.com\/wordpress\/plugins\/seo\/ -->\r\n<title>KROM KONSANTRE - EKENLERGRUP<\/title>\r\n<meta name=\"robots\" content=\"index, follow, max-snippet:-1, max-image-preview:large, max-video-preview:-1\" \/>\r\n<link rel=\"canonical\" href=\"https:\/\/ekenlergrup.com\/index.php\/krom-konsantre\/\" \/>\r\n<meta property=\"og:locale\" content=\"tr_TR\" \/>\r\n<meta property=\"og:type\" content=\"article\" \/>\r\n<meta property=\"og:title\" content=\"KROM KONSANTRE - EKENLERGRUP\" \/>\r\n<meta property=\"og:description\" content=\"Krom konsantre \u00fcretimini, madenden \u00e7\u0131kard\u0131\u011f\u0131m\u0131z ham krom cevherini i\u015fleyerek ger\u00e7ekle\u015ftirmekteyiz. Do\u011frudan sanayide kullan\u0131lamayacak kadar d\u00fc\u015f\u00fck krom i\u00e7eri\u011fine sahip olan bu cevheri, tesisimize getirerek \u00e7e\u015fitli zenginle\u015ftirme i\u015flemlerinden ge\u00e7iriyoruz. \u0130lk olarak cevheri k\u0131rma ve \u00f6\u011f\u00fctme \u00fcnitelerinde daha k\u00fc\u00e7\u00fck par\u00e7alara ay\u0131r\u0131yoruz. Ard\u0131ndan yo\u011funluk fark\u0131na dayal\u0131 ay\u0131rma y\u00f6ntemleriyle (sars\u0131nt\u0131l\u0131 masalar, spiraller veya jig makineleri) krom i\u00e7eri\u011fini art\u0131r\u0131yoruz. Bu i\u015flemler [&hellip;]\" \/>\r\n<meta property=\"og:url\" content=\"https:\/\/ekenlergrup.com\/index.php\/krom-konsantre\/\" \/>\r\n<meta property=\"og:site_name\" content=\"EKENLERGRUP\" \/>\r\n<meta property=\"article:publisher\" content=\"https:\/\/www.facebook.com\/ekenlermadencilik\" \/>\r\n<meta property=\"article:modified_time\" content=\"2025-07-07T19:07:20+00:00\" \/>\r\n<meta property=\"og:image\" content=\"https:\/\/ekenlergrup.com\/wp-content\/uploads\/2025\/07\/kromkanstre.jpg\" \/>\r\n\t<meta property=\"og:image:width\" content=\"900\" \/>\r\n\t<meta property=\"og:image:height\" content=\"600\" \/>\r\n\t<meta property=\"og:image:type\" content=\"image\/jpeg\" \/>\r\n<meta name=\"twitter:card\" content=\"summary_large_image\" \/>\r\n<meta name=\"twitter:label1\" content=\"Tahmini okuma s\u00fcresi\" \/>\n\t<meta name=\"twitter:data1\" content=\"1 dakika\" \/>\r\n<script type=\"application\/ld+json\" class=\"yoast-schema-graph\">{\"@context\":\"https:\/\/schema.org\",\"@graph\":[{\"@type\":\"WebPage\",\"@id\":\"https:\/\/ekenlergrup.com\/index.php\/krom-konsantre\/\",\"url\":\"https:\/\/ekenlergrup.com\/index.php\/krom-konsantre\/\",\"name\":\"KROM KONSANTRE - EKENLERGRUP\",\"isPartOf\":{\"@id\":\"https:\/\/ekenlergrup.com\/#website\"},\"primaryImageOfPage\":{\"@id\":\"https:\/\/ekenlergrup.com\/index.php\/krom-konsantre\/#primaryimage\"},\"image\":{\"@id\":\"https:\/\/ekenlergrup.com\/index.php\/krom-konsantre\/#primaryimage\"},\"thumbnailUrl\":\"https:\/\/ekenlergrup.com\/wp-content\/uploads\/2025\/07\/kromkanstre.jpg\",\"datePublished\":\"2025-06-19T13:45:24+00:00\",\"dateModified\":\"2025-07-07T19:07:20+00:00\",\"breadcrumb\":{\"@id\":\"https:\/\/ekenlergrup.com\/index.php\/krom-konsantre\/#breadcrumb\"},\"inLanguage\":\"tr\",\"potentialAction\":[{\"@type\":\"ReadAction\",\"target\":[\"https:\/\/ekenlergrup.com\/index.php\/krom-konsantre\/\"]}]},{\"@type\":\"ImageObject\",\"inLanguage\":\"tr\",\"@id\":\"https:\/\/ekenlergrup.com\/index.php\/krom-konsantre\/#primaryimage\",\"url\":\"https:\/\/ekenlergrup.com\/wp-content\/uploads\/2025\/07\/kromkanstre.jpg\",\"contentUrl\":\"https:\/\/ekenlergrup.com\/wp-content\/uploads\/2025\/07\/kromkanstre.jpg\",\"width\":900,\"height\":600},{\"@type\":\"BreadcrumbList\",\"@id\":\"https:\/\/ekenlergrup.com\/index.php\/krom-konsantre\/#breadcrumb\",\"itemListElement\":[{\"@type\":\"ListItem\",\"position\":1,\"name\":\"Home\",\"item\":\"https:\/\/ekenlergrup.com\/\"},{\"@type\":\"ListItem\",\"position\":2,\"name\":\"KROM KONSANTRE\"}]},{\"@type\":\"WebSite\",\"@id\":\"https:\/\/ekenlergrup.com\/#website\",\"url\":\"https:\/\/ekenlergrup.com\/\",\"name\":\"EKENLERGRUP\",\"description\":\"\",\"publisher\":{\"@id\":\"https:\/\/ekenlergrup.com\/#organization\"},\"potentialAction\":[{\"@type\":\"SearchAction\",\"target\":{\"@type\":\"EntryPoint\",\"urlTemplate\":\"https:\/\/ekenlergrup.com\/?s={search_term_string}\"},\"query-input\":{\"@type\":\"PropertyValueSpecification\",\"valueRequired\":true,\"valueName\":\"search_term_string\"}}],\"inLanguage\":\"tr\"},{\"@type\":\"Organization\",\"@id\":\"https:\/\/ekenlergrup.com\/#organization\",\"name\":\"EKENLERGRUP\",\"url\":\"https:\/\/ekenlergrup.com\/\",\"logo\":{\"@type\":\"ImageObject\",\"inLanguage\":\"tr\",\"@id\":\"https:\/\/ekenlergrup.com\/#\/schema\/logo\/image\/\",\"url\":\"https:\/\/ekenlergrup.com\/wp-content\/uploads\/2025\/07\/ekenlergrupalt.png\",\"contentUrl\":\"https:\/\/ekenlergrup.com\/wp-content\/uploads\/2025\/07\/ekenlergrupalt.png\",\"width\":400,\"height\":168,\"caption\":\"EKENLERGRUP\"},\"image\":{\"@id\":\"https:\/\/ekenlergrup.com\/#\/schema\/logo\/image\/\"},\"sameAs\":[\"https:\/\/www.facebook.com\/ekenlermadencilik\",\"https:\/\/www.instagram.com\/ekenlerbeton\/\",\"https:\/\/www.linkedin.com\/company\/ekenler-beton\/\"]}]}<\/script>\r\n<!-- \/ Yoast SEO plugin. -->","yoast_head_json":{"title":"KROM KONSANTRE - EKENLERGRUP","robots":{"index":"index","follow":"follow","max-snippet":"max-snippet:-1","max-image-preview":"max-image-preview:large","max-video-preview":"max-video-preview:-1"},"canonical":"https:\/\/ekenlergrup.com\/index.php\/krom-konsantre\/","og_locale":"tr_TR","og_type":"article","og_title":"KROM KONSANTRE - EKENLERGRUP","og_description":"Krom konsantre \u00fcretimini, madenden \u00e7\u0131kard\u0131\u011f\u0131m\u0131z ham krom cevherini i\u015fleyerek ger\u00e7ekle\u015ftirmekteyiz. Do\u011frudan sanayide kullan\u0131lamayacak kadar d\u00fc\u015f\u00fck krom i\u00e7eri\u011fine sahip olan bu cevheri, tesisimize getirerek \u00e7e\u015fitli zenginle\u015ftirme i\u015flemlerinden ge\u00e7iriyoruz. \u0130lk olarak cevheri k\u0131rma ve \u00f6\u011f\u00fctme \u00fcnitelerinde daha k\u00fc\u00e7\u00fck par\u00e7alara ay\u0131r\u0131yoruz. Ard\u0131ndan yo\u011funluk fark\u0131na dayal\u0131 ay\u0131rma y\u00f6ntemleriyle (sars\u0131nt\u0131l\u0131 masalar, spiraller veya jig makineleri) krom i\u00e7eri\u011fini art\u0131r\u0131yoruz. Bu i\u015flemler [&hellip;]","og_url":"https:\/\/ekenlergrup.com\/index.php\/krom-konsantre\/","og_site_name":"EKENLERGRUP","article_publisher":"https:\/\/www.facebook.com\/ekenlermadencilik","article_modified_time":"2025-07-07T19:07:20+00:00","og_image":[{"width":900,"height":600,"url":"https:\/\/ekenlergrup.com\/wp-content\/uploads\/2025\/07\/kromkanstre.jpg","type":"image\/jpeg"}],"twitter_card":"summary_large_image","twitter_misc":{"Tahmini okuma s\u00fcresi":"1 dakika"},"schema":{"@context":"https:\/\/schema.org","@graph":[{"@type":"WebPage","@id":"https:\/\/ekenlergrup.com\/index.php\/krom-konsantre\/","url":"https:\/\/ekenlergrup.com\/index.php\/krom-konsantre\/","name":"KROM KONSANTRE - EKENLERGRUP","isPartOf":{"@id":"https:\/\/ekenlergrup.com\/#website"},"primaryImageOfPage":{"@id":"https:\/\/ekenlergrup.com\/index.php\/krom-konsantre\/#primaryimage"},"image":{"@id":"https:\/\/ekenlergrup.com\/index.php\/krom-konsantre\/#primaryimage"},"thumbnailUrl":"https:\/\/ekenlergrup.com\/wp-content\/uploads\/2025\/07\/kromkanstre.jpg","datePublished":"2025-06-19T13:45:24+00:00","dateModified":"2025-07-07T19:07:20+00:00","breadcrumb":{"@id":"https:\/\/ekenlergrup.com\/index.php\/krom-konsantre\/#breadcrumb"},"inLanguage":"tr","potentialAction":[{"@type":"ReadAction","target":["https:\/\/ekenlergrup.com\/index.php\/krom-konsantre\/"]}]},{"@type":"ImageObject","inLanguage":"tr","@id":"https:\/\/ekenlergrup.com\/index.php\/krom-konsantre\/#primaryimage","url":"https:\/\/ekenlergrup.com\/wp-content\/uploads\/2025\/07\/kromkanstre.jpg","contentUrl":"https:\/\/ekenlergrup.com\/wp-content\/uploads\/2025\/07\/kromkanstre.jpg","width":900,"height":600},{"@type":"BreadcrumbList","@id":"https:\/\/ekenlergrup.com\/index.php\/krom-konsantre\/#breadcrumb","itemListElement":[{"@type":"ListItem","position":1,"name":"Home","item":"https:\/\/ekenlergrup.com\/"},{"@type":"ListItem","position":2,"name":"KROM KONSANTRE"}]},{"@type":"WebSite","@id":"https:\/\/ekenlergrup.com\/#website","url":"https:\/\/ekenlergrup.com\/","name":"EKENLERGRUP","description":"","publisher":{"@id":"https:\/\/ekenlergrup.com\/#organization"},"potentialAction":[{"@type":"SearchAction","target":{"@type":"EntryPoint","urlTemplate":"https:\/\/ekenlergrup.com\/?s={search_term_string}"},"query-input":{"@type":"PropertyValueSpecification","valueRequired":true,"valueName":"search_term_string"}}],"inLanguage":"tr"},{"@type":"Organization","@id":"https:\/\/ekenlergrup.com\/#organization","name":"EKENLERGRUP","url":"https:\/\/ekenlergrup.com\/","logo":{"@type":"ImageObject","inLanguage":"tr","@id":"https:\/\/ekenlergrup.com\/#\/schema\/logo\/image\/","url":"https:\/\/ekenlergrup.com\/wp-content\/uploads\/2025\/07\/ekenlergrupalt.png","contentUrl":"https:\/\/ekenlergrup.com\/wp-content\/uploads\/2025\/07\/ekenlergrupalt.png","width":400,"height":168,"caption":"EKENLERGRUP"},"image":{"@id":"https:\/\/ekenlergrup.com\/#\/schema\/logo\/image\/"},"sameAs":["https:\/\/www.facebook.com\/ekenlermadencilik","https:\/\/www.instagram.com\/ekenlerbeton\/","https:\/\/www.linkedin.com\/company\/ekenler-beton\/"]}]}},"_links":{"self":[{"href":"https:\/\/ekenlergrup.com\/index.php\/wp-json\/wp\/v2\/pages\/554","targetHints":{"allow":["GET"]}}],"collection":[{"href":"https:\/\/ekenlergrup.com\/index.php\/wp-json\/wp\/v2\/pages"}],"about":[{"href":"https:\/\/ekenlergrup.com\/index.php\/wp-json\/wp\/v2\/types\/page"}],"author":[{"embeddable":true,"href":"https:\/\/ekenlergrup.com\/index.php\/wp-json\/wp\/v2\/users\/1"}],"replies":[{"embeddable":true,"href":"https:\/\/ekenlergrup.com\/index.php\/wp-json\/wp\/v2\/comments?post=554"}],"version-history":[{"count":11,"href":"https:\/\/ekenlergrup.com\/index.php\/wp-json\/wp\/v2\/pages\/554\/revisions"}],"predecessor-version":[{"id":1094,"href":"https:\/\/ekenlergrup.com\/index.php\/wp-json\/wp\/v2\/pages\/554\/revisions\/1094"}],"wp:attachment":[{"href":"https:\/\/ekenlergrup.com\/index.php\/wp-json\/wp\/v2\/media?parent=554"}],"curies":[{"name":"wp","href":"https:\/\/api.w.org\/{rel}","templated":true}]}}