{"id":562,"date":"2025-06-19T13:54:35","date_gmt":"2025-06-19T13:54:35","guid":{"rendered":"https:\/\/ekenlergrup.com\/?page_id=562"},"modified":"2025-07-07T18:38:31","modified_gmt":"2025-07-07T18:38:31","slug":"nakliye","status":"publish","type":"page","link":"https:\/\/ekenlergrup.com\/index.php\/nakliye\/","title":{"rendered":"NAKL\u0130YE"},"content":{"rendered":"\t\t<div data-elementor-type=\"wp-page\" data-elementor-id=\"562\" class=\"elementor elementor-562\">\n\t\t\t\t<div class=\"elementor-element elementor-element-56e96864 elementor-hidden-tablet elementor-hidden-mobile e-flex e-con-boxed e-con e-parent\" data-id=\"56e96864\" data-element_type=\"container\" data-settings=\"{&quot;background_background&quot;:&quot;classic&quot;}\">\n\t\t\t\t\t<div class=\"e-con-inner\">\n\t\t\t\t\t<\/div>\n\t\t\t\t<\/div>\n\t\t<div class=\"elementor-element elementor-element-4e78184a e-flex e-con-boxed e-con e-parent\" data-id=\"4e78184a\" data-element_type=\"container\" data-settings=\"{&quot;background_background&quot;:&quot;classic&quot;}\">\n\t\t\t\t\t<div class=\"e-con-inner\">\n\t\t<div class=\"elementor-element elementor-element-1ef83822 e-con-full e-flex e-con e-child\" data-id=\"1ef83822\" data-element_type=\"container\">\n\t\t<div class=\"elementor-element elementor-element-573be0ed e-con-full e-flex e-con e-child\" data-id=\"573be0ed\" data-element_type=\"container\">\n\t\t\t\t<div class=\"elementor-element elementor-element-2338ab88 elementor-widget elementor-widget-text-editor\" data-id=\"2338ab88\" data-element_type=\"widget\" data-widget_type=\"text-editor.default\">\n\t\t\t\t<div class=\"elementor-widget-container\">\n\t\t\t\t\t\t\t\t\t<p class=\"ds-markdown-paragraph\">Geni\u015f ara\u00e7 filosu ve deneyimli s\u00fcr\u00fcc\u00fc kadrosuyla, lojistik ve nakliye alan\u0131nda g\u00fcvenli, h\u0131zl\u0131 ve ekonomik \u00e7\u00f6z\u00fcmler \u00fcretmektedir.<br \/>Hizmet verdi\u011fimiz lojistik alanlar\u0131:<br \/>\u2022 \u0130n\u015faat ve yap\u0131 malzemesi ta\u015f\u0131mac\u0131l\u0131\u011f\u0131<br \/>\u2022 Madencilik ve sanayi \u00fcr\u00fcnleri lojisti\u011fi<br \/>\u2022 Akaryak\u0131t ve tehlikeli madde ta\u015f\u0131mac\u0131l\u0131\u011f\u0131<br \/>\u2022 \u015eehir i\u00e7i ve \u015fehirler aras\u0131 y\u00fck ta\u015f\u0131mac\u0131l\u0131\u011f\u0131<br \/>T\u00fcm ta\u015f\u0131mac\u0131l\u0131k faaliyetlerimiz yasal d\u00fczenlemelere uygun \u015fekilde ger\u00e7ekle\u015ftirilmekte olup, dijital takip sistemleriyle sevkiyat s\u00fcre\u00e7leri anl\u0131k olarak izlenmektedir. G\u00fcvenilir lojistik \u00e7\u00f6z\u00fcmlerimizle, i\u015f ortaklar\u0131m\u0131z\u0131n y\u00fck\u00fcn\u00fc hafifletiyoruz.<\/p>\t\t\t\t\t\t\t\t<\/div>\n\t\t\t\t<\/div>\n\t\t\t\t<\/div>\n\t\t<div class=\"elementor-element elementor-element-57d3b85 e-con-full e-flex e-con e-child\" data-id=\"57d3b85\" data-element_type=\"container\">\n\t\t\t\t<div class=\"elementor-element elementor-element-6025ce11 elementor-widget elementor-widget-image\" data-id=\"6025ce11\" data-element_type=\"widget\" data-widget_type=\"image.default\">\n\t\t\t\t<div class=\"elementor-widget-container\">\n\t\t\t\t\t\t\t\t\t\t\t\t\t\t\t<img fetchpriority=\"high\" decoding=\"async\" width=\"300\" height=\"216\" src=\"https:\/\/ekenlergrup.com\/wp-content\/uploads\/2025\/07\/nakliye-300x216.jpg\" class=\"attachment-medium size-medium wp-image-973\" alt=\"\" srcset=\"https:\/\/ekenlergrup.com\/wp-content\/uploads\/2025\/07\/nakliye-300x216.jpg 300w, https:\/\/ekenlergrup.com\/wp-content\/uploads\/2025\/07\/nakliye-768x553.jpg 768w, https:\/\/ekenlergrup.com\/wp-content\/uploads\/2025\/07\/nakliye.jpg 833w\" sizes=\"(max-width: 300px) 100vw, 300px\" \/>\t\t\t\t\t\t\t\t\t\t\t\t\t\t\t<\/div>\n\t\t\t\t<\/div>\n\t\t\t\t<\/div>\n\t\t\t\t<\/div>\n\t\t\t\t\t<\/div>\n\t\t\t\t<\/div>\n\t\t<div class=\"elementor-element elementor-element-5750e64a e-flex e-con-boxed e-con e-parent\" data-id=\"5750e64a\" data-element_type=\"container\" data-settings=\"{&quot;background_background&quot;:&quot;classic&quot;}\">\n\t\t\t\t\t<div class=\"e-con-inner\">\n\t\t<div class=\"elementor-element elementor-element-5ec10df9 e-con-full e-flex e-con e-child\" data-id=\"5ec10df9\" data-element_type=\"container\">\n\t\t\t\t<div class=\"elementor-element elementor-element-7bbcb781 elementor-widget elementor-widget-heading\" data-id=\"7bbcb781\" data-element_type=\"widget\" data-widget_type=\"heading.default\">\n\t\t\t\t<div class=\"elementor-widget-container\">\n\t\t\t\t\t<h2 class=\"elementor-heading-title elementor-size-default\">WhastApp \u00dczerinden Bize Ula\u015f\u0131n.<\/h2>\t\t\t\t<\/div>\n\t\t\t\t<\/div>\n\t\t\t\t<\/div>\n\t\t<div class=\"elementor-element elementor-element-9110b0c e-con-full e-flex e-con e-child\" data-id=\"9110b0c\" data-element_type=\"container\">\n\t\t\t\t<div class=\"elementor-element elementor-element-53cc73ee elementor-widget elementor-widget-ot-btn\" data-id=\"53cc73ee\" data-element_type=\"widget\" data-widget_type=\"ot-btn.default\">\n\t\t\t\t<div class=\"elementor-widget-container\">\n\t\t\t\t\t\t\t<div class=\"ot-button-wrapper\">\r\n\t\t\t<a href=\"https:\/\/api.whatsapp.com\/send\/?phone=905326001558\" class=\"octf-btn with-icon\">\r\n\t\t\t\tWhastApp \t\t\t\t\t\t\t\t\t<svg aria-hidden=\"true\" class=\"e-font-icon-svg e-fas-chevron-right\" viewBox=\"0 0 320 512\" xmlns=\"http:\/\/www.w3.org\/2000\/svg\"><path d=\"M285.476 272.971L91.132 467.314c-9.373 9.373-24.569 9.373-33.941 0l-22.667-22.667c-9.357-9.357-9.375-24.522-.04-33.901L188.505 256 34.484 101.255c-9.335-9.379-9.317-24.544.04-33.901l22.667-22.667c9.373-9.373 24.569-9.373 33.941 0L285.475 239.03c9.373 9.372 9.373 24.568.001 33.941z\"><\/path><\/svg>\t\t\t\t\t\t\t<\/a>\r\n\t    <\/div>\r\n\t    \t\t\t\t<\/div>\n\t\t\t\t<\/div>\n\t\t\t\t<\/div>\n\t\t\t\t\t<\/div>\n\t\t\t\t<\/div>\n\t\t\t\t<\/div>\n\t\t","protected":false},"excerpt":{"rendered":"<p>Geni\u015f ara\u00e7 filosu ve deneyimli s\u00fcr\u00fcc\u00fc kadrosuyla, lojistik ve nakliye alan\u0131nda g\u00fcvenli, h\u0131zl\u0131 ve ekonomik \u00e7\u00f6z\u00fcmler \u00fcretmektedir.Hizmet verdi\u011fimiz lojistik alanlar\u0131:\u2022 \u0130n\u015faat ve yap\u0131 malzemesi ta\u015f\u0131mac\u0131l\u0131\u011f\u0131\u2022 Madencilik ve sanayi \u00fcr\u00fcnleri lojisti\u011fi\u2022 Akaryak\u0131t ve tehlikeli madde ta\u015f\u0131mac\u0131l\u0131\u011f\u0131\u2022 \u015eehir i\u00e7i ve \u015fehirler aras\u0131 y\u00fck ta\u015f\u0131mac\u0131l\u0131\u011f\u0131T\u00fcm ta\u015f\u0131mac\u0131l\u0131k faaliyetlerimiz yasal d\u00fczenlemelere uygun \u015fekilde ger\u00e7ekle\u015ftirilmekte olup, dijital takip sistemleriyle sevkiyat s\u00fcre\u00e7leri [&hellip;]<\/p>\n","protected":false},"author":1,"featured_media":0,"parent":0,"menu_order":0,"comment_status":"closed","ping_status":"closed","template":"","meta":{"footnotes":""},"class_list":["post-562","page","type-page","status-publish","hentry"],"yoast_head":"<!-- This site is optimized with the Yoast SEO plugin v25.8 - https:\/\/yoast.com\/wordpress\/plugins\/seo\/ -->\r\n<title>NAKL\u0130YE - EKENLERGRUP<\/title>\r\n<meta name=\"robots\" content=\"index, follow, max-snippet:-1, max-image-preview:large, max-video-preview:-1\" \/>\r\n<link rel=\"canonical\" href=\"https:\/\/ekenlergrup.com\/index.php\/nakliye\/\" \/>\r\n<meta property=\"og:locale\" content=\"tr_TR\" \/>\r\n<meta property=\"og:type\" content=\"article\" \/>\r\n<meta property=\"og:title\" content=\"NAKL\u0130YE - EKENLERGRUP\" \/>\r\n<meta property=\"og:description\" content=\"Geni\u015f ara\u00e7 filosu ve deneyimli s\u00fcr\u00fcc\u00fc kadrosuyla, lojistik ve nakliye alan\u0131nda g\u00fcvenli, h\u0131zl\u0131 ve ekonomik \u00e7\u00f6z\u00fcmler \u00fcretmektedir.Hizmet verdi\u011fimiz lojistik alanlar\u0131:\u2022 \u0130n\u015faat ve yap\u0131 malzemesi ta\u015f\u0131mac\u0131l\u0131\u011f\u0131\u2022 Madencilik ve sanayi \u00fcr\u00fcnleri lojisti\u011fi\u2022 Akaryak\u0131t ve tehlikeli madde ta\u015f\u0131mac\u0131l\u0131\u011f\u0131\u2022 \u015eehir i\u00e7i ve \u015fehirler aras\u0131 y\u00fck ta\u015f\u0131mac\u0131l\u0131\u011f\u0131T\u00fcm ta\u015f\u0131mac\u0131l\u0131k faaliyetlerimiz yasal d\u00fczenlemelere uygun \u015fekilde ger\u00e7ekle\u015ftirilmekte olup, dijital takip sistemleriyle sevkiyat s\u00fcre\u00e7leri [&hellip;]\" \/>\r\n<meta property=\"og:url\" content=\"https:\/\/ekenlergrup.com\/index.php\/nakliye\/\" \/>\r\n<meta property=\"og:site_name\" content=\"EKENLERGRUP\" \/>\r\n<meta property=\"article:publisher\" content=\"https:\/\/www.facebook.com\/ekenlermadencilik\" \/>\r\n<meta property=\"article:modified_time\" content=\"2025-07-07T18:38:31+00:00\" \/>\r\n<meta property=\"og:image\" content=\"https:\/\/ekenlergrup.com\/wp-content\/uploads\/2025\/07\/nakliye.jpg\" \/>\r\n\t<meta property=\"og:image:width\" content=\"833\" \/>\r\n\t<meta property=\"og:image:height\" content=\"600\" \/>\r\n\t<meta property=\"og:image:type\" content=\"image\/jpeg\" \/>\r\n<meta name=\"twitter:card\" content=\"summary_large_image\" \/>\r\n<meta name=\"twitter:label1\" content=\"Tahmini okuma s\u00fcresi\" \/>\n\t<meta name=\"twitter:data1\" content=\"1 dakika\" \/>\r\n<script type=\"application\/ld+json\" class=\"yoast-schema-graph\">{\"@context\":\"https:\/\/schema.org\",\"@graph\":[{\"@type\":\"WebPage\",\"@id\":\"https:\/\/ekenlergrup.com\/index.php\/nakliye\/\",\"url\":\"https:\/\/ekenlergrup.com\/index.php\/nakliye\/\",\"name\":\"NAKL\u0130YE - EKENLERGRUP\",\"isPartOf\":{\"@id\":\"https:\/\/ekenlergrup.com\/#website\"},\"primaryImageOfPage\":{\"@id\":\"https:\/\/ekenlergrup.com\/index.php\/nakliye\/#primaryimage\"},\"image\":{\"@id\":\"https:\/\/ekenlergrup.com\/index.php\/nakliye\/#primaryimage\"},\"thumbnailUrl\":\"https:\/\/ekenlergrup.com\/wp-content\/uploads\/2025\/07\/nakliye-300x216.jpg\",\"datePublished\":\"2025-06-19T13:54:35+00:00\",\"dateModified\":\"2025-07-07T18:38:31+00:00\",\"breadcrumb\":{\"@id\":\"https:\/\/ekenlergrup.com\/index.php\/nakliye\/#breadcrumb\"},\"inLanguage\":\"tr\",\"potentialAction\":[{\"@type\":\"ReadAction\",\"target\":[\"https:\/\/ekenlergrup.com\/index.php\/nakliye\/\"]}]},{\"@type\":\"ImageObject\",\"inLanguage\":\"tr\",\"@id\":\"https:\/\/ekenlergrup.com\/index.php\/nakliye\/#primaryimage\",\"url\":\"https:\/\/ekenlergrup.com\/wp-content\/uploads\/2025\/07\/nakliye.jpg\",\"contentUrl\":\"https:\/\/ekenlergrup.com\/wp-content\/uploads\/2025\/07\/nakliye.jpg\",\"width\":833,\"height\":600},{\"@type\":\"BreadcrumbList\",\"@id\":\"https:\/\/ekenlergrup.com\/index.php\/nakliye\/#breadcrumb\",\"itemListElement\":[{\"@type\":\"ListItem\",\"position\":1,\"name\":\"Home\",\"item\":\"https:\/\/ekenlergrup.com\/\"},{\"@type\":\"ListItem\",\"position\":2,\"name\":\"NAKL\u0130YE\"}]},{\"@type\":\"WebSite\",\"@id\":\"https:\/\/ekenlergrup.com\/#website\",\"url\":\"https:\/\/ekenlergrup.com\/\",\"name\":\"EKENLERGRUP\",\"description\":\"\",\"publisher\":{\"@id\":\"https:\/\/ekenlergrup.com\/#organization\"},\"potentialAction\":[{\"@type\":\"SearchAction\",\"target\":{\"@type\":\"EntryPoint\",\"urlTemplate\":\"https:\/\/ekenlergrup.com\/?s={search_term_string}\"},\"query-input\":{\"@type\":\"PropertyValueSpecification\",\"valueRequired\":true,\"valueName\":\"search_term_string\"}}],\"inLanguage\":\"tr\"},{\"@type\":\"Organization\",\"@id\":\"https:\/\/ekenlergrup.com\/#organization\",\"name\":\"EKENLERGRUP\",\"url\":\"https:\/\/ekenlergrup.com\/\",\"logo\":{\"@type\":\"ImageObject\",\"inLanguage\":\"tr\",\"@id\":\"https:\/\/ekenlergrup.com\/#\/schema\/logo\/image\/\",\"url\":\"https:\/\/ekenlergrup.com\/wp-content\/uploads\/2025\/07\/ekenlergrupalt.png\",\"contentUrl\":\"https:\/\/ekenlergrup.com\/wp-content\/uploads\/2025\/07\/ekenlergrupalt.png\",\"width\":400,\"height\":168,\"caption\":\"EKENLERGRUP\"},\"image\":{\"@id\":\"https:\/\/ekenlergrup.com\/#\/schema\/logo\/image\/\"},\"sameAs\":[\"https:\/\/www.facebook.com\/ekenlermadencilik\",\"https:\/\/www.instagram.com\/ekenlerbeton\/\",\"https:\/\/www.linkedin.com\/company\/ekenler-beton\/\"]}]}<\/script>\r\n<!-- \/ Yoast SEO plugin. -->","yoast_head_json":{"title":"NAKL\u0130YE - EKENLERGRUP","robots":{"index":"index","follow":"follow","max-snippet":"max-snippet:-1","max-image-preview":"max-image-preview:large","max-video-preview":"max-video-preview:-1"},"canonical":"https:\/\/ekenlergrup.com\/index.php\/nakliye\/","og_locale":"tr_TR","og_type":"article","og_title":"NAKL\u0130YE - EKENLERGRUP","og_description":"Geni\u015f ara\u00e7 filosu ve deneyimli s\u00fcr\u00fcc\u00fc kadrosuyla, lojistik ve nakliye alan\u0131nda g\u00fcvenli, h\u0131zl\u0131 ve ekonomik \u00e7\u00f6z\u00fcmler \u00fcretmektedir.Hizmet verdi\u011fimiz lojistik alanlar\u0131:\u2022 \u0130n\u015faat ve yap\u0131 malzemesi ta\u015f\u0131mac\u0131l\u0131\u011f\u0131\u2022 Madencilik ve sanayi \u00fcr\u00fcnleri lojisti\u011fi\u2022 Akaryak\u0131t ve tehlikeli madde ta\u015f\u0131mac\u0131l\u0131\u011f\u0131\u2022 \u015eehir i\u00e7i ve \u015fehirler aras\u0131 y\u00fck ta\u015f\u0131mac\u0131l\u0131\u011f\u0131T\u00fcm ta\u015f\u0131mac\u0131l\u0131k faaliyetlerimiz yasal d\u00fczenlemelere uygun \u015fekilde ger\u00e7ekle\u015ftirilmekte olup, dijital takip sistemleriyle sevkiyat s\u00fcre\u00e7leri [&hellip;]","og_url":"https:\/\/ekenlergrup.com\/index.php\/nakliye\/","og_site_name":"EKENLERGRUP","article_publisher":"https:\/\/www.facebook.com\/ekenlermadencilik","article_modified_time":"2025-07-07T18:38:31+00:00","og_image":[{"width":833,"height":600,"url":"https:\/\/ekenlergrup.com\/wp-content\/uploads\/2025\/07\/nakliye.jpg","type":"image\/jpeg"}],"twitter_card":"summary_large_image","twitter_misc":{"Tahmini okuma s\u00fcresi":"1 dakika"},"schema":{"@context":"https:\/\/schema.org","@graph":[{"@type":"WebPage","@id":"https:\/\/ekenlergrup.com\/index.php\/nakliye\/","url":"https:\/\/ekenlergrup.com\/index.php\/nakliye\/","name":"NAKL\u0130YE - EKENLERGRUP","isPartOf":{"@id":"https:\/\/ekenlergrup.com\/#website"},"primaryImageOfPage":{"@id":"https:\/\/ekenlergrup.com\/index.php\/nakliye\/#primaryimage"},"image":{"@id":"https:\/\/ekenlergrup.com\/index.php\/nakliye\/#primaryimage"},"thumbnailUrl":"https:\/\/ekenlergrup.com\/wp-content\/uploads\/2025\/07\/nakliye-300x216.jpg","datePublished":"2025-06-19T13:54:35+00:00","dateModified":"2025-07-07T18:38:31+00:00","breadcrumb":{"@id":"https:\/\/ekenlergrup.com\/index.php\/nakliye\/#breadcrumb"},"inLanguage":"tr","potentialAction":[{"@type":"ReadAction","target":["https:\/\/ekenlergrup.com\/index.php\/nakliye\/"]}]},{"@type":"ImageObject","inLanguage":"tr","@id":"https:\/\/ekenlergrup.com\/index.php\/nakliye\/#primaryimage","url":"https:\/\/ekenlergrup.com\/wp-content\/uploads\/2025\/07\/nakliye.jpg","contentUrl":"https:\/\/ekenlergrup.com\/wp-content\/uploads\/2025\/07\/nakliye.jpg","width":833,"height":600},{"@type":"BreadcrumbList","@id":"https:\/\/ekenlergrup.com\/index.php\/nakliye\/#breadcrumb","itemListElement":[{"@type":"ListItem","position":1,"name":"Home","item":"https:\/\/ekenlergrup.com\/"},{"@type":"ListItem","position":2,"name":"NAKL\u0130YE"}]},{"@type":"WebSite","@id":"https:\/\/ekenlergrup.com\/#website","url":"https:\/\/ekenlergrup.com\/","name":"EKENLERGRUP","description":"","publisher":{"@id":"https:\/\/ekenlergrup.com\/#organization"},"potentialAction":[{"@type":"SearchAction","target":{"@type":"EntryPoint","urlTemplate":"https:\/\/ekenlergrup.com\/?s={search_term_string}"},"query-input":{"@type":"PropertyValueSpecification","valueRequired":true,"valueName":"search_term_string"}}],"inLanguage":"tr"},{"@type":"Organization","@id":"https:\/\/ekenlergrup.com\/#organization","name":"EKENLERGRUP","url":"https:\/\/ekenlergrup.com\/","logo":{"@type":"ImageObject","inLanguage":"tr","@id":"https:\/\/ekenlergrup.com\/#\/schema\/logo\/image\/","url":"https:\/\/ekenlergrup.com\/wp-content\/uploads\/2025\/07\/ekenlergrupalt.png","contentUrl":"https:\/\/ekenlergrup.com\/wp-content\/uploads\/2025\/07\/ekenlergrupalt.png","width":400,"height":168,"caption":"EKENLERGRUP"},"image":{"@id":"https:\/\/ekenlergrup.com\/#\/schema\/logo\/image\/"},"sameAs":["https:\/\/www.facebook.com\/ekenlermadencilik","https:\/\/www.instagram.com\/ekenlerbeton\/","https:\/\/www.linkedin.com\/company\/ekenler-beton\/"]}]}},"_links":{"self":[{"href":"https:\/\/ekenlergrup.com\/index.php\/wp-json\/wp\/v2\/pages\/562","targetHints":{"allow":["GET"]}}],"collection":[{"href":"https:\/\/ekenlergrup.com\/index.php\/wp-json\/wp\/v2\/pages"}],"about":[{"href":"https:\/\/ekenlergrup.com\/index.php\/wp-json\/wp\/v2\/types\/page"}],"author":[{"embeddable":true,"href":"https:\/\/ekenlergrup.com\/index.php\/wp-json\/wp\/v2\/users\/1"}],"replies":[{"embeddable":true,"href":"https:\/\/ekenlergrup.com\/index.php\/wp-json\/wp\/v2\/comments?post=562"}],"version-history":[{"count":14,"href":"https:\/\/ekenlergrup.com\/index.php\/wp-json\/wp\/v2\/pages\/562\/revisions"}],"predecessor-version":[{"id":1085,"href":"https:\/\/ekenlergrup.com\/index.php\/wp-json\/wp\/v2\/pages\/562\/revisions\/1085"}],"wp:attachment":[{"href":"https:\/\/ekenlergrup.com\/index.php\/wp-json\/wp\/v2\/media?parent=562"}],"curies":[{"name":"wp","href":"https:\/\/api.w.org\/{rel}","templated":true}]}}