{"id":564,"date":"2025-06-19T13:56:34","date_gmt":"2025-06-19T13:56:34","guid":{"rendered":"https:\/\/ekenlergrup.com\/?page_id=564"},"modified":"2025-07-08T07:41:57","modified_gmt":"2025-07-08T07:41:57","slug":"ges","status":"publish","type":"page","link":"https:\/\/ekenlergrup.com\/index.php\/ges\/","title":{"rendered":"GES"},"content":{"rendered":"\t\t<div data-elementor-type=\"wp-page\" data-elementor-id=\"564\" class=\"elementor elementor-564\">\n\t\t\t\t<div class=\"elementor-element elementor-element-701df7ef elementor-hidden-tablet elementor-hidden-mobile e-flex e-con-boxed e-con e-parent\" data-id=\"701df7ef\" data-element_type=\"container\" data-settings=\"{&quot;background_background&quot;:&quot;classic&quot;}\">\n\t\t\t\t\t<div class=\"e-con-inner\">\n\t\t\t\t\t<\/div>\n\t\t\t\t<\/div>\n\t\t<div class=\"elementor-element elementor-element-31b78328 e-flex e-con-boxed e-con e-parent\" data-id=\"31b78328\" data-element_type=\"container\" data-settings=\"{&quot;background_background&quot;:&quot;classic&quot;}\">\n\t\t\t\t\t<div class=\"e-con-inner\">\n\t\t<div class=\"elementor-element elementor-element-7e04677e e-con-full e-flex e-con e-child\" data-id=\"7e04677e\" data-element_type=\"container\">\n\t\t<div class=\"elementor-element elementor-element-74d1c840 e-con-full e-flex e-con e-child\" data-id=\"74d1c840\" data-element_type=\"container\">\n\t\t\t\t<div class=\"elementor-element elementor-element-6f30d25d elementor-widget elementor-widget-text-editor\" data-id=\"6f30d25d\" data-element_type=\"widget\" data-widget_type=\"text-editor.default\">\n\t\t\t\t<div class=\"elementor-widget-container\">\n\t\t\t\t\t\t\t\t\t<p>\u00a0<\/p><p>Enerji sekt\u00f6r\u00fcndeki s\u00fcrd\u00fcr\u00fclebilirlik hedeflerimiz do\u011frultusunda, g\u00fcne\u015f enerjisi alan\u0131na yat\u0131r\u0131m yaparak kendi G\u00fcne\u015f Enerjisi Santralimizi (GES) devreye ald\u0131k. Kurulan santral ile \u00e7evre dostu, temiz ve yenilenebilir kaynaklardan elektrik \u00fcretimi ger\u00e7ekle\u015ftirilmektedir.<\/p><p>Enerji ihtiyac\u0131n\u0131n ka1r\u015f\u0131lanmas\u0131nda do\u011faya duyarl\u0131 \u00e7\u00f6z\u00fcmler geli\u015ftirmek, hem \u00e7evresel sorumlulu\u011fumuzun bir par\u00e7as\u0131 hem de gelecek vizyonumuzun temel unsurlar\u0131ndand\u0131r. Bu anlay\u0131\u015fla, yak\u0131n d\u00f6nemde g\u00fcne\u015f enerjisi yat\u0131r\u0131mlar\u0131m\u0131z\u0131 geni\u015fletmeyi ve yeni projeleri hayata ge\u00e7irmeyi hedefliyoruz.<\/p><p>Yenilenebilir enerji alan\u0131ndaki \u00e7al\u0131\u015fmalar\u0131m\u0131zla, enerji \u00fcretiminde d\u0131\u015fa ba\u011f\u0131ml\u0131l\u0131\u011f\u0131 azaltmay\u0131, \u00e7evresel etkileri en aza indirmeyi ve s\u00fcrd\u00fcr\u00fclebilir kalk\u0131nmaya katk\u0131 sa\u011flamay\u0131 ama\u00e7l\u0131yoruz.<\/p>\t\t\t\t\t\t\t\t<\/div>\n\t\t\t\t<\/div>\n\t\t\t\t<\/div>\n\t\t<div class=\"elementor-element elementor-element-7bd01f5d e-con-full e-flex e-con e-child\" data-id=\"7bd01f5d\" data-element_type=\"container\">\n\t\t\t\t<div class=\"elementor-element elementor-element-fdf6899 elementor-widget elementor-widget-image\" data-id=\"fdf6899\" data-element_type=\"widget\" data-widget_type=\"image.default\">\n\t\t\t\t<div class=\"elementor-widget-container\">\n\t\t\t\t\t\t\t\t\t\t\t\t\t\t\t<img fetchpriority=\"high\" decoding=\"async\" width=\"767\" height=\"700\" src=\"https:\/\/ekenlergrup.com\/wp-content\/uploads\/2025\/07\/ges1.jpg\" class=\"attachment-medium_large size-medium_large wp-image-982\" alt=\"\" srcset=\"https:\/\/ekenlergrup.com\/wp-content\/uploads\/2025\/07\/ges1.jpg 767w, https:\/\/ekenlergrup.com\/wp-content\/uploads\/2025\/07\/ges1-300x274.jpg 300w\" sizes=\"(max-width: 767px) 100vw, 767px\" \/>\t\t\t\t\t\t\t\t\t\t\t\t\t\t\t<\/div>\n\t\t\t\t<\/div>\n\t\t\t\t<\/div>\n\t\t\t\t<\/div>\n\t\t\t\t\t<\/div>\n\t\t\t\t<\/div>\n\t\t<div class=\"elementor-element elementor-element-5505f3f9 e-flex e-con-boxed e-con e-parent\" data-id=\"5505f3f9\" data-element_type=\"container\" data-settings=\"{&quot;background_background&quot;:&quot;classic&quot;}\">\n\t\t\t\t\t<div class=\"e-con-inner\">\n\t\t<div class=\"elementor-element elementor-element-1c968dc2 e-con-full e-flex e-con e-child\" data-id=\"1c968dc2\" data-element_type=\"container\">\n\t\t\t\t<div class=\"elementor-element elementor-element-6f8f1cf6 elementor-widget elementor-widget-heading\" data-id=\"6f8f1cf6\" data-element_type=\"widget\" data-widget_type=\"heading.default\">\n\t\t\t\t<div class=\"elementor-widget-container\">\n\t\t\t\t\t<h2 class=\"elementor-heading-title elementor-size-default\">WhastApp \u00dczerinden Bize Ula\u015f\u0131n.<\/h2>\t\t\t\t<\/div>\n\t\t\t\t<\/div>\n\t\t\t\t<\/div>\n\t\t<div class=\"elementor-element elementor-element-68cad1 e-con-full e-flex e-con e-child\" data-id=\"68cad1\" data-element_type=\"container\">\n\t\t\t\t<div class=\"elementor-element elementor-element-1db8d03f elementor-widget elementor-widget-ot-btn\" data-id=\"1db8d03f\" data-element_type=\"widget\" data-widget_type=\"ot-btn.default\">\n\t\t\t\t<div class=\"elementor-widget-container\">\n\t\t\t\t\t\t\t<div class=\"ot-button-wrapper\">\r\n\t\t\t<a href=\"https:\/\/api.whatsapp.com\/send\/?phone=905326001558\" class=\"octf-btn with-icon\">\r\n\t\t\t\tWhastApp \t\t\t\t\t\t\t\t\t<svg aria-hidden=\"true\" class=\"e-font-icon-svg e-fas-chevron-right\" viewBox=\"0 0 320 512\" xmlns=\"http:\/\/www.w3.org\/2000\/svg\"><path d=\"M285.476 272.971L91.132 467.314c-9.373 9.373-24.569 9.373-33.941 0l-22.667-22.667c-9.357-9.357-9.375-24.522-.04-33.901L188.505 256 34.484 101.255c-9.335-9.379-9.317-24.544.04-33.901l22.667-22.667c9.373-9.373 24.569-9.373 33.941 0L285.475 239.03c9.373 9.372 9.373 24.568.001 33.941z\"><\/path><\/svg>\t\t\t\t\t\t\t<\/a>\r\n\t    <\/div>\r\n\t    \t\t\t\t<\/div>\n\t\t\t\t<\/div>\n\t\t\t\t<\/div>\n\t\t\t\t\t<\/div>\n\t\t\t\t<\/div>\n\t\t\t\t<\/div>\n\t\t","protected":false},"excerpt":{"rendered":"<p>\u00a0 Enerji sekt\u00f6r\u00fcndeki s\u00fcrd\u00fcr\u00fclebilirlik hedeflerimiz do\u011frultusunda, g\u00fcne\u015f enerjisi alan\u0131na yat\u0131r\u0131m yaparak kendi G\u00fcne\u015f Enerjisi Santralimizi (GES) devreye ald\u0131k. Kurulan santral ile \u00e7evre dostu, temiz ve yenilenebilir kaynaklardan elektrik \u00fcretimi ger\u00e7ekle\u015ftirilmektedir. Enerji ihtiyac\u0131n\u0131n ka1r\u015f\u0131lanmas\u0131nda do\u011faya duyarl\u0131 \u00e7\u00f6z\u00fcmler geli\u015ftirmek, hem \u00e7evresel sorumlulu\u011fumuzun bir par\u00e7as\u0131 hem de gelecek vizyonumuzun temel unsurlar\u0131ndand\u0131r. Bu anlay\u0131\u015fla, yak\u0131n d\u00f6nemde g\u00fcne\u015f enerjisi yat\u0131r\u0131mlar\u0131m\u0131z\u0131 [&hellip;]<\/p>\n","protected":false},"author":1,"featured_media":0,"parent":0,"menu_order":0,"comment_status":"closed","ping_status":"closed","template":"","meta":{"footnotes":""},"class_list":["post-564","page","type-page","status-publish","hentry"],"yoast_head":"<!-- This site is optimized with the Yoast SEO plugin v25.8 - https:\/\/yoast.com\/wordpress\/plugins\/seo\/ -->\r\n<title>GES - EKENLERGRUP<\/title>\r\n<meta name=\"robots\" content=\"index, follow, max-snippet:-1, max-image-preview:large, max-video-preview:-1\" \/>\r\n<link rel=\"canonical\" href=\"https:\/\/ekenlergrup.com\/index.php\/ges\/\" \/>\r\n<meta property=\"og:locale\" content=\"tr_TR\" \/>\r\n<meta property=\"og:type\" content=\"article\" \/>\r\n<meta property=\"og:title\" content=\"GES - EKENLERGRUP\" \/>\r\n<meta property=\"og:description\" content=\"\u00a0 Enerji sekt\u00f6r\u00fcndeki s\u00fcrd\u00fcr\u00fclebilirlik hedeflerimiz do\u011frultusunda, g\u00fcne\u015f enerjisi alan\u0131na yat\u0131r\u0131m yaparak kendi G\u00fcne\u015f Enerjisi Santralimizi (GES) devreye ald\u0131k. Kurulan santral ile \u00e7evre dostu, temiz ve yenilenebilir kaynaklardan elektrik \u00fcretimi ger\u00e7ekle\u015ftirilmektedir. Enerji ihtiyac\u0131n\u0131n ka1r\u015f\u0131lanmas\u0131nda do\u011faya duyarl\u0131 \u00e7\u00f6z\u00fcmler geli\u015ftirmek, hem \u00e7evresel sorumlulu\u011fumuzun bir par\u00e7as\u0131 hem de gelecek vizyonumuzun temel unsurlar\u0131ndand\u0131r. Bu anlay\u0131\u015fla, yak\u0131n d\u00f6nemde g\u00fcne\u015f enerjisi yat\u0131r\u0131mlar\u0131m\u0131z\u0131 [&hellip;]\" \/>\r\n<meta property=\"og:url\" content=\"https:\/\/ekenlergrup.com\/index.php\/ges\/\" \/>\r\n<meta property=\"og:site_name\" content=\"EKENLERGRUP\" \/>\r\n<meta property=\"article:publisher\" content=\"https:\/\/www.facebook.com\/ekenlermadencilik\" \/>\r\n<meta property=\"article:modified_time\" content=\"2025-07-08T07:41:57+00:00\" \/>\r\n<meta property=\"og:image\" content=\"https:\/\/ekenlergrup.com\/wp-content\/uploads\/2025\/07\/ges1.jpg\" \/>\r\n\t<meta property=\"og:image:width\" content=\"767\" \/>\r\n\t<meta property=\"og:image:height\" content=\"700\" \/>\r\n\t<meta property=\"og:image:type\" content=\"image\/jpeg\" \/>\r\n<meta name=\"twitter:card\" content=\"summary_large_image\" \/>\r\n<meta name=\"twitter:label1\" content=\"Tahmini okuma s\u00fcresi\" \/>\n\t<meta name=\"twitter:data1\" content=\"1 dakika\" \/>\r\n<script type=\"application\/ld+json\" class=\"yoast-schema-graph\">{\"@context\":\"https:\/\/schema.org\",\"@graph\":[{\"@type\":\"WebPage\",\"@id\":\"https:\/\/ekenlergrup.com\/index.php\/ges\/\",\"url\":\"https:\/\/ekenlergrup.com\/index.php\/ges\/\",\"name\":\"GES - EKENLERGRUP\",\"isPartOf\":{\"@id\":\"https:\/\/ekenlergrup.com\/#website\"},\"primaryImageOfPage\":{\"@id\":\"https:\/\/ekenlergrup.com\/index.php\/ges\/#primaryimage\"},\"image\":{\"@id\":\"https:\/\/ekenlergrup.com\/index.php\/ges\/#primaryimage\"},\"thumbnailUrl\":\"https:\/\/ekenlergrup.com\/wp-content\/uploads\/2025\/07\/ges1.jpg\",\"datePublished\":\"2025-06-19T13:56:34+00:00\",\"dateModified\":\"2025-07-08T07:41:57+00:00\",\"breadcrumb\":{\"@id\":\"https:\/\/ekenlergrup.com\/index.php\/ges\/#breadcrumb\"},\"inLanguage\":\"tr\",\"potentialAction\":[{\"@type\":\"ReadAction\",\"target\":[\"https:\/\/ekenlergrup.com\/index.php\/ges\/\"]}]},{\"@type\":\"ImageObject\",\"inLanguage\":\"tr\",\"@id\":\"https:\/\/ekenlergrup.com\/index.php\/ges\/#primaryimage\",\"url\":\"https:\/\/ekenlergrup.com\/wp-content\/uploads\/2025\/07\/ges1.jpg\",\"contentUrl\":\"https:\/\/ekenlergrup.com\/wp-content\/uploads\/2025\/07\/ges1.jpg\",\"width\":767,\"height\":700},{\"@type\":\"BreadcrumbList\",\"@id\":\"https:\/\/ekenlergrup.com\/index.php\/ges\/#breadcrumb\",\"itemListElement\":[{\"@type\":\"ListItem\",\"position\":1,\"name\":\"Home\",\"item\":\"https:\/\/ekenlergrup.com\/\"},{\"@type\":\"ListItem\",\"position\":2,\"name\":\"GES\"}]},{\"@type\":\"WebSite\",\"@id\":\"https:\/\/ekenlergrup.com\/#website\",\"url\":\"https:\/\/ekenlergrup.com\/\",\"name\":\"EKENLERGRUP\",\"description\":\"\",\"publisher\":{\"@id\":\"https:\/\/ekenlergrup.com\/#organization\"},\"potentialAction\":[{\"@type\":\"SearchAction\",\"target\":{\"@type\":\"EntryPoint\",\"urlTemplate\":\"https:\/\/ekenlergrup.com\/?s={search_term_string}\"},\"query-input\":{\"@type\":\"PropertyValueSpecification\",\"valueRequired\":true,\"valueName\":\"search_term_string\"}}],\"inLanguage\":\"tr\"},{\"@type\":\"Organization\",\"@id\":\"https:\/\/ekenlergrup.com\/#organization\",\"name\":\"EKENLERGRUP\",\"url\":\"https:\/\/ekenlergrup.com\/\",\"logo\":{\"@type\":\"ImageObject\",\"inLanguage\":\"tr\",\"@id\":\"https:\/\/ekenlergrup.com\/#\/schema\/logo\/image\/\",\"url\":\"https:\/\/ekenlergrup.com\/wp-content\/uploads\/2025\/07\/ekenlergrupalt.png\",\"contentUrl\":\"https:\/\/ekenlergrup.com\/wp-content\/uploads\/2025\/07\/ekenlergrupalt.png\",\"width\":400,\"height\":168,\"caption\":\"EKENLERGRUP\"},\"image\":{\"@id\":\"https:\/\/ekenlergrup.com\/#\/schema\/logo\/image\/\"},\"sameAs\":[\"https:\/\/www.facebook.com\/ekenlermadencilik\",\"https:\/\/www.instagram.com\/ekenlerbeton\/\",\"https:\/\/www.linkedin.com\/company\/ekenler-beton\/\"]}]}<\/script>\r\n<!-- \/ Yoast SEO plugin. -->","yoast_head_json":{"title":"GES - EKENLERGRUP","robots":{"index":"index","follow":"follow","max-snippet":"max-snippet:-1","max-image-preview":"max-image-preview:large","max-video-preview":"max-video-preview:-1"},"canonical":"https:\/\/ekenlergrup.com\/index.php\/ges\/","og_locale":"tr_TR","og_type":"article","og_title":"GES - EKENLERGRUP","og_description":"\u00a0 Enerji sekt\u00f6r\u00fcndeki s\u00fcrd\u00fcr\u00fclebilirlik hedeflerimiz do\u011frultusunda, g\u00fcne\u015f enerjisi alan\u0131na yat\u0131r\u0131m yaparak kendi G\u00fcne\u015f Enerjisi Santralimizi (GES) devreye ald\u0131k. Kurulan santral ile \u00e7evre dostu, temiz ve yenilenebilir kaynaklardan elektrik \u00fcretimi ger\u00e7ekle\u015ftirilmektedir. Enerji ihtiyac\u0131n\u0131n ka1r\u015f\u0131lanmas\u0131nda do\u011faya duyarl\u0131 \u00e7\u00f6z\u00fcmler geli\u015ftirmek, hem \u00e7evresel sorumlulu\u011fumuzun bir par\u00e7as\u0131 hem de gelecek vizyonumuzun temel unsurlar\u0131ndand\u0131r. Bu anlay\u0131\u015fla, yak\u0131n d\u00f6nemde g\u00fcne\u015f enerjisi yat\u0131r\u0131mlar\u0131m\u0131z\u0131 [&hellip;]","og_url":"https:\/\/ekenlergrup.com\/index.php\/ges\/","og_site_name":"EKENLERGRUP","article_publisher":"https:\/\/www.facebook.com\/ekenlermadencilik","article_modified_time":"2025-07-08T07:41:57+00:00","og_image":[{"width":767,"height":700,"url":"https:\/\/ekenlergrup.com\/wp-content\/uploads\/2025\/07\/ges1.jpg","type":"image\/jpeg"}],"twitter_card":"summary_large_image","twitter_misc":{"Tahmini okuma s\u00fcresi":"1 dakika"},"schema":{"@context":"https:\/\/schema.org","@graph":[{"@type":"WebPage","@id":"https:\/\/ekenlergrup.com\/index.php\/ges\/","url":"https:\/\/ekenlergrup.com\/index.php\/ges\/","name":"GES - EKENLERGRUP","isPartOf":{"@id":"https:\/\/ekenlergrup.com\/#website"},"primaryImageOfPage":{"@id":"https:\/\/ekenlergrup.com\/index.php\/ges\/#primaryimage"},"image":{"@id":"https:\/\/ekenlergrup.com\/index.php\/ges\/#primaryimage"},"thumbnailUrl":"https:\/\/ekenlergrup.com\/wp-content\/uploads\/2025\/07\/ges1.jpg","datePublished":"2025-06-19T13:56:34+00:00","dateModified":"2025-07-08T07:41:57+00:00","breadcrumb":{"@id":"https:\/\/ekenlergrup.com\/index.php\/ges\/#breadcrumb"},"inLanguage":"tr","potentialAction":[{"@type":"ReadAction","target":["https:\/\/ekenlergrup.com\/index.php\/ges\/"]}]},{"@type":"ImageObject","inLanguage":"tr","@id":"https:\/\/ekenlergrup.com\/index.php\/ges\/#primaryimage","url":"https:\/\/ekenlergrup.com\/wp-content\/uploads\/2025\/07\/ges1.jpg","contentUrl":"https:\/\/ekenlergrup.com\/wp-content\/uploads\/2025\/07\/ges1.jpg","width":767,"height":700},{"@type":"BreadcrumbList","@id":"https:\/\/ekenlergrup.com\/index.php\/ges\/#breadcrumb","itemListElement":[{"@type":"ListItem","position":1,"name":"Home","item":"https:\/\/ekenlergrup.com\/"},{"@type":"ListItem","position":2,"name":"GES"}]},{"@type":"WebSite","@id":"https:\/\/ekenlergrup.com\/#website","url":"https:\/\/ekenlergrup.com\/","name":"EKENLERGRUP","description":"","publisher":{"@id":"https:\/\/ekenlergrup.com\/#organization"},"potentialAction":[{"@type":"SearchAction","target":{"@type":"EntryPoint","urlTemplate":"https:\/\/ekenlergrup.com\/?s={search_term_string}"},"query-input":{"@type":"PropertyValueSpecification","valueRequired":true,"valueName":"search_term_string"}}],"inLanguage":"tr"},{"@type":"Organization","@id":"https:\/\/ekenlergrup.com\/#organization","name":"EKENLERGRUP","url":"https:\/\/ekenlergrup.com\/","logo":{"@type":"ImageObject","inLanguage":"tr","@id":"https:\/\/ekenlergrup.com\/#\/schema\/logo\/image\/","url":"https:\/\/ekenlergrup.com\/wp-content\/uploads\/2025\/07\/ekenlergrupalt.png","contentUrl":"https:\/\/ekenlergrup.com\/wp-content\/uploads\/2025\/07\/ekenlergrupalt.png","width":400,"height":168,"caption":"EKENLERGRUP"},"image":{"@id":"https:\/\/ekenlergrup.com\/#\/schema\/logo\/image\/"},"sameAs":["https:\/\/www.facebook.com\/ekenlermadencilik","https:\/\/www.instagram.com\/ekenlerbeton\/","https:\/\/www.linkedin.com\/company\/ekenler-beton\/"]}]}},"_links":{"self":[{"href":"https:\/\/ekenlergrup.com\/index.php\/wp-json\/wp\/v2\/pages\/564","targetHints":{"allow":["GET"]}}],"collection":[{"href":"https:\/\/ekenlergrup.com\/index.php\/wp-json\/wp\/v2\/pages"}],"about":[{"href":"https:\/\/ekenlergrup.com\/index.php\/wp-json\/wp\/v2\/types\/page"}],"author":[{"embeddable":true,"href":"https:\/\/ekenlergrup.com\/index.php\/wp-json\/wp\/v2\/users\/1"}],"replies":[{"embeddable":true,"href":"https:\/\/ekenlergrup.com\/index.php\/wp-json\/wp\/v2\/comments?post=564"}],"version-history":[{"count":15,"href":"https:\/\/ekenlergrup.com\/index.php\/wp-json\/wp\/v2\/pages\/564\/revisions"}],"predecessor-version":[{"id":1126,"href":"https:\/\/ekenlergrup.com\/index.php\/wp-json\/wp\/v2\/pages\/564\/revisions\/1126"}],"wp:attachment":[{"href":"https:\/\/ekenlergrup.com\/index.php\/wp-json\/wp\/v2\/media?parent=564"}],"curies":[{"name":"wp","href":"https:\/\/api.w.org\/{rel}","templated":true}]}}