{"id":566,"date":"2025-06-19T13:58:13","date_gmt":"2025-06-19T13:58:13","guid":{"rendered":"https:\/\/ekenlergrup.com\/?page_id=566"},"modified":"2025-07-07T17:48:42","modified_gmt":"2025-07-07T17:48:42","slug":"akaryakit","status":"publish","type":"page","link":"https:\/\/ekenlergrup.com\/index.php\/akaryakit\/","title":{"rendered":"AKARYAKIT"},"content":{"rendered":"\t\t<div data-elementor-type=\"wp-page\" data-elementor-id=\"566\" class=\"elementor elementor-566\">\n\t\t\t\t<div class=\"elementor-element elementor-element-6bd6d9f1 elementor-hidden-tablet elementor-hidden-mobile e-flex e-con-boxed e-con e-parent\" data-id=\"6bd6d9f1\" data-element_type=\"container\" data-settings=\"{&quot;background_background&quot;:&quot;classic&quot;}\">\n\t\t\t\t\t<div class=\"e-con-inner\">\n\t\t\t\t\t<\/div>\n\t\t\t\t<\/div>\n\t\t<div class=\"elementor-element elementor-element-6dd5f318 e-flex e-con-boxed e-con e-parent\" data-id=\"6dd5f318\" data-element_type=\"container\" data-settings=\"{&quot;background_background&quot;:&quot;classic&quot;}\">\n\t\t\t\t\t<div class=\"e-con-inner\">\n\t\t<div class=\"elementor-element elementor-element-4c65dbf0 e-con-full e-flex e-con e-child\" data-id=\"4c65dbf0\" data-element_type=\"container\">\n\t\t<div class=\"elementor-element elementor-element-5a0d3efe e-con-full e-flex e-con e-child\" data-id=\"5a0d3efe\" data-element_type=\"container\">\n\t\t\t\t<div class=\"elementor-element elementor-element-3bba20f7 elementor-widget elementor-widget-text-editor\" data-id=\"3bba20f7\" data-element_type=\"widget\" data-widget_type=\"text-editor.default\">\n\t\t\t\t<div class=\"elementor-widget-container\">\n\t\t\t\t\t\t\t\t\t<p>Akaryak\u0131t sekt\u00f6r\u00fcnde faaliyet g\u00f6steren firmam\u0131z, bireysel ve kurumsal m\u00fc\u015fteriler i\u00e7in g\u00fcvenilir ve kesintisiz yak\u0131t temini sa\u011flamaktad\u0131r. Geni\u015f hizmet a\u011f\u0131yla benzinden motorine, LPG\u2019den end\u00fcstriyel yak\u0131ta kadar farkl\u0131 ihtiya\u00e7lara y\u00f6nelik \u00e7\u00f6z\u00fcmler sunulmaktad\u0131r.<\/p><p>\u0130stasyon noktalar\u0131nda sadece yak\u0131t dolumu de\u011fil; market, oto y\u0131kama ve ara\u00e7 bak\u0131m gibi destekleyici hizmetlerle entegre bir yap\u0131 olu\u015fturulmu\u015ftur. Modern ekipmanlarla donat\u0131lm\u0131\u015f tesisler, d\u00fczenli denetim ve kalite kontrol s\u00fcre\u00e7leriyle \u00e7al\u0131\u015fmaktad\u0131r.<\/p><p>M\u00fc\u015fteri memnuniyetini esas alan hizmet anlay\u0131\u015f\u0131 ve \u00e7evreye duyarl\u0131 yakla\u015f\u0131m\u0131yla, sekt\u00f6rde s\u00fcrd\u00fcr\u00fclebilir ve g\u00fc\u00e7l\u00fc bir hizmet modeli benimsenmi\u015ftir.<\/p>\t\t\t\t\t\t\t\t<\/div>\n\t\t\t\t<\/div>\n\t\t\t\t<\/div>\n\t\t<div class=\"elementor-element elementor-element-6c4a3b71 e-con-full e-flex e-con e-child\" data-id=\"6c4a3b71\" data-element_type=\"container\">\n\t\t\t\t<div class=\"elementor-element elementor-element-6c1b2f90 elementor-widget elementor-widget-image\" data-id=\"6c1b2f90\" data-element_type=\"widget\" data-widget_type=\"image.default\">\n\t\t\t\t<div class=\"elementor-widget-container\">\n\t\t\t\t\t\t\t\t\t\t\t\t\t\t\t<img fetchpriority=\"high\" decoding=\"async\" width=\"300\" height=\"300\" src=\"https:\/\/ekenlergrup.com\/wp-content\/uploads\/2025\/07\/akaryakit-300x300.jpg\" class=\"attachment-medium size-medium wp-image-953\" alt=\"\" srcset=\"https:\/\/ekenlergrup.com\/wp-content\/uploads\/2025\/07\/akaryakit-300x300.jpg 300w, https:\/\/ekenlergrup.com\/wp-content\/uploads\/2025\/07\/akaryakit-150x150.jpg 150w, https:\/\/ekenlergrup.com\/wp-content\/uploads\/2025\/07\/akaryakit.jpg 700w\" sizes=\"(max-width: 300px) 100vw, 300px\" \/>\t\t\t\t\t\t\t\t\t\t\t\t\t\t\t<\/div>\n\t\t\t\t<\/div>\n\t\t\t\t<\/div>\n\t\t\t\t<\/div>\n\t\t\t\t\t<\/div>\n\t\t\t\t<\/div>\n\t\t<div class=\"elementor-element elementor-element-5ce15e12 e-flex e-con-boxed e-con e-parent\" data-id=\"5ce15e12\" data-element_type=\"container\" data-settings=\"{&quot;background_background&quot;:&quot;classic&quot;}\">\n\t\t\t\t\t<div class=\"e-con-inner\">\n\t\t<div class=\"elementor-element elementor-element-53ca24b9 e-con-full e-flex e-con e-child\" data-id=\"53ca24b9\" data-element_type=\"container\">\n\t\t\t\t<div class=\"elementor-element elementor-element-9e5451f elementor-widget elementor-widget-heading\" data-id=\"9e5451f\" data-element_type=\"widget\" data-widget_type=\"heading.default\">\n\t\t\t\t<div class=\"elementor-widget-container\">\n\t\t\t\t\t<h2 class=\"elementor-heading-title elementor-size-default\">WhastApp \u00dczerinden Bize Ula\u015f\u0131n.<\/h2>\t\t\t\t<\/div>\n\t\t\t\t<\/div>\n\t\t\t\t<\/div>\n\t\t<div class=\"elementor-element elementor-element-393a9438 e-con-full e-flex e-con e-child\" data-id=\"393a9438\" data-element_type=\"container\">\n\t\t\t\t<div class=\"elementor-element elementor-element-77f00acf elementor-widget elementor-widget-ot-btn\" data-id=\"77f00acf\" data-element_type=\"widget\" data-widget_type=\"ot-btn.default\">\n\t\t\t\t<div class=\"elementor-widget-container\">\n\t\t\t\t\t\t\t<div class=\"ot-button-wrapper\">\r\n\t\t\t<a href=\"https:\/\/api.whatsapp.com\/send\/?phone=905326001558\" class=\"octf-btn with-icon\">\r\n\t\t\t\tWhastApp \t\t\t\t\t\t\t\t\t<svg aria-hidden=\"true\" class=\"e-font-icon-svg e-fas-chevron-right\" viewBox=\"0 0 320 512\" xmlns=\"http:\/\/www.w3.org\/2000\/svg\"><path d=\"M285.476 272.971L91.132 467.314c-9.373 9.373-24.569 9.373-33.941 0l-22.667-22.667c-9.357-9.357-9.375-24.522-.04-33.901L188.505 256 34.484 101.255c-9.335-9.379-9.317-24.544.04-33.901l22.667-22.667c9.373-9.373 24.569-9.373 33.941 0L285.475 239.03c9.373 9.372 9.373 24.568.001 33.941z\"><\/path><\/svg>\t\t\t\t\t\t\t<\/a>\r\n\t    <\/div>\r\n\t    \t\t\t\t<\/div>\n\t\t\t\t<\/div>\n\t\t\t\t<\/div>\n\t\t\t\t\t<\/div>\n\t\t\t\t<\/div>\n\t\t\t\t<\/div>\n\t\t","protected":false},"excerpt":{"rendered":"<p>Akaryak\u0131t sekt\u00f6r\u00fcnde faaliyet g\u00f6steren firmam\u0131z, bireysel ve kurumsal m\u00fc\u015fteriler i\u00e7in g\u00fcvenilir ve kesintisiz yak\u0131t temini sa\u011flamaktad\u0131r. Geni\u015f hizmet a\u011f\u0131yla benzinden motorine, LPG\u2019den end\u00fcstriyel yak\u0131ta kadar farkl\u0131 ihtiya\u00e7lara y\u00f6nelik \u00e7\u00f6z\u00fcmler sunulmaktad\u0131r. \u0130stasyon noktalar\u0131nda sadece yak\u0131t dolumu de\u011fil; market, oto y\u0131kama ve ara\u00e7 bak\u0131m gibi destekleyici hizmetlerle entegre bir yap\u0131 olu\u015fturulmu\u015ftur. Modern ekipmanlarla donat\u0131lm\u0131\u015f tesisler, d\u00fczenli denetim [&hellip;]<\/p>\n","protected":false},"author":1,"featured_media":0,"parent":0,"menu_order":0,"comment_status":"closed","ping_status":"closed","template":"","meta":{"footnotes":""},"class_list":["post-566","page","type-page","status-publish","hentry"],"yoast_head":"<!-- This site is optimized with the Yoast SEO plugin v25.8 - https:\/\/yoast.com\/wordpress\/plugins\/seo\/ -->\r\n<title>AKARYAKIT - EKENLERGRUP<\/title>\r\n<meta name=\"robots\" content=\"index, follow, max-snippet:-1, max-image-preview:large, max-video-preview:-1\" \/>\r\n<link rel=\"canonical\" href=\"https:\/\/ekenlergrup.com\/index.php\/akaryakit\/\" \/>\r\n<meta property=\"og:locale\" content=\"tr_TR\" \/>\r\n<meta property=\"og:type\" content=\"article\" \/>\r\n<meta property=\"og:title\" content=\"AKARYAKIT - EKENLERGRUP\" \/>\r\n<meta property=\"og:description\" content=\"Akaryak\u0131t sekt\u00f6r\u00fcnde faaliyet g\u00f6steren firmam\u0131z, bireysel ve kurumsal m\u00fc\u015fteriler i\u00e7in g\u00fcvenilir ve kesintisiz yak\u0131t temini sa\u011flamaktad\u0131r. Geni\u015f hizmet a\u011f\u0131yla benzinden motorine, LPG\u2019den end\u00fcstriyel yak\u0131ta kadar farkl\u0131 ihtiya\u00e7lara y\u00f6nelik \u00e7\u00f6z\u00fcmler sunulmaktad\u0131r. \u0130stasyon noktalar\u0131nda sadece yak\u0131t dolumu de\u011fil; market, oto y\u0131kama ve ara\u00e7 bak\u0131m gibi destekleyici hizmetlerle entegre bir yap\u0131 olu\u015fturulmu\u015ftur. Modern ekipmanlarla donat\u0131lm\u0131\u015f tesisler, d\u00fczenli denetim [&hellip;]\" \/>\r\n<meta property=\"og:url\" content=\"https:\/\/ekenlergrup.com\/index.php\/akaryakit\/\" \/>\r\n<meta property=\"og:site_name\" content=\"EKENLERGRUP\" \/>\r\n<meta property=\"article:publisher\" content=\"https:\/\/www.facebook.com\/ekenlermadencilik\" \/>\r\n<meta property=\"article:modified_time\" content=\"2025-07-07T17:48:42+00:00\" \/>\r\n<meta property=\"og:image\" content=\"https:\/\/ekenlergrup.com\/wp-content\/uploads\/2025\/07\/akaryakit.jpg\" \/>\r\n\t<meta property=\"og:image:width\" content=\"700\" \/>\r\n\t<meta property=\"og:image:height\" content=\"700\" \/>\r\n\t<meta property=\"og:image:type\" content=\"image\/jpeg\" \/>\r\n<meta name=\"twitter:card\" content=\"summary_large_image\" \/>\r\n<meta name=\"twitter:label1\" content=\"Tahmini okuma s\u00fcresi\" \/>\n\t<meta name=\"twitter:data1\" content=\"1 dakika\" \/>\r\n<script type=\"application\/ld+json\" class=\"yoast-schema-graph\">{\"@context\":\"https:\/\/schema.org\",\"@graph\":[{\"@type\":\"WebPage\",\"@id\":\"https:\/\/ekenlergrup.com\/index.php\/akaryakit\/\",\"url\":\"https:\/\/ekenlergrup.com\/index.php\/akaryakit\/\",\"name\":\"AKARYAKIT - EKENLERGRUP\",\"isPartOf\":{\"@id\":\"https:\/\/ekenlergrup.com\/#website\"},\"primaryImageOfPage\":{\"@id\":\"https:\/\/ekenlergrup.com\/index.php\/akaryakit\/#primaryimage\"},\"image\":{\"@id\":\"https:\/\/ekenlergrup.com\/index.php\/akaryakit\/#primaryimage\"},\"thumbnailUrl\":\"https:\/\/ekenlergrup.com\/wp-content\/uploads\/2025\/07\/akaryakit-300x300.jpg\",\"datePublished\":\"2025-06-19T13:58:13+00:00\",\"dateModified\":\"2025-07-07T17:48:42+00:00\",\"breadcrumb\":{\"@id\":\"https:\/\/ekenlergrup.com\/index.php\/akaryakit\/#breadcrumb\"},\"inLanguage\":\"tr\",\"potentialAction\":[{\"@type\":\"ReadAction\",\"target\":[\"https:\/\/ekenlergrup.com\/index.php\/akaryakit\/\"]}]},{\"@type\":\"ImageObject\",\"inLanguage\":\"tr\",\"@id\":\"https:\/\/ekenlergrup.com\/index.php\/akaryakit\/#primaryimage\",\"url\":\"https:\/\/ekenlergrup.com\/wp-content\/uploads\/2025\/07\/akaryakit.jpg\",\"contentUrl\":\"https:\/\/ekenlergrup.com\/wp-content\/uploads\/2025\/07\/akaryakit.jpg\",\"width\":700,\"height\":700},{\"@type\":\"BreadcrumbList\",\"@id\":\"https:\/\/ekenlergrup.com\/index.php\/akaryakit\/#breadcrumb\",\"itemListElement\":[{\"@type\":\"ListItem\",\"position\":1,\"name\":\"Home\",\"item\":\"https:\/\/ekenlergrup.com\/\"},{\"@type\":\"ListItem\",\"position\":2,\"name\":\"AKARYAKIT\"}]},{\"@type\":\"WebSite\",\"@id\":\"https:\/\/ekenlergrup.com\/#website\",\"url\":\"https:\/\/ekenlergrup.com\/\",\"name\":\"EKENLERGRUP\",\"description\":\"\",\"publisher\":{\"@id\":\"https:\/\/ekenlergrup.com\/#organization\"},\"potentialAction\":[{\"@type\":\"SearchAction\",\"target\":{\"@type\":\"EntryPoint\",\"urlTemplate\":\"https:\/\/ekenlergrup.com\/?s={search_term_string}\"},\"query-input\":{\"@type\":\"PropertyValueSpecification\",\"valueRequired\":true,\"valueName\":\"search_term_string\"}}],\"inLanguage\":\"tr\"},{\"@type\":\"Organization\",\"@id\":\"https:\/\/ekenlergrup.com\/#organization\",\"name\":\"EKENLERGRUP\",\"url\":\"https:\/\/ekenlergrup.com\/\",\"logo\":{\"@type\":\"ImageObject\",\"inLanguage\":\"tr\",\"@id\":\"https:\/\/ekenlergrup.com\/#\/schema\/logo\/image\/\",\"url\":\"https:\/\/ekenlergrup.com\/wp-content\/uploads\/2025\/07\/ekenlergrupalt.png\",\"contentUrl\":\"https:\/\/ekenlergrup.com\/wp-content\/uploads\/2025\/07\/ekenlergrupalt.png\",\"width\":400,\"height\":168,\"caption\":\"EKENLERGRUP\"},\"image\":{\"@id\":\"https:\/\/ekenlergrup.com\/#\/schema\/logo\/image\/\"},\"sameAs\":[\"https:\/\/www.facebook.com\/ekenlermadencilik\",\"https:\/\/www.instagram.com\/ekenlerbeton\/\",\"https:\/\/www.linkedin.com\/company\/ekenler-beton\/\"]}]}<\/script>\r\n<!-- \/ Yoast SEO plugin. -->","yoast_head_json":{"title":"AKARYAKIT - EKENLERGRUP","robots":{"index":"index","follow":"follow","max-snippet":"max-snippet:-1","max-image-preview":"max-image-preview:large","max-video-preview":"max-video-preview:-1"},"canonical":"https:\/\/ekenlergrup.com\/index.php\/akaryakit\/","og_locale":"tr_TR","og_type":"article","og_title":"AKARYAKIT - EKENLERGRUP","og_description":"Akaryak\u0131t sekt\u00f6r\u00fcnde faaliyet g\u00f6steren firmam\u0131z, bireysel ve kurumsal m\u00fc\u015fteriler i\u00e7in g\u00fcvenilir ve kesintisiz yak\u0131t temini sa\u011flamaktad\u0131r. Geni\u015f hizmet a\u011f\u0131yla benzinden motorine, LPG\u2019den end\u00fcstriyel yak\u0131ta kadar farkl\u0131 ihtiya\u00e7lara y\u00f6nelik \u00e7\u00f6z\u00fcmler sunulmaktad\u0131r. \u0130stasyon noktalar\u0131nda sadece yak\u0131t dolumu de\u011fil; market, oto y\u0131kama ve ara\u00e7 bak\u0131m gibi destekleyici hizmetlerle entegre bir yap\u0131 olu\u015fturulmu\u015ftur. Modern ekipmanlarla donat\u0131lm\u0131\u015f tesisler, d\u00fczenli denetim [&hellip;]","og_url":"https:\/\/ekenlergrup.com\/index.php\/akaryakit\/","og_site_name":"EKENLERGRUP","article_publisher":"https:\/\/www.facebook.com\/ekenlermadencilik","article_modified_time":"2025-07-07T17:48:42+00:00","og_image":[{"width":700,"height":700,"url":"https:\/\/ekenlergrup.com\/wp-content\/uploads\/2025\/07\/akaryakit.jpg","type":"image\/jpeg"}],"twitter_card":"summary_large_image","twitter_misc":{"Tahmini okuma s\u00fcresi":"1 dakika"},"schema":{"@context":"https:\/\/schema.org","@graph":[{"@type":"WebPage","@id":"https:\/\/ekenlergrup.com\/index.php\/akaryakit\/","url":"https:\/\/ekenlergrup.com\/index.php\/akaryakit\/","name":"AKARYAKIT - EKENLERGRUP","isPartOf":{"@id":"https:\/\/ekenlergrup.com\/#website"},"primaryImageOfPage":{"@id":"https:\/\/ekenlergrup.com\/index.php\/akaryakit\/#primaryimage"},"image":{"@id":"https:\/\/ekenlergrup.com\/index.php\/akaryakit\/#primaryimage"},"thumbnailUrl":"https:\/\/ekenlergrup.com\/wp-content\/uploads\/2025\/07\/akaryakit-300x300.jpg","datePublished":"2025-06-19T13:58:13+00:00","dateModified":"2025-07-07T17:48:42+00:00","breadcrumb":{"@id":"https:\/\/ekenlergrup.com\/index.php\/akaryakit\/#breadcrumb"},"inLanguage":"tr","potentialAction":[{"@type":"ReadAction","target":["https:\/\/ekenlergrup.com\/index.php\/akaryakit\/"]}]},{"@type":"ImageObject","inLanguage":"tr","@id":"https:\/\/ekenlergrup.com\/index.php\/akaryakit\/#primaryimage","url":"https:\/\/ekenlergrup.com\/wp-content\/uploads\/2025\/07\/akaryakit.jpg","contentUrl":"https:\/\/ekenlergrup.com\/wp-content\/uploads\/2025\/07\/akaryakit.jpg","width":700,"height":700},{"@type":"BreadcrumbList","@id":"https:\/\/ekenlergrup.com\/index.php\/akaryakit\/#breadcrumb","itemListElement":[{"@type":"ListItem","position":1,"name":"Home","item":"https:\/\/ekenlergrup.com\/"},{"@type":"ListItem","position":2,"name":"AKARYAKIT"}]},{"@type":"WebSite","@id":"https:\/\/ekenlergrup.com\/#website","url":"https:\/\/ekenlergrup.com\/","name":"EKENLERGRUP","description":"","publisher":{"@id":"https:\/\/ekenlergrup.com\/#organization"},"potentialAction":[{"@type":"SearchAction","target":{"@type":"EntryPoint","urlTemplate":"https:\/\/ekenlergrup.com\/?s={search_term_string}"},"query-input":{"@type":"PropertyValueSpecification","valueRequired":true,"valueName":"search_term_string"}}],"inLanguage":"tr"},{"@type":"Organization","@id":"https:\/\/ekenlergrup.com\/#organization","name":"EKENLERGRUP","url":"https:\/\/ekenlergrup.com\/","logo":{"@type":"ImageObject","inLanguage":"tr","@id":"https:\/\/ekenlergrup.com\/#\/schema\/logo\/image\/","url":"https:\/\/ekenlergrup.com\/wp-content\/uploads\/2025\/07\/ekenlergrupalt.png","contentUrl":"https:\/\/ekenlergrup.com\/wp-content\/uploads\/2025\/07\/ekenlergrupalt.png","width":400,"height":168,"caption":"EKENLERGRUP"},"image":{"@id":"https:\/\/ekenlergrup.com\/#\/schema\/logo\/image\/"},"sameAs":["https:\/\/www.facebook.com\/ekenlermadencilik","https:\/\/www.instagram.com\/ekenlerbeton\/","https:\/\/www.linkedin.com\/company\/ekenler-beton\/"]}]}},"_links":{"self":[{"href":"https:\/\/ekenlergrup.com\/index.php\/wp-json\/wp\/v2\/pages\/566","targetHints":{"allow":["GET"]}}],"collection":[{"href":"https:\/\/ekenlergrup.com\/index.php\/wp-json\/wp\/v2\/pages"}],"about":[{"href":"https:\/\/ekenlergrup.com\/index.php\/wp-json\/wp\/v2\/types\/page"}],"author":[{"embeddable":true,"href":"https:\/\/ekenlergrup.com\/index.php\/wp-json\/wp\/v2\/users\/1"}],"replies":[{"embeddable":true,"href":"https:\/\/ekenlergrup.com\/index.php\/wp-json\/wp\/v2\/comments?post=566"}],"version-history":[{"count":20,"href":"https:\/\/ekenlergrup.com\/index.php\/wp-json\/wp\/v2\/pages\/566\/revisions"}],"predecessor-version":[{"id":1077,"href":"https:\/\/ekenlergrup.com\/index.php\/wp-json\/wp\/v2\/pages\/566\/revisions\/1077"}],"wp:attachment":[{"href":"https:\/\/ekenlergrup.com\/index.php\/wp-json\/wp\/v2\/media?parent=566"}],"curies":[{"name":"wp","href":"https:\/\/api.w.org\/{rel}","templated":true}]}}