{"id":569,"date":"2025-06-19T14:22:50","date_gmt":"2025-06-19T14:22:50","guid":{"rendered":"https:\/\/ekenlergrup.com\/?page_id=569"},"modified":"2025-07-07T17:22:02","modified_gmt":"2025-07-07T17:22:02","slug":"kum-ocagi","status":"publish","type":"page","link":"https:\/\/ekenlergrup.com\/index.php\/kum-ocagi\/","title":{"rendered":"KUM OCA\u011eI"},"content":{"rendered":"\t\t<div data-elementor-type=\"wp-page\" data-elementor-id=\"569\" class=\"elementor elementor-569\">\n\t\t\t\t<div class=\"elementor-element elementor-element-3f1400a8 elementor-hidden-tablet elementor-hidden-mobile e-flex e-con-boxed e-con e-parent\" data-id=\"3f1400a8\" data-element_type=\"container\" data-settings=\"{&quot;background_background&quot;:&quot;classic&quot;}\">\n\t\t\t\t\t<div class=\"e-con-inner\">\n\t\t\t\t\t<\/div>\n\t\t\t\t<\/div>\n\t\t<div class=\"elementor-element elementor-element-1e3bad2c e-flex e-con-boxed e-con e-parent\" data-id=\"1e3bad2c\" data-element_type=\"container\" data-settings=\"{&quot;background_background&quot;:&quot;classic&quot;}\">\n\t\t\t\t\t<div class=\"e-con-inner\">\n\t\t<div class=\"elementor-element elementor-element-bbb15de e-con-full e-flex e-con e-child\" data-id=\"bbb15de\" data-element_type=\"container\">\n\t\t<div class=\"elementor-element elementor-element-5c641b93 e-con-full e-flex e-con e-child\" data-id=\"5c641b93\" data-element_type=\"container\">\n\t\t\t\t<div class=\"elementor-element elementor-element-39c26712 elementor-widget elementor-widget-text-editor\" data-id=\"39c26712\" data-element_type=\"widget\" data-widget_type=\"text-editor.default\">\n\t\t\t\t<div class=\"elementor-widget-container\">\n\t\t\t\t\t\t\t\t\t<p>B\u00fcnyemizde yer alan kum oca\u011f\u0131m\u0131zda, in\u015faat ve altyap\u0131 sekt\u00f6rlerinin ihtiya\u00e7 duydu\u011fu nitelikli kum \u00fcretimini titizlikle ger\u00e7ekle\u015ftirmekteyiz. Oca\u011f\u0131m\u0131zdan \u00e7\u0131kar\u0131lan kumlar, modern tesislerimizde y\u0131kanarak ve elenerek y\u00fcksek kalite standartlar\u0131na uygun hale getirilir. \u00dcretim s\u00fcrecimiz, hem do\u011fal kaynaklar\u0131n verimli kullan\u0131m\u0131 hem de \u00e7evreye duyarl\u0131l\u0131k ilkesi do\u011frultusunda y\u00fcr\u00fct\u00fclmektedir.<\/p><p>Kum oca\u011f\u0131m\u0131zda \u00fcretilen kumlar; ba\u015fta beton \u00fcretimi olmak \u00fczere s\u0131va, har\u00e7 ve zemin dolgusu gibi \u00e7e\u015fitli uygulamalarda kullan\u0131lmaktad\u0131r. Kumun tane yap\u0131s\u0131, temizlik seviyesi ve fiziksel \u00f6zellikleri, kullan\u0131m alan\u0131na g\u00f6re \u00f6zenle kontrol edilmekte, her projeye uygun \u00fcr\u00fcnler sunulmaktad\u0131r. Gerek ince yap\u0131l\u0131 y\u0131kanm\u0131\u015f kum , gerek daha iri taneli dolgu kumlar\u0131yla , hem teknik gereklilikleri kar\u015f\u0131l\u0131yor hem de uzun \u00f6m\u00fcrl\u00fc ve sa\u011flam yap\u0131lar i\u00e7in ideal \u00e7\u00f6z\u00fcmler \u00fcretiyoruz. Kum oca\u011f\u0131m\u0131z \u00fcretim g\u00fcc\u00fcn\u00fc destekleyen \u00f6nemli kaynaklardan biri olarak faaliyetlerini s\u00fcrd\u00fcrmektedir.<\/p>\t\t\t\t\t\t\t\t<\/div>\n\t\t\t\t<\/div>\n\t\t\t\t<\/div>\n\t\t<div class=\"elementor-element elementor-element-245b9dd1 e-con-full e-flex e-con e-child\" data-id=\"245b9dd1\" data-element_type=\"container\">\n\t\t\t\t<div class=\"elementor-element elementor-element-211148c5 elementor-widget elementor-widget-image\" data-id=\"211148c5\" data-element_type=\"widget\" data-widget_type=\"image.default\">\n\t\t\t\t<div class=\"elementor-widget-container\">\n\t\t\t\t\t\t\t\t\t\t\t\t\t\t\t<img fetchpriority=\"high\" decoding=\"async\" width=\"600\" height=\"400\" src=\"https:\/\/ekenlergrup.com\/wp-content\/uploads\/2025\/06\/kumocagi.jpg\" class=\"attachment-full size-full wp-image-898\" alt=\"\" srcset=\"https:\/\/ekenlergrup.com\/wp-content\/uploads\/2025\/06\/kumocagi.jpg 600w, https:\/\/ekenlergrup.com\/wp-content\/uploads\/2025\/06\/kumocagi-300x200.jpg 300w\" sizes=\"(max-width: 600px) 100vw, 600px\" \/>\t\t\t\t\t\t\t\t\t\t\t\t\t\t\t<\/div>\n\t\t\t\t<\/div>\n\t\t\t\t<\/div>\n\t\t\t\t<\/div>\n\t\t\t\t\t<\/div>\n\t\t\t\t<\/div>\n\t\t<div class=\"elementor-element elementor-element-1719775c e-flex e-con-boxed e-con e-parent\" data-id=\"1719775c\" data-element_type=\"container\" data-settings=\"{&quot;background_background&quot;:&quot;classic&quot;}\">\n\t\t\t\t\t<div class=\"e-con-inner\">\n\t\t<div class=\"elementor-element elementor-element-431dd581 e-con-full e-flex e-con e-child\" data-id=\"431dd581\" data-element_type=\"container\">\n\t\t\t\t<div class=\"elementor-element elementor-element-39b2af52 elementor-widget elementor-widget-heading\" data-id=\"39b2af52\" data-element_type=\"widget\" data-widget_type=\"heading.default\">\n\t\t\t\t<div class=\"elementor-widget-container\">\n\t\t\t\t\t<h2 class=\"elementor-heading-title elementor-size-default\">WhastApp \u00dczerinden Bize Ula\u015f\u0131n.<\/h2>\t\t\t\t<\/div>\n\t\t\t\t<\/div>\n\t\t\t\t<\/div>\n\t\t<div class=\"elementor-element elementor-element-43598ae9 e-con-full e-flex e-con e-child\" data-id=\"43598ae9\" data-element_type=\"container\">\n\t\t\t\t<div class=\"elementor-element elementor-element-460fc166 elementor-widget elementor-widget-ot-btn\" data-id=\"460fc166\" data-element_type=\"widget\" data-widget_type=\"ot-btn.default\">\n\t\t\t\t<div class=\"elementor-widget-container\">\n\t\t\t\t\t\t\t<div class=\"ot-button-wrapper\">\r\n\t\t\t<a href=\"https:\/\/api.whatsapp.com\/send\/?phone=905326001558\" class=\"octf-btn with-icon\">\r\n\t\t\t\tWhastApp \t\t\t\t\t\t\t\t\t<svg aria-hidden=\"true\" class=\"e-font-icon-svg e-fas-chevron-right\" viewBox=\"0 0 320 512\" xmlns=\"http:\/\/www.w3.org\/2000\/svg\"><path d=\"M285.476 272.971L91.132 467.314c-9.373 9.373-24.569 9.373-33.941 0l-22.667-22.667c-9.357-9.357-9.375-24.522-.04-33.901L188.505 256 34.484 101.255c-9.335-9.379-9.317-24.544.04-33.901l22.667-22.667c9.373-9.373 24.569-9.373 33.941 0L285.475 239.03c9.373 9.372 9.373 24.568.001 33.941z\"><\/path><\/svg>\t\t\t\t\t\t\t<\/a>\r\n\t    <\/div>\r\n\t    \t\t\t\t<\/div>\n\t\t\t\t<\/div>\n\t\t\t\t<\/div>\n\t\t\t\t\t<\/div>\n\t\t\t\t<\/div>\n\t\t\t\t<\/div>\n\t\t","protected":false},"excerpt":{"rendered":"<p>B\u00fcnyemizde yer alan kum oca\u011f\u0131m\u0131zda, in\u015faat ve altyap\u0131 sekt\u00f6rlerinin ihtiya\u00e7 duydu\u011fu nitelikli kum \u00fcretimini titizlikle ger\u00e7ekle\u015ftirmekteyiz. Oca\u011f\u0131m\u0131zdan \u00e7\u0131kar\u0131lan kumlar, modern tesislerimizde y\u0131kanarak ve elenerek y\u00fcksek kalite standartlar\u0131na uygun hale getirilir. \u00dcretim s\u00fcrecimiz, hem do\u011fal kaynaklar\u0131n verimli kullan\u0131m\u0131 hem de \u00e7evreye duyarl\u0131l\u0131k ilkesi do\u011frultusunda y\u00fcr\u00fct\u00fclmektedir. Kum oca\u011f\u0131m\u0131zda \u00fcretilen kumlar; ba\u015fta beton \u00fcretimi olmak \u00fczere s\u0131va, har\u00e7 [&hellip;]<\/p>\n","protected":false},"author":1,"featured_media":852,"parent":0,"menu_order":0,"comment_status":"closed","ping_status":"closed","template":"","meta":{"footnotes":""},"class_list":["post-569","page","type-page","status-publish","has-post-thumbnail","hentry"],"yoast_head":"<!-- This site is optimized with the Yoast SEO plugin v25.8 - https:\/\/yoast.com\/wordpress\/plugins\/seo\/ -->\r\n<title>KUM OCA\u011eI - EKENLERGRUP<\/title>\r\n<meta name=\"robots\" content=\"index, follow, max-snippet:-1, max-image-preview:large, max-video-preview:-1\" \/>\r\n<link rel=\"canonical\" href=\"https:\/\/ekenlergrup.com\/index.php\/kum-ocagi\/\" \/>\r\n<meta property=\"og:locale\" content=\"tr_TR\" \/>\r\n<meta property=\"og:type\" content=\"article\" \/>\r\n<meta property=\"og:title\" content=\"KUM OCA\u011eI - EKENLERGRUP\" \/>\r\n<meta property=\"og:description\" content=\"B\u00fcnyemizde yer alan kum oca\u011f\u0131m\u0131zda, in\u015faat ve altyap\u0131 sekt\u00f6rlerinin ihtiya\u00e7 duydu\u011fu nitelikli kum \u00fcretimini titizlikle ger\u00e7ekle\u015ftirmekteyiz. Oca\u011f\u0131m\u0131zdan \u00e7\u0131kar\u0131lan kumlar, modern tesislerimizde y\u0131kanarak ve elenerek y\u00fcksek kalite standartlar\u0131na uygun hale getirilir. \u00dcretim s\u00fcrecimiz, hem do\u011fal kaynaklar\u0131n verimli kullan\u0131m\u0131 hem de \u00e7evreye duyarl\u0131l\u0131k ilkesi do\u011frultusunda y\u00fcr\u00fct\u00fclmektedir. Kum oca\u011f\u0131m\u0131zda \u00fcretilen kumlar; ba\u015fta beton \u00fcretimi olmak \u00fczere s\u0131va, har\u00e7 [&hellip;]\" \/>\r\n<meta property=\"og:url\" content=\"https:\/\/ekenlergrup.com\/index.php\/kum-ocagi\/\" \/>\r\n<meta property=\"og:site_name\" content=\"EKENLERGRUP\" \/>\r\n<meta property=\"article:publisher\" content=\"https:\/\/www.facebook.com\/ekenlermadencilik\" \/>\r\n<meta property=\"article:modified_time\" content=\"2025-07-07T17:22:02+00:00\" \/>\r\n<meta property=\"og:image\" content=\"https:\/\/ekenlergrup.com\/wp-content\/uploads\/2025\/06\/bannerklllkk.jpg\" \/>\r\n\t<meta property=\"og:image:width\" content=\"1900\" \/>\r\n\t<meta property=\"og:image:height\" content=\"571\" \/>\r\n\t<meta property=\"og:image:type\" content=\"image\/jpeg\" \/>\r\n<meta name=\"twitter:card\" content=\"summary_large_image\" \/>\r\n<meta name=\"twitter:label1\" content=\"Tahmini okuma s\u00fcresi\" \/>\n\t<meta name=\"twitter:data1\" content=\"1 dakika\" \/>\r\n<script type=\"application\/ld+json\" class=\"yoast-schema-graph\">{\"@context\":\"https:\/\/schema.org\",\"@graph\":[{\"@type\":\"WebPage\",\"@id\":\"https:\/\/ekenlergrup.com\/index.php\/kum-ocagi\/\",\"url\":\"https:\/\/ekenlergrup.com\/index.php\/kum-ocagi\/\",\"name\":\"KUM OCA\u011eI - EKENLERGRUP\",\"isPartOf\":{\"@id\":\"https:\/\/ekenlergrup.com\/#website\"},\"primaryImageOfPage\":{\"@id\":\"https:\/\/ekenlergrup.com\/index.php\/kum-ocagi\/#primaryimage\"},\"image\":{\"@id\":\"https:\/\/ekenlergrup.com\/index.php\/kum-ocagi\/#primaryimage\"},\"thumbnailUrl\":\"https:\/\/ekenlergrup.com\/wp-content\/uploads\/2025\/06\/bannerklllkk.jpg\",\"datePublished\":\"2025-06-19T14:22:50+00:00\",\"dateModified\":\"2025-07-07T17:22:02+00:00\",\"breadcrumb\":{\"@id\":\"https:\/\/ekenlergrup.com\/index.php\/kum-ocagi\/#breadcrumb\"},\"inLanguage\":\"tr\",\"potentialAction\":[{\"@type\":\"ReadAction\",\"target\":[\"https:\/\/ekenlergrup.com\/index.php\/kum-ocagi\/\"]}]},{\"@type\":\"ImageObject\",\"inLanguage\":\"tr\",\"@id\":\"https:\/\/ekenlergrup.com\/index.php\/kum-ocagi\/#primaryimage\",\"url\":\"https:\/\/ekenlergrup.com\/wp-content\/uploads\/2025\/06\/bannerklllkk.jpg\",\"contentUrl\":\"https:\/\/ekenlergrup.com\/wp-content\/uploads\/2025\/06\/bannerklllkk.jpg\",\"width\":1900,\"height\":571},{\"@type\":\"BreadcrumbList\",\"@id\":\"https:\/\/ekenlergrup.com\/index.php\/kum-ocagi\/#breadcrumb\",\"itemListElement\":[{\"@type\":\"ListItem\",\"position\":1,\"name\":\"Home\",\"item\":\"https:\/\/ekenlergrup.com\/\"},{\"@type\":\"ListItem\",\"position\":2,\"name\":\"KUM OCA\u011eI\"}]},{\"@type\":\"WebSite\",\"@id\":\"https:\/\/ekenlergrup.com\/#website\",\"url\":\"https:\/\/ekenlergrup.com\/\",\"name\":\"EKENLERGRUP\",\"description\":\"\",\"publisher\":{\"@id\":\"https:\/\/ekenlergrup.com\/#organization\"},\"potentialAction\":[{\"@type\":\"SearchAction\",\"target\":{\"@type\":\"EntryPoint\",\"urlTemplate\":\"https:\/\/ekenlergrup.com\/?s={search_term_string}\"},\"query-input\":{\"@type\":\"PropertyValueSpecification\",\"valueRequired\":true,\"valueName\":\"search_term_string\"}}],\"inLanguage\":\"tr\"},{\"@type\":\"Organization\",\"@id\":\"https:\/\/ekenlergrup.com\/#organization\",\"name\":\"EKENLERGRUP\",\"url\":\"https:\/\/ekenlergrup.com\/\",\"logo\":{\"@type\":\"ImageObject\",\"inLanguage\":\"tr\",\"@id\":\"https:\/\/ekenlergrup.com\/#\/schema\/logo\/image\/\",\"url\":\"https:\/\/ekenlergrup.com\/wp-content\/uploads\/2025\/07\/ekenlergrupalt.png\",\"contentUrl\":\"https:\/\/ekenlergrup.com\/wp-content\/uploads\/2025\/07\/ekenlergrupalt.png\",\"width\":400,\"height\":168,\"caption\":\"EKENLERGRUP\"},\"image\":{\"@id\":\"https:\/\/ekenlergrup.com\/#\/schema\/logo\/image\/\"},\"sameAs\":[\"https:\/\/www.facebook.com\/ekenlermadencilik\",\"https:\/\/www.instagram.com\/ekenlerbeton\/\",\"https:\/\/www.linkedin.com\/company\/ekenler-beton\/\"]}]}<\/script>\r\n<!-- \/ Yoast SEO plugin. -->","yoast_head_json":{"title":"KUM OCA\u011eI - EKENLERGRUP","robots":{"index":"index","follow":"follow","max-snippet":"max-snippet:-1","max-image-preview":"max-image-preview:large","max-video-preview":"max-video-preview:-1"},"canonical":"https:\/\/ekenlergrup.com\/index.php\/kum-ocagi\/","og_locale":"tr_TR","og_type":"article","og_title":"KUM OCA\u011eI - EKENLERGRUP","og_description":"B\u00fcnyemizde yer alan kum oca\u011f\u0131m\u0131zda, in\u015faat ve altyap\u0131 sekt\u00f6rlerinin ihtiya\u00e7 duydu\u011fu nitelikli kum \u00fcretimini titizlikle ger\u00e7ekle\u015ftirmekteyiz. Oca\u011f\u0131m\u0131zdan \u00e7\u0131kar\u0131lan kumlar, modern tesislerimizde y\u0131kanarak ve elenerek y\u00fcksek kalite standartlar\u0131na uygun hale getirilir. \u00dcretim s\u00fcrecimiz, hem do\u011fal kaynaklar\u0131n verimli kullan\u0131m\u0131 hem de \u00e7evreye duyarl\u0131l\u0131k ilkesi do\u011frultusunda y\u00fcr\u00fct\u00fclmektedir. Kum oca\u011f\u0131m\u0131zda \u00fcretilen kumlar; ba\u015fta beton \u00fcretimi olmak \u00fczere s\u0131va, har\u00e7 [&hellip;]","og_url":"https:\/\/ekenlergrup.com\/index.php\/kum-ocagi\/","og_site_name":"EKENLERGRUP","article_publisher":"https:\/\/www.facebook.com\/ekenlermadencilik","article_modified_time":"2025-07-07T17:22:02+00:00","og_image":[{"width":1900,"height":571,"url":"https:\/\/ekenlergrup.com\/wp-content\/uploads\/2025\/06\/bannerklllkk.jpg","type":"image\/jpeg"}],"twitter_card":"summary_large_image","twitter_misc":{"Tahmini okuma s\u00fcresi":"1 dakika"},"schema":{"@context":"https:\/\/schema.org","@graph":[{"@type":"WebPage","@id":"https:\/\/ekenlergrup.com\/index.php\/kum-ocagi\/","url":"https:\/\/ekenlergrup.com\/index.php\/kum-ocagi\/","name":"KUM OCA\u011eI - EKENLERGRUP","isPartOf":{"@id":"https:\/\/ekenlergrup.com\/#website"},"primaryImageOfPage":{"@id":"https:\/\/ekenlergrup.com\/index.php\/kum-ocagi\/#primaryimage"},"image":{"@id":"https:\/\/ekenlergrup.com\/index.php\/kum-ocagi\/#primaryimage"},"thumbnailUrl":"https:\/\/ekenlergrup.com\/wp-content\/uploads\/2025\/06\/bannerklllkk.jpg","datePublished":"2025-06-19T14:22:50+00:00","dateModified":"2025-07-07T17:22:02+00:00","breadcrumb":{"@id":"https:\/\/ekenlergrup.com\/index.php\/kum-ocagi\/#breadcrumb"},"inLanguage":"tr","potentialAction":[{"@type":"ReadAction","target":["https:\/\/ekenlergrup.com\/index.php\/kum-ocagi\/"]}]},{"@type":"ImageObject","inLanguage":"tr","@id":"https:\/\/ekenlergrup.com\/index.php\/kum-ocagi\/#primaryimage","url":"https:\/\/ekenlergrup.com\/wp-content\/uploads\/2025\/06\/bannerklllkk.jpg","contentUrl":"https:\/\/ekenlergrup.com\/wp-content\/uploads\/2025\/06\/bannerklllkk.jpg","width":1900,"height":571},{"@type":"BreadcrumbList","@id":"https:\/\/ekenlergrup.com\/index.php\/kum-ocagi\/#breadcrumb","itemListElement":[{"@type":"ListItem","position":1,"name":"Home","item":"https:\/\/ekenlergrup.com\/"},{"@type":"ListItem","position":2,"name":"KUM OCA\u011eI"}]},{"@type":"WebSite","@id":"https:\/\/ekenlergrup.com\/#website","url":"https:\/\/ekenlergrup.com\/","name":"EKENLERGRUP","description":"","publisher":{"@id":"https:\/\/ekenlergrup.com\/#organization"},"potentialAction":[{"@type":"SearchAction","target":{"@type":"EntryPoint","urlTemplate":"https:\/\/ekenlergrup.com\/?s={search_term_string}"},"query-input":{"@type":"PropertyValueSpecification","valueRequired":true,"valueName":"search_term_string"}}],"inLanguage":"tr"},{"@type":"Organization","@id":"https:\/\/ekenlergrup.com\/#organization","name":"EKENLERGRUP","url":"https:\/\/ekenlergrup.com\/","logo":{"@type":"ImageObject","inLanguage":"tr","@id":"https:\/\/ekenlergrup.com\/#\/schema\/logo\/image\/","url":"https:\/\/ekenlergrup.com\/wp-content\/uploads\/2025\/07\/ekenlergrupalt.png","contentUrl":"https:\/\/ekenlergrup.com\/wp-content\/uploads\/2025\/07\/ekenlergrupalt.png","width":400,"height":168,"caption":"EKENLERGRUP"},"image":{"@id":"https:\/\/ekenlergrup.com\/#\/schema\/logo\/image\/"},"sameAs":["https:\/\/www.facebook.com\/ekenlermadencilik","https:\/\/www.instagram.com\/ekenlerbeton\/","https:\/\/www.linkedin.com\/company\/ekenler-beton\/"]}]}},"_links":{"self":[{"href":"https:\/\/ekenlergrup.com\/index.php\/wp-json\/wp\/v2\/pages\/569","targetHints":{"allow":["GET"]}}],"collection":[{"href":"https:\/\/ekenlergrup.com\/index.php\/wp-json\/wp\/v2\/pages"}],"about":[{"href":"https:\/\/ekenlergrup.com\/index.php\/wp-json\/wp\/v2\/types\/page"}],"author":[{"embeddable":true,"href":"https:\/\/ekenlergrup.com\/index.php\/wp-json\/wp\/v2\/users\/1"}],"replies":[{"embeddable":true,"href":"https:\/\/ekenlergrup.com\/index.php\/wp-json\/wp\/v2\/comments?post=569"}],"version-history":[{"count":28,"href":"https:\/\/ekenlergrup.com\/index.php\/wp-json\/wp\/v2\/pages\/569\/revisions"}],"predecessor-version":[{"id":1068,"href":"https:\/\/ekenlergrup.com\/index.php\/wp-json\/wp\/v2\/pages\/569\/revisions\/1068"}],"wp:featuredmedia":[{"embeddable":true,"href":"https:\/\/ekenlergrup.com\/index.php\/wp-json\/wp\/v2\/media\/852"}],"wp:attachment":[{"href":"https:\/\/ekenlergrup.com\/index.php\/wp-json\/wp\/v2\/media?parent=569"}],"curies":[{"name":"wp","href":"https:\/\/api.w.org\/{rel}","templated":true}]}}