{"id":577,"date":"2025-06-19T14:28:33","date_gmt":"2025-06-19T14:28:33","guid":{"rendered":"https:\/\/ekenlergrup.com\/?page_id=577"},"modified":"2025-07-07T17:15:46","modified_gmt":"2025-07-07T17:15:46","slug":"insaat","status":"publish","type":"page","link":"https:\/\/ekenlergrup.com\/index.php\/insaat\/","title":{"rendered":"\u0130N\u015eAAT"},"content":{"rendered":"\t\t<div data-elementor-type=\"wp-page\" data-elementor-id=\"577\" class=\"elementor elementor-577\">\n\t\t\t\t<div class=\"elementor-element elementor-element-12b7f380 elementor-hidden-tablet elementor-hidden-mobile e-flex e-con-boxed e-con e-parent\" data-id=\"12b7f380\" data-element_type=\"container\" data-settings=\"{&quot;background_background&quot;:&quot;classic&quot;}\">\n\t\t\t\t\t<div class=\"e-con-inner\">\n\t\t\t\t\t<\/div>\n\t\t\t\t<\/div>\n\t\t<div class=\"elementor-element elementor-element-581e68f7 e-flex e-con-boxed e-con e-parent\" data-id=\"581e68f7\" data-element_type=\"container\" data-settings=\"{&quot;background_background&quot;:&quot;classic&quot;}\">\n\t\t\t\t\t<div class=\"e-con-inner\">\n\t\t<div class=\"elementor-element elementor-element-16fbea9c e-con-full e-flex e-con e-child\" data-id=\"16fbea9c\" data-element_type=\"container\">\n\t\t<div class=\"elementor-element elementor-element-7eaa3cf9 e-con-full e-flex e-con e-child\" data-id=\"7eaa3cf9\" data-element_type=\"container\">\n\t\t\t\t<div class=\"elementor-element elementor-element-6222f93a elementor-widget elementor-widget-text-editor\" data-id=\"6222f93a\" data-element_type=\"widget\" data-widget_type=\"text-editor.default\">\n\t\t\t\t<div class=\"elementor-widget-container\">\n\t\t\t\t\t\t\t\t\t<p>Firmam\u0131z, in\u015faat sekt\u00f6r\u00fcnde \u00fcstyap\u0131 projelerine odaklanarak; konut, ticari yap\u0131 ve end\u00fcstriyel tesis in\u015faatlar\u0131nda g\u00fcvenilir ve kaliteli \u00e7\u00f6z\u00fcmler sunmaktad\u0131r. Proje geli\u015ftirme, planlama, m\u00fchendislik ve uygulama s\u00fcre\u00e7lerinin tamam\u0131, deneyimli ekipler taraf\u0131ndan \u00e7a\u011fda\u015f mimari anlay\u0131\u015f ve teknik standartlara uygun \u015fekilde y\u00fcr\u00fct\u00fclmektedir.<\/p><p>Her bir yap\u0131da; sa\u011flaml\u0131k, estetik ve i\u015flevselli\u011fi \u00f6n planda tutarak, kullan\u0131c\u0131 ihtiya\u00e7lar\u0131na uygun, s\u00fcrd\u00fcr\u00fclebilir ve uzun \u00f6m\u00fcrl\u00fc yap\u0131lar hayata ge\u00e7irilmektedir. \u0130n\u015faat projelerimizde, \u00e7evreye duyarl\u0131l\u0131k ve i\u015f sa\u011fl\u0131\u011f\u0131 g\u00fcvenli\u011fi ilkeleri titizlikle uygulanmaktad\u0131r.<\/p><p>Sahip oldu\u011fumuz teknik kapasite ve saha tecr\u00fcbesiyle, sadece yap\u0131 in\u015fa etmekle kalm\u0131yor; bulundu\u011fumuz b\u00f6lgelere de\u011fer katan, ya\u015fam kalitesini art\u0131ran projelere imza at\u0131yoruz.<\/p>\t\t\t\t\t\t\t\t<\/div>\n\t\t\t\t<\/div>\n\t\t\t\t<\/div>\n\t\t<div class=\"elementor-element elementor-element-4c43f270 e-con-full e-flex e-con e-child\" data-id=\"4c43f270\" data-element_type=\"container\">\n\t\t\t\t<div class=\"elementor-element elementor-element-4bf14579 elementor-widget elementor-widget-image\" data-id=\"4bf14579\" data-element_type=\"widget\" data-widget_type=\"image.default\">\n\t\t\t\t<div class=\"elementor-widget-container\">\n\t\t\t\t\t\t\t\t\t\t\t\t\t\t\t<img fetchpriority=\"high\" decoding=\"async\" width=\"300\" height=\"300\" src=\"https:\/\/ekenlergrup.com\/wp-content\/uploads\/2025\/07\/insaat-300x300.jpg\" class=\"attachment-medium size-medium wp-image-999\" alt=\"\" srcset=\"https:\/\/ekenlergrup.com\/wp-content\/uploads\/2025\/07\/insaat-300x300.jpg 300w, https:\/\/ekenlergrup.com\/wp-content\/uploads\/2025\/07\/insaat-150x150.jpg 150w, https:\/\/ekenlergrup.com\/wp-content\/uploads\/2025\/07\/insaat.jpg 700w\" sizes=\"(max-width: 300px) 100vw, 300px\" \/>\t\t\t\t\t\t\t\t\t\t\t\t\t\t\t<\/div>\n\t\t\t\t<\/div>\n\t\t\t\t<\/div>\n\t\t\t\t<\/div>\n\t\t\t\t\t<\/div>\n\t\t\t\t<\/div>\n\t\t<div class=\"elementor-element elementor-element-73a148eb e-flex e-con-boxed e-con e-parent\" data-id=\"73a148eb\" data-element_type=\"container\" data-settings=\"{&quot;background_background&quot;:&quot;classic&quot;}\">\n\t\t\t\t\t<div class=\"e-con-inner\">\n\t\t<div class=\"elementor-element elementor-element-6d34182 e-con-full e-flex e-con e-child\" data-id=\"6d34182\" data-element_type=\"container\">\n\t\t\t\t<div class=\"elementor-element elementor-element-6349f1a9 elementor-widget elementor-widget-heading\" data-id=\"6349f1a9\" data-element_type=\"widget\" data-widget_type=\"heading.default\">\n\t\t\t\t<div class=\"elementor-widget-container\">\n\t\t\t\t\t<h2 class=\"elementor-heading-title elementor-size-default\">WhastApp \u00dczerinden Bize Ula\u015f\u0131n.<\/h2>\t\t\t\t<\/div>\n\t\t\t\t<\/div>\n\t\t\t\t<\/div>\n\t\t<div class=\"elementor-element elementor-element-6736009d e-con-full e-flex e-con e-child\" data-id=\"6736009d\" data-element_type=\"container\">\n\t\t\t\t<div class=\"elementor-element elementor-element-2db5e576 elementor-widget elementor-widget-ot-btn\" data-id=\"2db5e576\" data-element_type=\"widget\" data-widget_type=\"ot-btn.default\">\n\t\t\t\t<div class=\"elementor-widget-container\">\n\t\t\t\t\t\t\t<div class=\"ot-button-wrapper\">\r\n\t\t\t<a href=\"https:\/\/api.whatsapp.com\/send\/?phone=905326001558\" class=\"octf-btn with-icon\">\r\n\t\t\t\tWhastApp \t\t\t\t\t\t\t\t\t<svg aria-hidden=\"true\" class=\"e-font-icon-svg e-fas-chevron-right\" viewBox=\"0 0 320 512\" xmlns=\"http:\/\/www.w3.org\/2000\/svg\"><path d=\"M285.476 272.971L91.132 467.314c-9.373 9.373-24.569 9.373-33.941 0l-22.667-22.667c-9.357-9.357-9.375-24.522-.04-33.901L188.505 256 34.484 101.255c-9.335-9.379-9.317-24.544.04-33.901l22.667-22.667c9.373-9.373 24.569-9.373 33.941 0L285.475 239.03c9.373 9.372 9.373 24.568.001 33.941z\"><\/path><\/svg>\t\t\t\t\t\t\t<\/a>\r\n\t    <\/div>\r\n\t    \t\t\t\t<\/div>\n\t\t\t\t<\/div>\n\t\t\t\t<\/div>\n\t\t\t\t\t<\/div>\n\t\t\t\t<\/div>\n\t\t\t\t<\/div>\n\t\t","protected":false},"excerpt":{"rendered":"<p>Firmam\u0131z, in\u015faat sekt\u00f6r\u00fcnde \u00fcstyap\u0131 projelerine odaklanarak; konut, ticari yap\u0131 ve end\u00fcstriyel tesis in\u015faatlar\u0131nda g\u00fcvenilir ve kaliteli \u00e7\u00f6z\u00fcmler sunmaktad\u0131r. Proje geli\u015ftirme, planlama, m\u00fchendislik ve uygulama s\u00fcre\u00e7lerinin tamam\u0131, deneyimli ekipler taraf\u0131ndan \u00e7a\u011fda\u015f mimari anlay\u0131\u015f ve teknik standartlara uygun \u015fekilde y\u00fcr\u00fct\u00fclmektedir. Her bir yap\u0131da; sa\u011flaml\u0131k, estetik ve i\u015flevselli\u011fi \u00f6n planda tutarak, kullan\u0131c\u0131 ihtiya\u00e7lar\u0131na uygun, s\u00fcrd\u00fcr\u00fclebilir ve uzun \u00f6m\u00fcrl\u00fc [&hellip;]<\/p>\n","protected":false},"author":1,"featured_media":0,"parent":0,"menu_order":0,"comment_status":"closed","ping_status":"closed","template":"","meta":{"footnotes":""},"class_list":["post-577","page","type-page","status-publish","hentry"],"yoast_head":"<!-- This site is optimized with the Yoast SEO plugin v25.8 - https:\/\/yoast.com\/wordpress\/plugins\/seo\/ -->\r\n<title>\u0130N\u015eAAT - EKENLERGRUP<\/title>\r\n<meta name=\"robots\" content=\"index, follow, max-snippet:-1, max-image-preview:large, max-video-preview:-1\" \/>\r\n<link rel=\"canonical\" href=\"https:\/\/ekenlergrup.com\/index.php\/insaat\/\" \/>\r\n<meta property=\"og:locale\" content=\"tr_TR\" \/>\r\n<meta property=\"og:type\" content=\"article\" \/>\r\n<meta property=\"og:title\" content=\"\u0130N\u015eAAT - EKENLERGRUP\" \/>\r\n<meta property=\"og:description\" content=\"Firmam\u0131z, in\u015faat sekt\u00f6r\u00fcnde \u00fcstyap\u0131 projelerine odaklanarak; konut, ticari yap\u0131 ve end\u00fcstriyel tesis in\u015faatlar\u0131nda g\u00fcvenilir ve kaliteli \u00e7\u00f6z\u00fcmler sunmaktad\u0131r. Proje geli\u015ftirme, planlama, m\u00fchendislik ve uygulama s\u00fcre\u00e7lerinin tamam\u0131, deneyimli ekipler taraf\u0131ndan \u00e7a\u011fda\u015f mimari anlay\u0131\u015f ve teknik standartlara uygun \u015fekilde y\u00fcr\u00fct\u00fclmektedir. Her bir yap\u0131da; sa\u011flaml\u0131k, estetik ve i\u015flevselli\u011fi \u00f6n planda tutarak, kullan\u0131c\u0131 ihtiya\u00e7lar\u0131na uygun, s\u00fcrd\u00fcr\u00fclebilir ve uzun \u00f6m\u00fcrl\u00fc [&hellip;]\" \/>\r\n<meta property=\"og:url\" content=\"https:\/\/ekenlergrup.com\/index.php\/insaat\/\" \/>\r\n<meta property=\"og:site_name\" content=\"EKENLERGRUP\" \/>\r\n<meta property=\"article:publisher\" content=\"https:\/\/www.facebook.com\/ekenlermadencilik\" \/>\r\n<meta property=\"article:modified_time\" content=\"2025-07-07T17:15:46+00:00\" \/>\r\n<meta property=\"og:image\" content=\"https:\/\/ekenlergrup.com\/wp-content\/uploads\/2025\/07\/insaat.jpg\" \/>\r\n\t<meta property=\"og:image:width\" content=\"700\" \/>\r\n\t<meta property=\"og:image:height\" content=\"700\" \/>\r\n\t<meta property=\"og:image:type\" content=\"image\/jpeg\" \/>\r\n<meta name=\"twitter:card\" content=\"summary_large_image\" \/>\r\n<meta name=\"twitter:label1\" content=\"Tahmini okuma s\u00fcresi\" \/>\n\t<meta name=\"twitter:data1\" content=\"1 dakika\" \/>\r\n<script type=\"application\/ld+json\" class=\"yoast-schema-graph\">{\"@context\":\"https:\/\/schema.org\",\"@graph\":[{\"@type\":\"WebPage\",\"@id\":\"https:\/\/ekenlergrup.com\/index.php\/insaat\/\",\"url\":\"https:\/\/ekenlergrup.com\/index.php\/insaat\/\",\"name\":\"\u0130N\u015eAAT - EKENLERGRUP\",\"isPartOf\":{\"@id\":\"https:\/\/ekenlergrup.com\/#website\"},\"primaryImageOfPage\":{\"@id\":\"https:\/\/ekenlergrup.com\/index.php\/insaat\/#primaryimage\"},\"image\":{\"@id\":\"https:\/\/ekenlergrup.com\/index.php\/insaat\/#primaryimage\"},\"thumbnailUrl\":\"https:\/\/ekenlergrup.com\/wp-content\/uploads\/2025\/07\/insaat-300x300.jpg\",\"datePublished\":\"2025-06-19T14:28:33+00:00\",\"dateModified\":\"2025-07-07T17:15:46+00:00\",\"breadcrumb\":{\"@id\":\"https:\/\/ekenlergrup.com\/index.php\/insaat\/#breadcrumb\"},\"inLanguage\":\"tr\",\"potentialAction\":[{\"@type\":\"ReadAction\",\"target\":[\"https:\/\/ekenlergrup.com\/index.php\/insaat\/\"]}]},{\"@type\":\"ImageObject\",\"inLanguage\":\"tr\",\"@id\":\"https:\/\/ekenlergrup.com\/index.php\/insaat\/#primaryimage\",\"url\":\"https:\/\/ekenlergrup.com\/wp-content\/uploads\/2025\/07\/insaat.jpg\",\"contentUrl\":\"https:\/\/ekenlergrup.com\/wp-content\/uploads\/2025\/07\/insaat.jpg\",\"width\":700,\"height\":700},{\"@type\":\"BreadcrumbList\",\"@id\":\"https:\/\/ekenlergrup.com\/index.php\/insaat\/#breadcrumb\",\"itemListElement\":[{\"@type\":\"ListItem\",\"position\":1,\"name\":\"Home\",\"item\":\"https:\/\/ekenlergrup.com\/\"},{\"@type\":\"ListItem\",\"position\":2,\"name\":\"\u0130N\u015eAAT\"}]},{\"@type\":\"WebSite\",\"@id\":\"https:\/\/ekenlergrup.com\/#website\",\"url\":\"https:\/\/ekenlergrup.com\/\",\"name\":\"EKENLERGRUP\",\"description\":\"\",\"publisher\":{\"@id\":\"https:\/\/ekenlergrup.com\/#organization\"},\"potentialAction\":[{\"@type\":\"SearchAction\",\"target\":{\"@type\":\"EntryPoint\",\"urlTemplate\":\"https:\/\/ekenlergrup.com\/?s={search_term_string}\"},\"query-input\":{\"@type\":\"PropertyValueSpecification\",\"valueRequired\":true,\"valueName\":\"search_term_string\"}}],\"inLanguage\":\"tr\"},{\"@type\":\"Organization\",\"@id\":\"https:\/\/ekenlergrup.com\/#organization\",\"name\":\"EKENLERGRUP\",\"url\":\"https:\/\/ekenlergrup.com\/\",\"logo\":{\"@type\":\"ImageObject\",\"inLanguage\":\"tr\",\"@id\":\"https:\/\/ekenlergrup.com\/#\/schema\/logo\/image\/\",\"url\":\"https:\/\/ekenlergrup.com\/wp-content\/uploads\/2025\/07\/ekenlergrupalt.png\",\"contentUrl\":\"https:\/\/ekenlergrup.com\/wp-content\/uploads\/2025\/07\/ekenlergrupalt.png\",\"width\":400,\"height\":168,\"caption\":\"EKENLERGRUP\"},\"image\":{\"@id\":\"https:\/\/ekenlergrup.com\/#\/schema\/logo\/image\/\"},\"sameAs\":[\"https:\/\/www.facebook.com\/ekenlermadencilik\",\"https:\/\/www.instagram.com\/ekenlerbeton\/\",\"https:\/\/www.linkedin.com\/company\/ekenler-beton\/\"]}]}<\/script>\r\n<!-- \/ Yoast SEO plugin. -->","yoast_head_json":{"title":"\u0130N\u015eAAT - EKENLERGRUP","robots":{"index":"index","follow":"follow","max-snippet":"max-snippet:-1","max-image-preview":"max-image-preview:large","max-video-preview":"max-video-preview:-1"},"canonical":"https:\/\/ekenlergrup.com\/index.php\/insaat\/","og_locale":"tr_TR","og_type":"article","og_title":"\u0130N\u015eAAT - EKENLERGRUP","og_description":"Firmam\u0131z, in\u015faat sekt\u00f6r\u00fcnde \u00fcstyap\u0131 projelerine odaklanarak; konut, ticari yap\u0131 ve end\u00fcstriyel tesis in\u015faatlar\u0131nda g\u00fcvenilir ve kaliteli \u00e7\u00f6z\u00fcmler sunmaktad\u0131r. Proje geli\u015ftirme, planlama, m\u00fchendislik ve uygulama s\u00fcre\u00e7lerinin tamam\u0131, deneyimli ekipler taraf\u0131ndan \u00e7a\u011fda\u015f mimari anlay\u0131\u015f ve teknik standartlara uygun \u015fekilde y\u00fcr\u00fct\u00fclmektedir. Her bir yap\u0131da; sa\u011flaml\u0131k, estetik ve i\u015flevselli\u011fi \u00f6n planda tutarak, kullan\u0131c\u0131 ihtiya\u00e7lar\u0131na uygun, s\u00fcrd\u00fcr\u00fclebilir ve uzun \u00f6m\u00fcrl\u00fc [&hellip;]","og_url":"https:\/\/ekenlergrup.com\/index.php\/insaat\/","og_site_name":"EKENLERGRUP","article_publisher":"https:\/\/www.facebook.com\/ekenlermadencilik","article_modified_time":"2025-07-07T17:15:46+00:00","og_image":[{"width":700,"height":700,"url":"https:\/\/ekenlergrup.com\/wp-content\/uploads\/2025\/07\/insaat.jpg","type":"image\/jpeg"}],"twitter_card":"summary_large_image","twitter_misc":{"Tahmini okuma s\u00fcresi":"1 dakika"},"schema":{"@context":"https:\/\/schema.org","@graph":[{"@type":"WebPage","@id":"https:\/\/ekenlergrup.com\/index.php\/insaat\/","url":"https:\/\/ekenlergrup.com\/index.php\/insaat\/","name":"\u0130N\u015eAAT - EKENLERGRUP","isPartOf":{"@id":"https:\/\/ekenlergrup.com\/#website"},"primaryImageOfPage":{"@id":"https:\/\/ekenlergrup.com\/index.php\/insaat\/#primaryimage"},"image":{"@id":"https:\/\/ekenlergrup.com\/index.php\/insaat\/#primaryimage"},"thumbnailUrl":"https:\/\/ekenlergrup.com\/wp-content\/uploads\/2025\/07\/insaat-300x300.jpg","datePublished":"2025-06-19T14:28:33+00:00","dateModified":"2025-07-07T17:15:46+00:00","breadcrumb":{"@id":"https:\/\/ekenlergrup.com\/index.php\/insaat\/#breadcrumb"},"inLanguage":"tr","potentialAction":[{"@type":"ReadAction","target":["https:\/\/ekenlergrup.com\/index.php\/insaat\/"]}]},{"@type":"ImageObject","inLanguage":"tr","@id":"https:\/\/ekenlergrup.com\/index.php\/insaat\/#primaryimage","url":"https:\/\/ekenlergrup.com\/wp-content\/uploads\/2025\/07\/insaat.jpg","contentUrl":"https:\/\/ekenlergrup.com\/wp-content\/uploads\/2025\/07\/insaat.jpg","width":700,"height":700},{"@type":"BreadcrumbList","@id":"https:\/\/ekenlergrup.com\/index.php\/insaat\/#breadcrumb","itemListElement":[{"@type":"ListItem","position":1,"name":"Home","item":"https:\/\/ekenlergrup.com\/"},{"@type":"ListItem","position":2,"name":"\u0130N\u015eAAT"}]},{"@type":"WebSite","@id":"https:\/\/ekenlergrup.com\/#website","url":"https:\/\/ekenlergrup.com\/","name":"EKENLERGRUP","description":"","publisher":{"@id":"https:\/\/ekenlergrup.com\/#organization"},"potentialAction":[{"@type":"SearchAction","target":{"@type":"EntryPoint","urlTemplate":"https:\/\/ekenlergrup.com\/?s={search_term_string}"},"query-input":{"@type":"PropertyValueSpecification","valueRequired":true,"valueName":"search_term_string"}}],"inLanguage":"tr"},{"@type":"Organization","@id":"https:\/\/ekenlergrup.com\/#organization","name":"EKENLERGRUP","url":"https:\/\/ekenlergrup.com\/","logo":{"@type":"ImageObject","inLanguage":"tr","@id":"https:\/\/ekenlergrup.com\/#\/schema\/logo\/image\/","url":"https:\/\/ekenlergrup.com\/wp-content\/uploads\/2025\/07\/ekenlergrupalt.png","contentUrl":"https:\/\/ekenlergrup.com\/wp-content\/uploads\/2025\/07\/ekenlergrupalt.png","width":400,"height":168,"caption":"EKENLERGRUP"},"image":{"@id":"https:\/\/ekenlergrup.com\/#\/schema\/logo\/image\/"},"sameAs":["https:\/\/www.facebook.com\/ekenlermadencilik","https:\/\/www.instagram.com\/ekenlerbeton\/","https:\/\/www.linkedin.com\/company\/ekenler-beton\/"]}]}},"_links":{"self":[{"href":"https:\/\/ekenlergrup.com\/index.php\/wp-json\/wp\/v2\/pages\/577","targetHints":{"allow":["GET"]}}],"collection":[{"href":"https:\/\/ekenlergrup.com\/index.php\/wp-json\/wp\/v2\/pages"}],"about":[{"href":"https:\/\/ekenlergrup.com\/index.php\/wp-json\/wp\/v2\/types\/page"}],"author":[{"embeddable":true,"href":"https:\/\/ekenlergrup.com\/index.php\/wp-json\/wp\/v2\/users\/1"}],"replies":[{"embeddable":true,"href":"https:\/\/ekenlergrup.com\/index.php\/wp-json\/wp\/v2\/comments?post=577"}],"version-history":[{"count":18,"href":"https:\/\/ekenlergrup.com\/index.php\/wp-json\/wp\/v2\/pages\/577\/revisions"}],"predecessor-version":[{"id":1064,"href":"https:\/\/ekenlergrup.com\/index.php\/wp-json\/wp\/v2\/pages\/577\/revisions\/1064"}],"wp:attachment":[{"href":"https:\/\/ekenlergrup.com\/index.php\/wp-json\/wp\/v2\/media?parent=577"}],"curies":[{"name":"wp","href":"https:\/\/api.w.org\/{rel}","templated":true}]}}