{"id":754,"date":"2025-06-25T20:49:45","date_gmt":"2025-06-25T20:49:45","guid":{"rendered":"https:\/\/ekenlergrup.com\/?page_id=754"},"modified":"2025-07-07T17:04:27","modified_gmt":"2025-07-07T17:04:27","slug":"nakliyat","status":"publish","type":"page","link":"https:\/\/ekenlergrup.com\/index.php\/nakliyat\/","title":{"rendered":"HAFR\u0130YAT"},"content":{"rendered":"\t\t<div data-elementor-type=\"wp-page\" data-elementor-id=\"754\" class=\"elementor elementor-754\">\n\t\t\t\t<div class=\"elementor-element elementor-element-184f207f elementor-hidden-tablet elementor-hidden-mobile e-flex e-con-boxed e-con e-parent\" data-id=\"184f207f\" data-element_type=\"container\" data-settings=\"{&quot;background_background&quot;:&quot;classic&quot;}\">\n\t\t\t\t\t<div class=\"e-con-inner\">\n\t\t\t\t\t<\/div>\n\t\t\t\t<\/div>\n\t\t<div class=\"elementor-element elementor-element-61e88bca e-flex e-con-boxed e-con e-parent\" data-id=\"61e88bca\" data-element_type=\"container\" data-settings=\"{&quot;background_background&quot;:&quot;classic&quot;}\">\n\t\t\t\t\t<div class=\"e-con-inner\">\n\t\t<div class=\"elementor-element elementor-element-2157dfc0 e-con-full e-flex e-con e-child\" data-id=\"2157dfc0\" data-element_type=\"container\">\n\t\t<div class=\"elementor-element elementor-element-49b4f1ec e-con-full e-flex e-con e-child\" data-id=\"49b4f1ec\" data-element_type=\"container\">\n\t\t\t\t<div class=\"elementor-element elementor-element-796c05c4 elementor-widget elementor-widget-text-editor\" data-id=\"796c05c4\" data-element_type=\"widget\" data-widget_type=\"text-editor.default\">\n\t\t\t\t<div class=\"elementor-widget-container\">\n\t\t\t\t\t\t\t\t\t<p>Hafriyat alan\u0131nda da geni\u015f bir hizmet kapasitesine sahibiz. Projelerin ilk a\u015famas\u0131n\u0131 olu\u015fturan kaz\u0131, dolgu, ta\u015f\u0131ma ve saha d\u00fczenleme i\u015flemlerini, deneyimli ekiplerimiz ve g\u00fc\u00e7l\u00fc makine parkurumuz ile titizlikle y\u00fcr\u00fct\u00fcyoruz. Hafriyat \u00e7al\u0131\u015fmalar\u0131m\u0131zda hem \u015fehir i\u00e7i hem de b\u00fcy\u00fck \u00f6l\u00e7ekli altyap\u0131 ve \u00fcstyap\u0131 projelerine uygun \u00e7\u00f6z\u00fcmler sunmakta, her a\u015famada g\u00fcvenlik ve \u00e7evresel hassasiyetleri g\u00f6zetmekteyiz.<\/p><p>Zemin haz\u0131rl\u0131\u011f\u0131, temel kaz\u0131s\u0131, yol dolgusu ve \u015fantiye sahas\u0131 d\u00fczenlemeleri gibi s\u00fcre\u00e7lerde h\u0131zl\u0131, planl\u0131 ve kontroll\u00fc bir \u015fekilde hareket ederek, in\u015faat s\u00fcrecinin sorunsuz ilerlemesine katk\u0131 sa\u011fl\u0131yoruz. Sahip oldu\u011fumuz teknik donan\u0131m ve lojistik kapasite sayesinde, farkl\u0131 zemin ko\u015fullar\u0131nda ve farkl\u0131 proje ihtiya\u00e7lar\u0131nda y\u00fcksek verimlilikle hizmet verebilmekteyiz.<\/p><p>Hafriyat hizmetlerimizi yaln\u0131zca kaz\u0131 ve ta\u015f\u0131ma faaliyeti olarak de\u011fil, projeye de\u011fer katan bir m\u00fchendislik s\u00fcreci olarak g\u00f6r\u00fcyor; her i\u015fi, kalite, g\u00fcvenlik ve zaman\u0131nda teslim prensipleriyle tamaml\u0131yoruz.<\/p>\t\t\t\t\t\t\t\t<\/div>\n\t\t\t\t<\/div>\n\t\t\t\t<\/div>\n\t\t<div class=\"elementor-element elementor-element-7c25735d e-con-full e-flex e-con e-child\" data-id=\"7c25735d\" data-element_type=\"container\">\n\t\t\t\t<div class=\"elementor-element elementor-element-6ade22f elementor-widget elementor-widget-image\" data-id=\"6ade22f\" data-element_type=\"widget\" data-widget_type=\"image.default\">\n\t\t\t\t<div class=\"elementor-widget-container\">\n\t\t\t\t\t\t\t\t\t\t\t\t\t\t\t<img fetchpriority=\"high\" decoding=\"async\" width=\"300\" height=\"300\" src=\"https:\/\/ekenlergrup.com\/wp-content\/uploads\/2025\/06\/hafriyat-1-300x300.jpg\" class=\"attachment-medium size-medium wp-image-909\" alt=\"\" srcset=\"https:\/\/ekenlergrup.com\/wp-content\/uploads\/2025\/06\/hafriyat-1-300x300.jpg 300w, https:\/\/ekenlergrup.com\/wp-content\/uploads\/2025\/06\/hafriyat-1-150x150.jpg 150w, https:\/\/ekenlergrup.com\/wp-content\/uploads\/2025\/06\/hafriyat-1.jpg 600w\" sizes=\"(max-width: 300px) 100vw, 300px\" \/>\t\t\t\t\t\t\t\t\t\t\t\t\t\t\t<\/div>\n\t\t\t\t<\/div>\n\t\t\t\t<\/div>\n\t\t\t\t<\/div>\n\t\t\t\t\t<\/div>\n\t\t\t\t<\/div>\n\t\t<div class=\"elementor-element elementor-element-7ac50d8c e-flex e-con-boxed e-con e-parent\" data-id=\"7ac50d8c\" data-element_type=\"container\" data-settings=\"{&quot;background_background&quot;:&quot;classic&quot;}\">\n\t\t\t\t\t<div class=\"e-con-inner\">\n\t\t<div class=\"elementor-element elementor-element-f27ccd0 e-con-full e-flex e-con e-child\" data-id=\"f27ccd0\" data-element_type=\"container\">\n\t\t\t\t<div class=\"elementor-element elementor-element-20107921 elementor-widget elementor-widget-heading\" data-id=\"20107921\" data-element_type=\"widget\" data-widget_type=\"heading.default\">\n\t\t\t\t<div class=\"elementor-widget-container\">\n\t\t\t\t\t<h2 class=\"elementor-heading-title elementor-size-default\">WhastApp \u00dczerinden Bize Ula\u015f\u0131n.<\/h2>\t\t\t\t<\/div>\n\t\t\t\t<\/div>\n\t\t\t\t<\/div>\n\t\t<div class=\"elementor-element elementor-element-3abe38a3 e-con-full e-flex e-con e-child\" data-id=\"3abe38a3\" data-element_type=\"container\">\n\t\t\t\t<div class=\"elementor-element elementor-element-50536731 elementor-widget elementor-widget-ot-btn\" data-id=\"50536731\" data-element_type=\"widget\" data-widget_type=\"ot-btn.default\">\n\t\t\t\t<div class=\"elementor-widget-container\">\n\t\t\t\t\t\t\t<div class=\"ot-button-wrapper\">\r\n\t\t\t<a href=\"https:\/\/api.whatsapp.com\/send\/?phone=905326001558\" class=\"octf-btn with-icon\">\r\n\t\t\t\tWhastApp \t\t\t\t\t\t\t\t\t<svg aria-hidden=\"true\" class=\"e-font-icon-svg e-fas-chevron-right\" viewBox=\"0 0 320 512\" xmlns=\"http:\/\/www.w3.org\/2000\/svg\"><path d=\"M285.476 272.971L91.132 467.314c-9.373 9.373-24.569 9.373-33.941 0l-22.667-22.667c-9.357-9.357-9.375-24.522-.04-33.901L188.505 256 34.484 101.255c-9.335-9.379-9.317-24.544.04-33.901l22.667-22.667c9.373-9.373 24.569-9.373 33.941 0L285.475 239.03c9.373 9.372 9.373 24.568.001 33.941z\"><\/path><\/svg>\t\t\t\t\t\t\t<\/a>\r\n\t    <\/div>\r\n\t    \t\t\t\t<\/div>\n\t\t\t\t<\/div>\n\t\t\t\t<\/div>\n\t\t\t\t\t<\/div>\n\t\t\t\t<\/div>\n\t\t\t\t<\/div>\n\t\t","protected":false},"excerpt":{"rendered":"<p>Hafriyat alan\u0131nda da geni\u015f bir hizmet kapasitesine sahibiz. Projelerin ilk a\u015famas\u0131n\u0131 olu\u015fturan kaz\u0131, dolgu, ta\u015f\u0131ma ve saha d\u00fczenleme i\u015flemlerini, deneyimli ekiplerimiz ve g\u00fc\u00e7l\u00fc makine parkurumuz ile titizlikle y\u00fcr\u00fct\u00fcyoruz. Hafriyat \u00e7al\u0131\u015fmalar\u0131m\u0131zda hem \u015fehir i\u00e7i hem de b\u00fcy\u00fck \u00f6l\u00e7ekli altyap\u0131 ve \u00fcstyap\u0131 projelerine uygun \u00e7\u00f6z\u00fcmler sunmakta, her a\u015famada g\u00fcvenlik ve \u00e7evresel hassasiyetleri g\u00f6zetmekteyiz. Zemin haz\u0131rl\u0131\u011f\u0131, temel kaz\u0131s\u0131, [&hellip;]<\/p>\n","protected":false},"author":1,"featured_media":0,"parent":0,"menu_order":0,"comment_status":"closed","ping_status":"closed","template":"","meta":{"footnotes":""},"class_list":["post-754","page","type-page","status-publish","hentry"],"yoast_head":"<!-- This site is optimized with the Yoast SEO plugin v25.8 - https:\/\/yoast.com\/wordpress\/plugins\/seo\/ -->\r\n<title>HAFR\u0130YAT - EKENLERGRUP<\/title>\r\n<meta name=\"robots\" content=\"index, follow, max-snippet:-1, max-image-preview:large, max-video-preview:-1\" \/>\r\n<link rel=\"canonical\" href=\"https:\/\/ekenlergrup.com\/index.php\/nakliyat\/\" \/>\r\n<meta property=\"og:locale\" content=\"tr_TR\" \/>\r\n<meta property=\"og:type\" content=\"article\" \/>\r\n<meta property=\"og:title\" content=\"HAFR\u0130YAT - EKENLERGRUP\" \/>\r\n<meta property=\"og:description\" content=\"Hafriyat alan\u0131nda da geni\u015f bir hizmet kapasitesine sahibiz. Projelerin ilk a\u015famas\u0131n\u0131 olu\u015fturan kaz\u0131, dolgu, ta\u015f\u0131ma ve saha d\u00fczenleme i\u015flemlerini, deneyimli ekiplerimiz ve g\u00fc\u00e7l\u00fc makine parkurumuz ile titizlikle y\u00fcr\u00fct\u00fcyoruz. Hafriyat \u00e7al\u0131\u015fmalar\u0131m\u0131zda hem \u015fehir i\u00e7i hem de b\u00fcy\u00fck \u00f6l\u00e7ekli altyap\u0131 ve \u00fcstyap\u0131 projelerine uygun \u00e7\u00f6z\u00fcmler sunmakta, her a\u015famada g\u00fcvenlik ve \u00e7evresel hassasiyetleri g\u00f6zetmekteyiz. Zemin haz\u0131rl\u0131\u011f\u0131, temel kaz\u0131s\u0131, [&hellip;]\" \/>\r\n<meta property=\"og:url\" content=\"https:\/\/ekenlergrup.com\/index.php\/nakliyat\/\" \/>\r\n<meta property=\"og:site_name\" content=\"EKENLERGRUP\" \/>\r\n<meta property=\"article:publisher\" content=\"https:\/\/www.facebook.com\/ekenlermadencilik\" \/>\r\n<meta property=\"article:modified_time\" content=\"2025-07-07T17:04:27+00:00\" \/>\r\n<meta property=\"og:image\" content=\"https:\/\/ekenlergrup.com\/wp-content\/uploads\/2025\/06\/hafriyat-1.jpg\" \/>\r\n\t<meta property=\"og:image:width\" content=\"600\" \/>\r\n\t<meta property=\"og:image:height\" content=\"600\" \/>\r\n\t<meta property=\"og:image:type\" content=\"image\/jpeg\" \/>\r\n<meta name=\"twitter:card\" content=\"summary_large_image\" \/>\r\n<meta name=\"twitter:label1\" content=\"Tahmini okuma s\u00fcresi\" \/>\n\t<meta name=\"twitter:data1\" content=\"1 dakika\" \/>\r\n<script type=\"application\/ld+json\" class=\"yoast-schema-graph\">{\"@context\":\"https:\/\/schema.org\",\"@graph\":[{\"@type\":\"WebPage\",\"@id\":\"https:\/\/ekenlergrup.com\/index.php\/nakliyat\/\",\"url\":\"https:\/\/ekenlergrup.com\/index.php\/nakliyat\/\",\"name\":\"HAFR\u0130YAT - EKENLERGRUP\",\"isPartOf\":{\"@id\":\"https:\/\/ekenlergrup.com\/#website\"},\"primaryImageOfPage\":{\"@id\":\"https:\/\/ekenlergrup.com\/index.php\/nakliyat\/#primaryimage\"},\"image\":{\"@id\":\"https:\/\/ekenlergrup.com\/index.php\/nakliyat\/#primaryimage\"},\"thumbnailUrl\":\"https:\/\/ekenlergrup.com\/wp-content\/uploads\/2025\/06\/hafriyat-1-300x300.jpg\",\"datePublished\":\"2025-06-25T20:49:45+00:00\",\"dateModified\":\"2025-07-07T17:04:27+00:00\",\"breadcrumb\":{\"@id\":\"https:\/\/ekenlergrup.com\/index.php\/nakliyat\/#breadcrumb\"},\"inLanguage\":\"tr\",\"potentialAction\":[{\"@type\":\"ReadAction\",\"target\":[\"https:\/\/ekenlergrup.com\/index.php\/nakliyat\/\"]}]},{\"@type\":\"ImageObject\",\"inLanguage\":\"tr\",\"@id\":\"https:\/\/ekenlergrup.com\/index.php\/nakliyat\/#primaryimage\",\"url\":\"https:\/\/ekenlergrup.com\/wp-content\/uploads\/2025\/06\/hafriyat-1.jpg\",\"contentUrl\":\"https:\/\/ekenlergrup.com\/wp-content\/uploads\/2025\/06\/hafriyat-1.jpg\",\"width\":600,\"height\":600},{\"@type\":\"BreadcrumbList\",\"@id\":\"https:\/\/ekenlergrup.com\/index.php\/nakliyat\/#breadcrumb\",\"itemListElement\":[{\"@type\":\"ListItem\",\"position\":1,\"name\":\"Home\",\"item\":\"https:\/\/ekenlergrup.com\/\"},{\"@type\":\"ListItem\",\"position\":2,\"name\":\"HAFR\u0130YAT\"}]},{\"@type\":\"WebSite\",\"@id\":\"https:\/\/ekenlergrup.com\/#website\",\"url\":\"https:\/\/ekenlergrup.com\/\",\"name\":\"EKENLERGRUP\",\"description\":\"\",\"publisher\":{\"@id\":\"https:\/\/ekenlergrup.com\/#organization\"},\"potentialAction\":[{\"@type\":\"SearchAction\",\"target\":{\"@type\":\"EntryPoint\",\"urlTemplate\":\"https:\/\/ekenlergrup.com\/?s={search_term_string}\"},\"query-input\":{\"@type\":\"PropertyValueSpecification\",\"valueRequired\":true,\"valueName\":\"search_term_string\"}}],\"inLanguage\":\"tr\"},{\"@type\":\"Organization\",\"@id\":\"https:\/\/ekenlergrup.com\/#organization\",\"name\":\"EKENLERGRUP\",\"url\":\"https:\/\/ekenlergrup.com\/\",\"logo\":{\"@type\":\"ImageObject\",\"inLanguage\":\"tr\",\"@id\":\"https:\/\/ekenlergrup.com\/#\/schema\/logo\/image\/\",\"url\":\"https:\/\/ekenlergrup.com\/wp-content\/uploads\/2025\/07\/ekenlergrupalt.png\",\"contentUrl\":\"https:\/\/ekenlergrup.com\/wp-content\/uploads\/2025\/07\/ekenlergrupalt.png\",\"width\":400,\"height\":168,\"caption\":\"EKENLERGRUP\"},\"image\":{\"@id\":\"https:\/\/ekenlergrup.com\/#\/schema\/logo\/image\/\"},\"sameAs\":[\"https:\/\/www.facebook.com\/ekenlermadencilik\",\"https:\/\/www.instagram.com\/ekenlerbeton\/\",\"https:\/\/www.linkedin.com\/company\/ekenler-beton\/\"]}]}<\/script>\r\n<!-- \/ Yoast SEO plugin. -->","yoast_head_json":{"title":"HAFR\u0130YAT - EKENLERGRUP","robots":{"index":"index","follow":"follow","max-snippet":"max-snippet:-1","max-image-preview":"max-image-preview:large","max-video-preview":"max-video-preview:-1"},"canonical":"https:\/\/ekenlergrup.com\/index.php\/nakliyat\/","og_locale":"tr_TR","og_type":"article","og_title":"HAFR\u0130YAT - EKENLERGRUP","og_description":"Hafriyat alan\u0131nda da geni\u015f bir hizmet kapasitesine sahibiz. Projelerin ilk a\u015famas\u0131n\u0131 olu\u015fturan kaz\u0131, dolgu, ta\u015f\u0131ma ve saha d\u00fczenleme i\u015flemlerini, deneyimli ekiplerimiz ve g\u00fc\u00e7l\u00fc makine parkurumuz ile titizlikle y\u00fcr\u00fct\u00fcyoruz. Hafriyat \u00e7al\u0131\u015fmalar\u0131m\u0131zda hem \u015fehir i\u00e7i hem de b\u00fcy\u00fck \u00f6l\u00e7ekli altyap\u0131 ve \u00fcstyap\u0131 projelerine uygun \u00e7\u00f6z\u00fcmler sunmakta, her a\u015famada g\u00fcvenlik ve \u00e7evresel hassasiyetleri g\u00f6zetmekteyiz. Zemin haz\u0131rl\u0131\u011f\u0131, temel kaz\u0131s\u0131, [&hellip;]","og_url":"https:\/\/ekenlergrup.com\/index.php\/nakliyat\/","og_site_name":"EKENLERGRUP","article_publisher":"https:\/\/www.facebook.com\/ekenlermadencilik","article_modified_time":"2025-07-07T17:04:27+00:00","og_image":[{"width":600,"height":600,"url":"https:\/\/ekenlergrup.com\/wp-content\/uploads\/2025\/06\/hafriyat-1.jpg","type":"image\/jpeg"}],"twitter_card":"summary_large_image","twitter_misc":{"Tahmini okuma s\u00fcresi":"1 dakika"},"schema":{"@context":"https:\/\/schema.org","@graph":[{"@type":"WebPage","@id":"https:\/\/ekenlergrup.com\/index.php\/nakliyat\/","url":"https:\/\/ekenlergrup.com\/index.php\/nakliyat\/","name":"HAFR\u0130YAT - EKENLERGRUP","isPartOf":{"@id":"https:\/\/ekenlergrup.com\/#website"},"primaryImageOfPage":{"@id":"https:\/\/ekenlergrup.com\/index.php\/nakliyat\/#primaryimage"},"image":{"@id":"https:\/\/ekenlergrup.com\/index.php\/nakliyat\/#primaryimage"},"thumbnailUrl":"https:\/\/ekenlergrup.com\/wp-content\/uploads\/2025\/06\/hafriyat-1-300x300.jpg","datePublished":"2025-06-25T20:49:45+00:00","dateModified":"2025-07-07T17:04:27+00:00","breadcrumb":{"@id":"https:\/\/ekenlergrup.com\/index.php\/nakliyat\/#breadcrumb"},"inLanguage":"tr","potentialAction":[{"@type":"ReadAction","target":["https:\/\/ekenlergrup.com\/index.php\/nakliyat\/"]}]},{"@type":"ImageObject","inLanguage":"tr","@id":"https:\/\/ekenlergrup.com\/index.php\/nakliyat\/#primaryimage","url":"https:\/\/ekenlergrup.com\/wp-content\/uploads\/2025\/06\/hafriyat-1.jpg","contentUrl":"https:\/\/ekenlergrup.com\/wp-content\/uploads\/2025\/06\/hafriyat-1.jpg","width":600,"height":600},{"@type":"BreadcrumbList","@id":"https:\/\/ekenlergrup.com\/index.php\/nakliyat\/#breadcrumb","itemListElement":[{"@type":"ListItem","position":1,"name":"Home","item":"https:\/\/ekenlergrup.com\/"},{"@type":"ListItem","position":2,"name":"HAFR\u0130YAT"}]},{"@type":"WebSite","@id":"https:\/\/ekenlergrup.com\/#website","url":"https:\/\/ekenlergrup.com\/","name":"EKENLERGRUP","description":"","publisher":{"@id":"https:\/\/ekenlergrup.com\/#organization"},"potentialAction":[{"@type":"SearchAction","target":{"@type":"EntryPoint","urlTemplate":"https:\/\/ekenlergrup.com\/?s={search_term_string}"},"query-input":{"@type":"PropertyValueSpecification","valueRequired":true,"valueName":"search_term_string"}}],"inLanguage":"tr"},{"@type":"Organization","@id":"https:\/\/ekenlergrup.com\/#organization","name":"EKENLERGRUP","url":"https:\/\/ekenlergrup.com\/","logo":{"@type":"ImageObject","inLanguage":"tr","@id":"https:\/\/ekenlergrup.com\/#\/schema\/logo\/image\/","url":"https:\/\/ekenlergrup.com\/wp-content\/uploads\/2025\/07\/ekenlergrupalt.png","contentUrl":"https:\/\/ekenlergrup.com\/wp-content\/uploads\/2025\/07\/ekenlergrupalt.png","width":400,"height":168,"caption":"EKENLERGRUP"},"image":{"@id":"https:\/\/ekenlergrup.com\/#\/schema\/logo\/image\/"},"sameAs":["https:\/\/www.facebook.com\/ekenlermadencilik","https:\/\/www.instagram.com\/ekenlerbeton\/","https:\/\/www.linkedin.com\/company\/ekenler-beton\/"]}]}},"_links":{"self":[{"href":"https:\/\/ekenlergrup.com\/index.php\/wp-json\/wp\/v2\/pages\/754","targetHints":{"allow":["GET"]}}],"collection":[{"href":"https:\/\/ekenlergrup.com\/index.php\/wp-json\/wp\/v2\/pages"}],"about":[{"href":"https:\/\/ekenlergrup.com\/index.php\/wp-json\/wp\/v2\/types\/page"}],"author":[{"embeddable":true,"href":"https:\/\/ekenlergrup.com\/index.php\/wp-json\/wp\/v2\/users\/1"}],"replies":[{"embeddable":true,"href":"https:\/\/ekenlergrup.com\/index.php\/wp-json\/wp\/v2\/comments?post=754"}],"version-history":[{"count":29,"href":"https:\/\/ekenlergrup.com\/index.php\/wp-json\/wp\/v2\/pages\/754\/revisions"}],"predecessor-version":[{"id":1063,"href":"https:\/\/ekenlergrup.com\/index.php\/wp-json\/wp\/v2\/pages\/754\/revisions\/1063"}],"wp:attachment":[{"href":"https:\/\/ekenlergrup.com\/index.php\/wp-json\/wp\/v2\/media?parent=754"}],"curies":[{"name":"wp","href":"https:\/\/api.w.org\/{rel}","templated":true}]}}